{"id":2058,"date":"2019-05-09T15:08:46","date_gmt":"2019-05-09T15:08:46","guid":{"rendered":"https:\/\/penispowerspray.com\/?page_id=2058"},"modified":"2019-05-09T15:12:38","modified_gmt":"2019-05-09T15:12:38","slug":"srovnani-produktu","status":"publish","type":"page","link":"https:\/\/penispowerspray.com\/sk\/srovnani-produktu\/","title":{"rendered":"Srovn\u00e1n\u00ed produkt\u016f"},"content":{"rendered":"<p>[et_pb_section bb_built=&#8220;1&#8243; disabled_on=&#8220;on|on|off&#8220; _builder_version=&#8220;3.21.4&#8243; background_image=&#8220;https:\/\/penispowerspray.com\/wp-content\/uploads\/2019\/05\/sex-orgazmus-erekce.jpg&#8220; custom_padding=&#8220;0px|0px|0px|0px|true|true&#8220; locked=&#8220;off&#8220; next_background_color=&#8220;#D9CAB0&#8243;][et_pb_row custom_padding=&#8220;38px|0px|38px|0px|true|false&#8220; disabled_on=&#8220;on|off|off&#8220; _builder_version=&#8220;3.21.4&#8243; module_alignment=&#8220;center&#8220; background__hover_enabled=&#8220;on&#8220;][et_pb_column type=&#8220;1_4&#8243;][et_pb_image src=&#8220;https:\/\/penispowerspray.com\/wp-content\/uploads\/2019\/05\/z\u00e1ruka-vr\u00e1cen\u00ed-pen\u011bz.png&#8220; _builder_version=&#8220;3.21.4&#8243; max_width=&#8220;57%&#8220; custom_margin=&#8220;-44px|||-60px&#8220; \/][\/et_pb_column][et_pb_column type=&#8220;1_4&#8243;][et_pb_text disabled_on=&#8220;off|off|off&#8220; _builder_version=&#8220;3.21.4&#8243; text_font=&#8220;||||||||&#8220; text_text_color=&#8220;#edf000&#8243; text_font_size=&#8220;16px&#8220; header_font=&#8220;Verdana|700|||||||&#8220; header_text_align=&#8220;left&#8220; header_text_color=&#8220;#f7f600&#8243; header_font_size=&#8220;28px&#8220; header_text_shadow_style=&#8220;preset2&#8243; header_text_shadow_horizontal_length=&#8220;0.03em&#8220; header_text_shadow_vertical_length=&#8220;0.1em&#8220; custom_margin=&#8220;||0px&#8220; z_index=&#8220;0&#8243; inline_fonts=&#8220;Arial&#8220; header_text_color__hover_enabled=&#8220;on&#8220;]<\/p>\n<h1>KONE\u010cN\u011a!<br \/>\n\u00da\u010dinn\u00e9 \u0159e\u0161en\u00ed Va\u0161ich probl\u00e9m\u016f s erekc\u00ed!<\/h1>\n<p>[\/et_pb_text][et_pb_text _builder_version=&#8220;3.21.4&#8243; text_font=&#8220;Gabriela||||||||&#8220; text_text_color=&#8220;#ffffff&#8220; text_font_size=&#8220;25px&#8220; text_text_shadow_style=&#8220;preset5&#8243; text_text_shadow_color=&#8220;#282828&#8243; header_font=&#8220;||||||||&#8220; header_2_font=&#8220;|700|||||||&#8220; header_2_text_color=&#8220;#edf000&#8243; header_2_font_size=&#8220;32px&#8220; border_radii=&#8220;on|1px|1px|1px|1px&#8220; background_layout=&#8220;dark&#8220; custom_margin=&#8220;80px||&#8220;]<\/p>\n<p>#1 Nanaste v\u00fdrobek<\/p>\n<p>#2 V\u00fdsledek:<\/p>\n<h2>Okamzita erekce!<\/h2>\n<p>[\/et_pb_text][\/et_pb_column][et_pb_column type=&#8220;1_4&#8243;][et_pb_image src=&#8220;https:\/\/penispowerspray.com\/wp-content\/uploads\/2019\/04\/dobozos-term\u00e9k-spray2-1.png&#8220; _builder_version=&#8220;3.21.4&#8243; transform_scale=&#8220;146%|146%&#8220; module_alignment=&#8220;center&#8220; custom_margin=&#8220;100px||&#8220; \/][\/et_pb_column][et_pb_column type=&#8220;1_4&#8243;][et_pb_button button_url=&#8220;https:\/\/penispowerspray.com\/sk\/jak-funguje\/#jak-funguje&#8220; button_text=&#8220;Jak v\u00fdrobek funguje&#8220; button_alignment=&#8220;center&#8220; _builder_version=&#8220;3.21.4&#8243; custom_button=&#8220;on&#8220; button_font=&#8220;||||||||&#8220; button_use_icon=&#8220;off&#8220; box_shadow_style=&#8220;preset6&#8243; box_shadow_color=&#8220;#edf600&#8243; \/][et_pb_image src=&#8220;https:\/\/penispowerspray.com\/wp-content\/uploads\/2019\/05\/objednetjtesi-Paypal.png&#8220; url=&#8220;https:\/\/penispowerspray.com\/sk\/objednavka\/#objednavka&#8220; _builder_version=&#8220;3.21.4&#8243; transform_styles__hover_enabled=&#8220;on&#8220; transform_scale__hover_enabled=&#8220;on&#8220; transform_translate__hover_enabled=&#8220;on&#8220; transform_rotate__hover_enabled=&#8220;on&#8220; transform_skew__hover_enabled=&#8220;on&#8220; transform_origin__hover_enabled=&#8220;on&#8220; transform_scale__hover=&#8220;116%|116%&#8220; \/][et_pb_button button_url=&#8220;https:\/\/penispowerspray.com\/sk\/srovnani-produktu\/#srovnani-produktu&#8220; button_text=&#8220;# srovnani-produktu #&#8220; button_alignment=&#8220;center&#8220; _builder_version=&#8220;3.21.4&#8243; custom_button=&#8220;on&#8220; button_text_size=&#8220;18px&#8220; button_font=&#8220;Arial||||||||&#8220; button_use_icon=&#8220;off&#8220; box_shadow_style=&#8220;preset6&#8243; box_shadow_color=&#8220;#edf600&#8243; \/][et_pb_button button_url=&#8220;https:\/\/penispowerspray.com\/hu\/#velemenyek&#8220; button_text=&#8220;# Zku\u0161enosti #&#8220; button_alignment=&#8220;center&#8220; _builder_version=&#8220;3.21.4&#8243; box_shadow_style=&#8220;preset6&#8243; box_shadow_color=&#8220;#edf600&#8243; \/][et_pb_button button_url=&#8220;https:\/\/penispowerspray.com\/sk\/zaruka\/#zaruka&#8220; button_text=&#8220;# 100% Z\u00e1ruka #&#8220; button_alignment=&#8220;center&#8220; _builder_version=&#8220;3.21.4&#8243; box_shadow_style=&#8220;preset6&#8243; box_shadow_color=&#8220;#edf600&#8243; \/][\/et_pb_column][\/et_pb_row][\/et_pb_section][et_pb_section bb_built=&#8220;1&#8243; disabled_on=&#8220;on|on|off&#8220; _builder_version=&#8220;3.21.4&#8243; background_color=&#8220;#D9CAB0&#8243; custom_padding=&#8220;1px|0px|0|0px|false|false&#8220; locked=&#8220;off&#8220; prev_background_color=&#8220;#ffffff&#8220; next_background_color=&#8220;#ffffff&#8220;][et_pb_row custom_padding=&#8220;0|0|0|0px|false|false&#8220; _builder_version=&#8220;3.21.4&#8243;][et_pb_column type=&#8220;1_4&#8243;][et_pb_image src=&#8220;https:\/\/penispowerspray.com\/wp-content\/uploads\/2019\/05\/penis-erekci\u00f3-spray.png&#8220; alt=&#8220;penis erektion spray&#8220; disabled_on=&#8220;on|on|off&#8220; _builder_version=&#8220;3.21.4&#8243; max_width_phone=&#8220;100%&#8220; max_width_last_edited=&#8220;on|phone&#8220; custom_margin=&#8220;-318px|||-60px&#8220; \/][\/et_pb_column][et_pb_column type=&#8220;1_2&#8243;][et_pb_text _builder_version=&#8220;3.21.4&#8243; text_font=&#8220;|600|||||||&#8220; text_text_color=&#8220;#0c71c3&#8243; text_font_size=&#8220;28px&#8220; text_text_shadow_style=&#8220;preset4&#8243; header_font=&#8220;||||||||&#8220; text_orientation=&#8220;center&#8220; custom_margin=&#8220;8px|0px|8px|0px|true|true&#8220; custom_padding=&#8220;1px|8px|1px|0px|true|false&#8220;]<\/p>\n<p>Bez prodlevy!<\/p>\n<p>[\/et_pb_text][\/et_pb_column][et_pb_column type=&#8220;1_4&#8243;][\/et_pb_column][\/et_pb_row][\/et_pb_section][et_pb_section bb_built=&#8220;1&#8243; disabled_on=&#8220;off|off|on&#8220; _builder_version=&#8220;3.21.4&#8243; background_image=&#8220;https:\/\/penispowerspray.com\/wp-content\/uploads\/2019\/05\/szex-aktus-orgia-szerelem.jpg&#8220; custom_margin=&#8220;-2px||-2px||true&#8220; custom_padding=&#8220;0px|0|0px||true|false&#8220; locked=&#8220;off&#8220; prev_background_color=&#8220;#D9CAB0&#8243; next_background_color=&#8220;#D9CAB0&#8243;][et_pb_row use_custom_width=&#8220;on&#8220; width_unit=&#8220;off&#8220; custom_width_percent=&#8220;100%&#8220; custom_padding=&#8220;30px||0|0|false|false&#8220; disabled_on=&#8220;off|on|on&#8220; _builder_version=&#8220;3.21.4&#8243;][et_pb_column type=&#8220;1_4&#8243;][et_pb_text _builder_version=&#8220;3.21.4&#8243; header_font=&#8220;|700|||||||&#8220; header_text_align=&#8220;center&#8220; header_text_color=&#8220;#efdf00&#8243; custom_margin=&#8220;-14px||-14px||true&#8220; inline_fonts=&#8220;Arial&#8220; header_text_color__hover_enabled=&#8220;on&#8220;]<\/p>\n<h1>KONE\u010cN\u011a!<br \/>\n\u00da\u010dinn\u00e9 \u0159e\u0161en\u00ed Va\u0161ich probl\u00e9m\u016f s erekc\u00ed!<\/h1>\n<p>[\/et_pb_text][\/et_pb_column][et_pb_column type=&#8220;1_4&#8243;][et_pb_text _builder_version=&#8220;3.21.4&#8243; text_font=&#8220;Gabriela||||||||&#8220; text_text_color=&#8220;#ffffff&#8220; text_font_size=&#8220;25px&#8220; text_text_shadow_style=&#8220;preset5&#8243; text_text_shadow_color=&#8220;#282828&#8243; header_font=&#8220;||||||||&#8220; header_2_font=&#8220;|700|||||||&#8220; header_2_text_color=&#8220;#edf000&#8243; header_2_font_size=&#8220;32px&#8220; border_radii=&#8220;on|1px|1px|1px|1px&#8220; text_orientation=&#8220;center&#8220; background_layout=&#8220;dark&#8220;]<\/p>\n<p>#1 Nanaste v\u00fdrobek<\/p>\n<p>#2 V\u00fdsledek:<\/p>\n<h2>Okamzita erekce!<\/h2>\n<p>[\/et_pb_text][et_pb_image src=&#8220;https:\/\/penispowerspray.com\/wp-content\/uploads\/2019\/04\/dobozos-term\u00e9k-spray2-1-1.png&#8220; show_bottom_space=&#8220;off&#8220; align=&#8220;center&#8220; always_center_on_mobile=&#8220;off&#8220; _builder_version=&#8220;3.21.4&#8243; transform_translate=&#8220;101px|-19px&#8220; max_width=&#8220;57%&#8220; module_alignment=&#8220;center&#8220; \/][et_pb_image src=&#8220;https:\/\/penispowerspray.com\/wp-content\/uploads\/2019\/05\/p\u00e9nisz-1.png&#8220; align=&#8220;center&#8220; force_fullwidth=&#8220;on&#8220; _builder_version=&#8220;3.21.4&#8243; custom_padding=&#8220;||2px&#8220; locked=&#8220;off&#8220; \/][et_pb_button button_url=&#8220;https:\/\/penispowerspray.com\/hu\/hogyan-mukodik\/#hogyan-mukodik&#8220; button_text=&#8220;Jak v\u00fdrobek funguje&#8220; button_alignment=&#8220;center&#8220; _builder_version=&#8220;3.21.4&#8243; \/][et_pb_image src=&#8220;https:\/\/penispowerspray.com\/wp-content\/uploads\/2019\/05\/objednetjtesi-Paypal.png&#8220; url=&#8220;https:\/\/penispowerspray.com\/sk\/objednavka\/\/#objednavka&#8220; _builder_version=&#8220;3.21.4&#8243; max_width=&#8220;54%&#8220; \/][et_pb_button button_url=&#8220;https:\/\/penispowerspray.com\/hu\/#velemenyek&#8220; button_text=&#8220;# Zku\u0161enosti #&#8220; button_alignment=&#8220;center&#8220; _builder_version=&#8220;3.21.4&#8243; \/][\/et_pb_column][et_pb_column type=&#8220;1_4&#8243;][et_pb_button button_url=&#8220;https:\/\/penispowerspray.com\/sk\/zaruka\/#zaruka&#8220; button_text=&#8220;# 100% Z\u00e1ruka #&#8220; button_alignment=&#8220;center&#8220; _builder_version=&#8220;3.21.4&#8243; custom_button=&#8220;on&#8220; button_text_size=&#8220;20px&#8220; button_font=&#8220;||||||||&#8220; \/][\/et_pb_column][et_pb_column type=&#8220;1_4&#8243;][\/et_pb_column][\/et_pb_row][\/et_pb_section][et_pb_section bb_built=&#8220;1&#8243; disabled_on=&#8220;off|on|on&#8220; _builder_version=&#8220;3.21.4&#8243; background_color=&#8220;#D9CAB0&#8243; custom_padding=&#8220;1px|0px|0|0px|false|false&#8220; locked=&#8220;off&#8220; prev_background_color=&#8220;#ffffff&#8220; next_background_color=&#8220;#f7eaaf&#8220;][et_pb_row custom_padding=&#8220;0|0|0|0px|false|false&#8220; _builder_version=&#8220;3.21.4&#8243;][et_pb_column type=&#8220;1_4&#8243;][\/et_pb_column][et_pb_column type=&#8220;1_2&#8243;][et_pb_text _builder_version=&#8220;3.21.4&#8243; text_font=&#8220;|600|||||||&#8220; text_text_color=&#8220;#0c71c3&#8243; text_font_size=&#8220;28px&#8220; text_text_shadow_style=&#8220;preset4&#8243; header_font=&#8220;||||||||&#8220; text_orientation=&#8220;center&#8220; custom_margin=&#8220;8px|0px|8px|0px|true|true&#8220; custom_padding=&#8220;1px|8px|1px|0px|true|false&#8220;]<\/p>\n<p>Bez prodlevy!<\/p>\n<p>[\/et_pb_text][\/et_pb_column][et_pb_column type=&#8220;1_4&#8243;][\/et_pb_column][\/et_pb_row][\/et_pb_section][et_pb_section bb_built=&#8220;1&#8243; _builder_version=&#8220;3.21.4&#8243; background_color=&#8220;#f7eaaf&#8220; background_size=&#8220;initial&#8220; custom_padding=&#8220;0|0px|0|0|false|false&#8220; locked=&#8220;off&#8220; prev_background_color=&#8220;#D9CAB0&#8243;][et_pb_row custom_padding=&#8220;27px|0px|3px|0px|false|false&#8220; custom_padding_last_edited=&#8220;on|desktop&#8220; _builder_version=&#8220;3.21.4&#8243;][et_pb_column type=&#8220;4_4&#8243;][et_pb_text _builder_version=&#8220;3.21.4&#8243; text_font=&#8220;Arial||||||||&#8220; text_font_size=&#8220;16px&#8220; header_font=&#8220;||||||||&#8220;]<\/p>\n<p><span style=\"color: #000000;\">EJedn\u00e1 se o zcela nov\u00fd produkt, umo\u017e\u0148uj\u00edc\u00ed silnou a obrovskou erekci poka\u017ed\u00e9, kdy\u017e to budete cht\u00edt&#8230;<\/span><span style=\"color: #000000;\"><b><span style=\"color: #000000;\">BEZ PRODLEVY!<br \/>\n<\/span><\/b><\/span><\/p>\n<h2>Jak<span>\u00a0<\/span><span style=\"color: #ff0000;\">Penis Power Spray!<\/span> a pro\u010d je tak \u00fa\u010dinn\u00fd&#8230;<\/h2>\n<p><span style=\"color: #000000;\">&#8222;Tradi\u010dn\u00ed&#8220; afrodiziaka se polykaj\u00ed, tak\u017ee sv\u016fj \u00fa\u010dinek vyvinou a\u017e po vst\u0159eb\u00e1n\u00ed. To vy\u017eaduje del\u0161\u00ed dobu, v\u017edy\u0165 \u017ealudek mus\u00ed tabletu str\u00e1vit. Nav\u00edc p\u0159i tomto dlouhodob\u00e9m procesu afrodiziakum ztr\u00e1c\u00ed ze sv\u00e9 s\u00edly. P\u0159i pou\u017eit\u00ed Penis Power Spray! se v\u0161ak slo\u017eky spreje pro v\u011bt\u0161\u00ed sexu\u00e1ln\u00ed v\u00fdkon dost\u00e1vaj\u00ed bezprost\u0159edn\u011b na penis, tak\u017ee se s tk\u00e1n\u011bmi zp\u016fsobuj\u00edc\u00edmi erekci dostanou rychleji do kontaktu.<\/span><\/p>\n<p>[\/et_pb_text][\/et_pb_column][\/et_pb_row][et_pb_row custom_padding=&#8220;13px|0px|12px|0px|false|false&#8220; _builder_version=&#8220;3.21.4&#8243; background_color=&#8220;#f7eaaf&#8220;][et_pb_column type=&#8220;1_2&#8243;][et_pb_text _builder_version=&#8220;3.21.4&#8243; text_font=&#8220;Arial||||||||&#8220;]<\/p>\n<h4><strong><span style=\"color: #ff0000;\">V\u00ddSLEDEK:<\/span><\/strong><span>\u00a0<\/span><span style=\"color: #000000;\">Okam\u017eit\u00e1 erekce &#8211; bez prodlevy!<\/span><\/h4>\n<h4><span style=\"color: #000000;\">Erekcia nast\u00e1va takmer okam\u017eite po podan\u00ed.<br \/>\n<\/span><\/h4>\n<p>[\/et_pb_text][\/et_pb_column][et_pb_column type=&#8220;1_2&#8243;][et_pb_text _builder_version=&#8220;3.21.4&#8243; text_font=&#8220;Arial||||||||&#8220; header_4_font=&#8220;||||||||&#8220; header_4_line_height=&#8220;1.3em&#8220; text_orientation=&#8220;center&#8220;]<\/p>\n<h4><strong><span style=\"color: #ff0000;\">KONE\u010cN\u011a! Je to tak snadn\u00e9!<\/span><\/strong><br \/> <span style=\"color: #000000;\">\u00da\u010dinn\u00e9 \u0159e\u0161en\u00ed Va\u0161ich probl\u00e9m\u016f s erekc\u00ed!<\/span><\/h4>\n<p>[\/et_pb_text][\/et_pb_column][\/et_pb_row][et_pb_row custom_padding=&#8220;0|0px|20px|0px|false|false&#8220; _builder_version=&#8220;3.21.4&#8243; background_color=&#8220;#f7eaaf&#8220;][et_pb_column type=&#8220;1_2&#8243;][et_pb_image src=&#8220;https:\/\/penispowerspray.com\/wp-content\/uploads\/2019\/05\/p\u00e9nisz-1.png&#8220; _builder_version=&#8220;3.21.4&#8243;]<\/p>\n<p>[\/et_pb_image][\/et_pb_column][et_pb_column type=&#8220;1_2&#8243;][et_pb_text _builder_version=&#8220;3.21.4&#8243; text_font=&#8220;Arial||||||||&#8220; text_text_color=&#8220;#000000&#8243; text_font_size=&#8220;17px&#8220; text_letter_spacing=&#8220;1px&#8220; header_font=&#8220;||||||||&#8220; background_color=&#8220;#f2d871&#8243; box_shadow_style=&#8220;preset6&#8243; box_shadow_blur=&#8220;9px&#8220; box_shadow_color=&#8220;#e09900&#8243; custom_padding=&#8220;3px|16px|3px|16px|true|true&#8220;]<\/p>\n<p>Pokud hled\u00e1te rychl\u00e9, bezpe\u010dn\u00e9 a \u00fa\u010dinn\u00e9 \u0159e\u0161en\u00ed pro dosa\u017een\u00ed intenzivn\u00ed a dlouhotrvaj\u00edc\u00ed erekce, Penis Power Spary! byl vynalezen pr\u00e1v\u011b pro V\u00e1s. P\u0159\u00edpravek ji\u017e na cel\u00e9m sv\u011bt\u011b \u00fasp\u011b\u0161n\u011b vyzkou\u0161eli stovky mu\u017e\u016f, v Evrop\u011b je dnes u\u017e pova\u017eov\u00e1n prakticky za nenahraditeln\u00fd. Zv\u00fd\u0161enie sexu\u00e1lnej energie.V\u00fdrazn\u00e9 zlep\u0161enie sebavedomia!<br \/>\nNen\u00ed nutn\u00e9 \u010dekat na erekci. Erekcia nast\u00e1va takmer okam\u017eite po podan\u00ed.\n<\/p>\n<p>[\/et_pb_text][\/et_pb_column][\/et_pb_row][et_pb_row custom_padding=&#8220;1px|0px|1px|0px|false|false&#8220; module_id=&#8220;srovnani-produktu&#8220; _builder_version=&#8220;3.21.4&#8243; background_color=&#8220;#f7eaaf&#8220;][et_pb_column type=&#8220;4_4&#8243;][et_pb_text _builder_version=&#8220;3.21.4&#8243; text_font=&#8220;Arial|700|||||||&#8220; text_text_color=&#8220;#000000&#8243; ul_font=&#8220;||||||||&#8220; border_color_all=&#8220;#000000&#8243;]<\/p>\n<h2><span style=\"color: #000000;\">Jedn\u00e1 se o zcela nov\u00fd produkt, umo\u017e\u0148uj\u00edc\u00ed silnou a obrovskou erekci poka\u017ed\u00e9, kdy\u017e to budete cht\u00edt&#8230;BEZ PRODLEVY!<\/span><\/h2>\n<p>[\/et_pb_text][\/et_pb_column][\/et_pb_row][et_pb_row custom_padding=&#8220;0|0px|0|0px|false|false&#8220; module_id=&#8220;termekek-osszevetese&#8220; _builder_version=&#8220;3.21.4&#8243; background_color=&#8220;#f7eaaf&#8220;][et_pb_column type=&#8220;1_2&#8243;][et_pb_text _builder_version=&#8220;3.21.4&#8243; text_font=&#8220;Arial|600|||||||&#8220; text_font_size=&#8220;15px&#8220;]<\/p>\n<ul>\n<li><span style=\"color: #000000;\">Siln\u00e9 a dlhotrvaj\u00facu erekciu!<\/span><\/li>\n<li><span style=\"color: #000000;\">Skr\u00e1tenie doby zotavenia medzi dvoma orgazmy<\/span><\/li>\n<li><span style=\"color: #000000;\">Zv\u00fd\u0161enie sexu\u00e1lnej energie<\/span><\/li>\n<li><span style=\"color: #000000;\">V\u00fdrazn\u00e9 zlep\u0161enie sebavedomia!<\/span><\/li>\n<\/ul>\n<p>[\/et_pb_text][\/et_pb_column][et_pb_column type=&#8220;1_2&#8243;][et_pb_image src=&#8220;https:\/\/penispowerspray.com\/wp-content\/uploads\/2019\/05\/objednetjtesi-Paypal.png&#8220; alt=&#8220;objednetjte si-Paypal&#8220; url=&#8220;https:\/\/penispowerspray.com\/hu\/rendeles\/#rendeles&#8220; _builder_version=&#8220;3.21.4&#8243; max_width=&#8220;48%&#8220; module_alignment=&#8220;center&#8220;]<\/p>\n<p>[\/et_pb_image][\/et_pb_column][\/et_pb_row][et_pb_row custom_padding=&#8220;4px|0px|1px|0px|false|false&#8220; _builder_version=&#8220;3.21.4&#8243; background_color=&#8220;#f7eaaf&#8220;][et_pb_column type=&#8220;4_4&#8243;][et_pb_image src=&#8220;https:\/\/penispowerspray.com\/wp-content\/uploads\/2019\/05\/porovnanie-produktov.png&#8220; alt=&#8220;porovnanie produktov&#8220; align=&#8220;center&#8220; _builder_version=&#8220;3.21.4&#8243;]<\/p>\n<p>[\/et_pb_image][\/et_pb_column][\/et_pb_row][et_pb_row custom_padding=&#8220;20px|0px|2px|0px|false|false&#8220; module_id=&#8220;velemenyek&#8220; _builder_version=&#8220;3.21.4&#8243;][et_pb_column type=&#8220;4_4&#8243;][et_pb_text _builder_version=&#8220;3.21.4&#8243;]<\/p>\n<h2><span style=\"color: #000000;\">N\u011bkolik spont\u00e1nn\u00edch dopis\u016f od u\u017eivatel\u016f v\u00fdrobku:<\/span><\/h2>\n<p class=\"velemeny\">\n<p>[\/et_pb_text][\/et_pb_column][\/et_pb_row][et_pb_row _builder_version=&#8220;3.21.4&#8243;][et_pb_column type=&#8220;1_4&#8243;][et_pb_testimonial author=&#8220;Siln\u00e1 potence!&#8220; portrait_url=&#8220;https:\/\/penispowerspray.com\/wp-content\/uploads\/2019\/05\/szex.velemenyek.jpg&#8220; _builder_version=&#8220;3.21.4&#8243; body_font=&#8220;Gabriela||||||||&#8220; body_text_color=&#8220;#000000&#8243; custom_margin=&#8220;|-12px||-12px||true&#8220;]<\/p>\n<p><span>Je mi 63 a sex m\u00e1m 3kr\u00e1t denn\u011b! V\u00e1\u0161 sprej je vskutku mimo\u0159\u00e1dn\u00fd produkt &#8230; Krom\u011b toho, \u017ee je zp\u016fsob jeho u\u017eit\u00ed velice diskr\u00e9tn\u00ed, zp\u016fsobuje mohutnou erekci, kdykoli chci! Ve sv\u00fdch 63 letech mohou prohl\u00e1sit, \u017ee se miluji 3kr\u00e1t denn\u011b! M\u00e1 man\u017eelka nezapomene poka\u017ed\u00e9 poznamenat, \u017ee jsem te\u010f lep\u0161\u00ed, ne\u017e jak\u00fd jsem byl v ml\u00e1d\u00ed!!<\/span><\/p>\n<p>[\/et_pb_testimonial][\/et_pb_column][et_pb_column type=&#8220;1_4&#8243;][et_pb_testimonial author=&#8220;Mohu jednozna\u010dn\u011b prohl\u00e1sit, \u017ee se mi zv\u011bt\u0161il penis.&#8220; portrait_url=&#8220;https:\/\/penispowerspray.com\/wp-content\/uploads\/2019\/05\/szeretkezes-velem\u00e9ny.jpg&#8220; _builder_version=&#8220;3.21.4&#8243; _dynamic_attributes=&#8220;job_title&#8220; body_font=&#8220;Gabriela||||||||&#8220; body_text_color=&#8220;#000000&#8243; custom_margin=&#8220;|-12px||-12px||true&#8220;]<\/p>\n<p><span>Mohu jednozna\u010dn\u011b prohl\u00e1sit, \u017ee se mi zv\u011bt\u0161il penis. Ji\u017e del\u0161\u00ed dobu m\u011b tr\u00e1pily probl\u00e9my s erekc\u00ed. Vyzkou\u0161el jsem u\u017e spoustu v\u00fdrobk\u016f, a jednozna\u010dn\u011b mohu prohl\u00e1sit, \u017ee pr\u00e1v\u011b Penis spray! poskytuje nejlep\u0161\u00ed a nejtrvanliv\u011bj\u0161\u00ed \u00fa\u010dinek. St\u0159\u00edkn\u011bte mal\u00e9 mno\u017estv\u00ed Pesis spray! p\u0159ed sexem na penis, a m\u016f\u017eete na sv\u00e9 probl\u00e9my \u00fapln\u011b zapomenout. M\u016f\u017eete si b\u00fdt jist, \u017ee v kteroukoli denn\u00ed \u010di no\u010dn\u00ed dobu se V\u00e1m penis postav\u00ed (omlouv\u00e1m se za v\u00fdraz). Nav\u00edc jsem si jist\u00fd, \u017ee se mi penis o n\u011bkolik centimetr\u016f i zv\u011bt\u0161il!<\/span>ett!<\/p>\n<p>[\/et_pb_testimonial][\/et_pb_column][et_pb_column type=&#8220;1_4&#8243;][et_pb_testimonial author=&#8220;J\u00e1 u\u017e jsem te\u010f schopen se milovat t\u0159eba i cel\u00e9 hodiny &#8220; portrait_url=&#8220;https:\/\/penispowerspray.com\/wp-content\/uploads\/2019\/05\/kem\u00e9ny-erekcio-velemeny.jpg&#8220; _builder_version=&#8220;3.21.4&#8243; body_font=&#8220;Gabriela||||||||&#8220; body_text_color=&#8220;#000000&#8243; custom_margin=&#8220;|-12px||-12px||true&#8220;]<\/p>\n<p>Penis Power Spray pou\u017e\u00edv\u00e1m spole\u010dn\u011b s man\u017eelkou! Cel\u00fd \u017eivot m\u011b tr\u00e1pily probl\u00e9my s erekc\u00ed a p\u0159ed\u010dasnou ejakulac\u00ed. Ale dnes je to v\u0161echno u\u017e jen minulost\u00ed! Penis Power Spray pou\u017e\u00edv\u00e1m spole\u010dn\u011b s man\u017eelkou, a je v\u00fdborn\u00fd! J\u00e1 u\u017e jsem te\u010f schopen se milovat t\u0159eba i cel\u00e9 hodiny a ona je schopn\u00e1 p\u0159i tom m\u00edt opakovan\u011b orgasmus. Dokonce jsme si zkusili i nov\u00e9 v\u011bci! Penis Power Spray mohu v\u0161em v\u0159ele doporu\u010dit.<\/p>\n<p>[\/et_pb_testimonial][\/et_pb_column][et_pb_column type=&#8220;1_4&#8243;][et_pb_testimonial author=&#8220;Nejv\u011bt\u0161\u00ed erekce m\u00e9ho \u017eivota! &#8220; portrait_url=&#8220;https:\/\/penispowerspray.com\/wp-content\/uploads\/2019\/05\/szex-v\u00e9lem\u00e9ny.jpg&#8220; _builder_version=&#8220;3.21.4&#8243; body_font=&#8220;Gabriela||||||||&#8220; body_text_align=&#8220;left&#8220; body_text_color=&#8220;#000000&#8243; body_font_size=&#8220;14px&#8220; custom_margin=&#8220;|-12px||-12px||true&#8220;]<\/p>\n<p><span>Nejv\u011bt\u0161\u00ed erekce m\u00e9ho \u017eivota! Mus\u00edm se p\u0159iznat, \u017ee jsem dote\u010f pod vlivem tohoto z\u00e1\u017eitku (stejn\u011b tak i moje man\u017eelka!) &#8230; V\u017edy jsem m\u00edval probl\u00e9my s erekc\u00ed, proto jsem se rozhodl pro vyzkou\u0161en\u00ed tohoto nov\u00e9ho produktu (i kdy\u017e jsem od toho moc ne\u010dekal) A jak je dob\u0159e, \u017ee jsem tak u\u010dinil! D\u00edky Va\u0161emu v\u00fdrobku jsem mohl za\u017e\u00edt nejv\u011bt\u0161\u00ed a nej\u00fa\u017easn\u011bj\u0161\u00ed erekci sv\u00e9ho \u017eivota! Obrovsk\u00e9 d\u00edky!<\/span><\/p>\n<p>[\/et_pb_testimonial][\/et_pb_column][\/et_pb_row][et_pb_row custom_padding=&#8220;0|0px|2px|0px|false|false&#8220; _builder_version=&#8220;3.21.4&#8243;][et_pb_column type=&#8220;4_4&#8243;][et_pb_text _builder_version=&#8220;3.21.4&#8243; text_font=&#8220;Arial|600|||||||&#8220; text_text_color=&#8220;#000000&#8243; text_font_size=&#8220;19px&#8220; header_font=&#8220;||||||||&#8220;]<\/p>\n<h2><span style=\"color: #000000;\">Jedn\u00e1 se o zcela nov\u00fd produkt, umo\u017e\u0148uj\u00edc\u00ed silnou a obrovskou erekci poka\u017ed\u00e9, kdy\u017e to budete cht\u00edt&#8230;BEZ PRODLEVY!<\/span><\/h2>\n<p>[\/et_pb_text][\/et_pb_column][\/et_pb_row][et_pb_row _builder_version=&#8220;3.21.4&#8243;][et_pb_column type=&#8220;1_2&#8243;][et_pb_text _builder_version=&#8220;3.21.4&#8243; text_font=&#8220;Arial||||||||&#8220; text_text_color=&#8220;#000000&#8243; text_font_size=&#8220;18px&#8220; text_orientation=&#8220;justified&#8220;]<\/p>\n<p><span style=\"color: #000000;\">Siln\u00e9 a dlhotrvaj\u00facu erekciu!<\/span><br \/><span style=\"color: #000000;\"> Skr\u00e1tenie doby zotavenia medzi dvoma orgazmy<\/span><br \/><span style=\"color: #000000;\"> Zv\u00fd\u0161enie sexu\u00e1lnej energie<\/span><br \/><span style=\"color: #000000;\"> V\u00fdrazn\u00e9 zlep\u0161enie sebavedomia!<\/span><\/p>\n<p>[\/et_pb_text][\/et_pb_column][et_pb_column type=&#8220;1_2&#8243;][et_pb_image src=&#8220;https:\/\/penispowerspray.com\/wp-content\/uploads\/2019\/05\/objednetjtesi-Paypal.png&#8220; alt=&#8220;objednetjte si-Paypal&#8220; url=&#8220;https:\/\/penispowerspray.com\/hu\/rendeles\/#rendeles&#8220; _builder_version=&#8220;3.21.4&#8243; max_width=&#8220;60%&#8220; module_alignment=&#8220;center&#8220; custom_margin=&#8220;-20px|60px|-20px|60px|true|true&#8220;]<\/p>\n<p>[\/et_pb_image][\/et_pb_column][\/et_pb_row][\/et_pb_section]<\/p>\n","protected":false},"excerpt":{"rendered":"<p>KONE\u010cN\u011a! \u00da\u010dinn\u00e9 \u0159e\u0161en\u00ed Va\u0161ich probl\u00e9m\u016f s erekc\u00ed! #1 Nanaste v\u00fdrobek #2 V\u00fdsledek: Okamzita erekce! Bez prodlevy! KONE\u010cN\u011a! \u00da\u010dinn\u00e9 \u0159e\u0161en\u00ed Va\u0161ich probl\u00e9m\u016f s erekc\u00ed! #1 Nanaste v\u00fdrobek #2 V\u00fdsledek: Okamzita erekce! Bez prodlevy! EJedn\u00e1 se o zcela nov\u00fd produkt, umo\u017e\u0148uj\u00edc\u00ed silnou a obrovskou erekci poka\u017ed\u00e9, kdy\u017e to budete cht\u00edt&#8230;BEZ PRODLEVY! Jak\u00a0Penis Power Spray! a pro\u010d je [&hellip;]<\/p>\n","protected":false},"author":1,"featured_media":0,"parent":0,"menu_order":0,"comment_status":"closed","ping_status":"closed","template":"","meta":{"_et_pb_use_builder":"on","_et_pb_old_content":"","_et_gb_content_width":""},"_links":{"self":[{"href":"https:\/\/penispowerspray.com\/sk\/wp-json\/wp\/v2\/pages\/2058"}],"collection":[{"href":"https:\/\/penispowerspray.com\/sk\/wp-json\/wp\/v2\/pages"}],"about":[{"href":"https:\/\/penispowerspray.com\/sk\/wp-json\/wp\/v2\/types\/page"}],"author":[{"embeddable":true,"href":"https:\/\/penispowerspray.com\/sk\/wp-json\/wp\/v2\/users\/1"}],"replies":[{"embeddable":true,"href":"https:\/\/penispowerspray.com\/sk\/wp-json\/wp\/v2\/comments?post=2058"}],"version-history":[{"count":5,"href":"https:\/\/penispowerspray.com\/sk\/wp-json\/wp\/v2\/pages\/2058\/revisions"}],"predecessor-version":[{"id":2069,"href":"https:\/\/penispowerspray.com\/sk\/wp-json\/wp\/v2\/pages\/2058\/revisions\/2069"}],"wp:attachment":[{"href":"https:\/\/penispowerspray.com\/sk\/wp-json\/wp\/v2\/media?parent=2058"}],"curies":[{"name":"wp","href":"https:\/\/api.w.org\/{rel}","templated":true}]}}