{"id":1446,"date":"2019-04-29T11:11:18","date_gmt":"2019-04-29T11:11:18","guid":{"rendered":"http:\/\/penispowerspray.com\/?page_id=1446"},"modified":"2019-05-12T09:05:43","modified_gmt":"2019-05-12T09:05:43","slug":"impressum","status":"publish","type":"page","link":"https:\/\/penispowerspray.com\/sk\/impressum\/","title":{"rendered":"Impressum"},"content":{"rendered":"<p>[et_pb_section fb_built=&#8220;1&#8243; disabled_on=&#8220;on|on|off&#8220; _builder_version=&#8220;3.21.4&#8243; background_image=&#8220;https:\/\/penispowerspray.com\/wp-content\/uploads\/2019\/05\/sex-orgazmus-erekce.jpg&#8220; custom_padding=&#8220;0px|0px|0px|0px|true|true&#8220; locked=&#8220;off&#8220;][et_pb_row custom_padding=&#8220;38px|0px|38px|0px|true|false&#8220; disabled_on=&#8220;on|off|off&#8220; _builder_version=&#8220;3.21.4&#8243; module_alignment=&#8220;center&#8220; background__hover_enabled=&#8220;on&#8220;][et_pb_column type=&#8220;1_4&#8243; _builder_version=&#8220;3.0.47&#8243;][et_pb_image src=&#8220;https:\/\/penispowerspray.com\/wp-content\/uploads\/2019\/05\/z\u00e1ruka-vr\u00e1cen\u00ed-pen\u011bz.png&#8220; _builder_version=&#8220;3.21.4&#8243; max_width=&#8220;57%&#8220; custom_margin=&#8220;-44px|||-60px&#8220;][\/et_pb_image][\/et_pb_column][et_pb_column type=&#8220;1_4&#8243; _builder_version=&#8220;3.0.47&#8243;][et_pb_text disabled_on=&#8220;off|off|off&#8220; _builder_version=&#8220;3.21.4&#8243; text_font=&#8220;||||||||&#8220; text_text_color=&#8220;#edf000&#8243; text_font_size=&#8220;16px&#8220; header_font=&#8220;Verdana|700|||||||&#8220; header_text_align=&#8220;left&#8220; header_text_color=&#8220;#f7f600&#8243; header_font_size=&#8220;28px&#8220; header_text_shadow_style=&#8220;preset2&#8243; header_text_shadow_horizontal_length=&#8220;0.03em&#8220; header_text_shadow_vertical_length=&#8220;0.1em&#8220; custom_margin=&#8220;||0px&#8220; z_index=&#8220;0&#8243; inline_fonts=&#8220;Arial&#8220; header_text_color__hover_enabled=&#8220;on&#8220;]<\/p>\n<h1>KONE\u010cN\u011a!<br \/>\n\u00da\u010dinn\u00e9 \u0159e\u0161en\u00ed Va\u0161ich probl\u00e9m\u016f s erekc\u00ed!<\/h1>\n<p>[\/et_pb_text][et_pb_text _builder_version=&#8220;3.21.4&#8243; text_font=&#8220;Gabriela||||||||&#8220; text_text_color=&#8220;#ffffff&#8220; text_font_size=&#8220;25px&#8220; text_text_shadow_style=&#8220;preset5&#8243; text_text_shadow_color=&#8220;#282828&#8243; header_font=&#8220;||||||||&#8220; header_2_font=&#8220;|700|||||||&#8220; header_2_text_color=&#8220;#edf000&#8243; header_2_font_size=&#8220;32px&#8220; border_radii=&#8220;on|1px|1px|1px|1px&#8220; background_layout=&#8220;dark&#8220; custom_margin=&#8220;80px||&#8220;]<\/p>\n<p>#1 Nanaste v\u00fdrobek<\/p>\n<p>#2 V\u00fdsledek:<\/p>\n<h2>Okamzita erekce!<\/h2>\n<p>[\/et_pb_text][\/et_pb_column][et_pb_column type=&#8220;1_4&#8243; _builder_version=&#8220;3.0.47&#8243;][et_pb_image src=&#8220;https:\/\/penispowerspray.com\/wp-content\/uploads\/2019\/04\/dobozos-term\u00e9k-spray2-1.png&#8220; _builder_version=&#8220;3.21.4&#8243; transform_scale=&#8220;146%|146%&#8220; module_alignment=&#8220;center&#8220; custom_margin=&#8220;100px||&#8220;][\/et_pb_image][\/et_pb_column][et_pb_column type=&#8220;1_4&#8243; _builder_version=&#8220;3.0.47&#8243;][et_pb_button button_url=&#8220;https:\/\/penispowerspray.com\/sk\/jak-funguje\/#jak-funguje&#8220; button_text=&#8220;Jak v\u00fdrobek funguje&#8220; button_alignment=&#8220;center&#8220; _builder_version=&#8220;3.21.4&#8243; custom_button=&#8220;on&#8220; button_font=&#8220;||||||||&#8220; button_use_icon=&#8220;off&#8220; box_shadow_style=&#8220;preset6&#8243; box_shadow_color=&#8220;#edf600&#8243;][\/et_pb_button][et_pb_image src=&#8220;https:\/\/penispowerspray.com\/wp-content\/uploads\/2019\/05\/objednetjtesi-Paypal.png&#8220; url=&#8220;https:\/\/penispowerspray.com\/sk\/objednavka\/#objednavka&#8220; _builder_version=&#8220;3.21.4&#8243; transform_styles__hover_enabled=&#8220;on&#8220; transform_scale__hover_enabled=&#8220;on&#8220; transform_translate__hover_enabled=&#8220;on&#8220; transform_rotate__hover_enabled=&#8220;on&#8220; transform_skew__hover_enabled=&#8220;on&#8220; transform_origin__hover_enabled=&#8220;on&#8220; transform_scale__hover=&#8220;116%|116%&#8220;][\/et_pb_image][et_pb_button button_url=&#8220;https:\/\/penispowerspray.com\/sk\/#srovnaniproduktu&#8220; button_text=&#8220;# Srovn\u00e1n\u00ed produkt\u016f #&#8220; button_alignment=&#8220;center&#8220; _builder_version=&#8220;3.21.4&#8243; custom_button=&#8220;on&#8220; button_text_size=&#8220;18px&#8220; button_font=&#8220;Arial||||||||&#8220; button_use_icon=&#8220;off&#8220; box_shadow_style=&#8220;preset6&#8243; box_shadow_color=&#8220;#edf600&#8243;][\/et_pb_button][et_pb_button button_url=&#8220;https:\/\/penispowerspray.com\/sk\/#zkusenosti&#8220; button_text=&#8220;# Zku\u0161enosti #&#8220; button_alignment=&#8220;center&#8220; _builder_version=&#8220;3.21.4&#8243; box_shadow_style=&#8220;preset6&#8243; box_shadow_color=&#8220;#edf600&#8243;][\/et_pb_button][et_pb_button button_url=&#8220;https:\/\/penispowerspray.com\/sk\/zaruka\/#zaruka&#8220; button_text=&#8220;# 100% Z\u00e1ruka #&#8220; button_alignment=&#8220;center&#8220; _builder_version=&#8220;3.21.4&#8243; box_shadow_style=&#8220;preset6&#8243; box_shadow_color=&#8220;#edf600&#8243;][\/et_pb_button][\/et_pb_column][\/et_pb_row][\/et_pb_section][et_pb_section fb_built=&#8220;1&#8243; disabled_on=&#8220;on|on|off&#8220; _builder_version=&#8220;3.21.4&#8243; background_color=&#8220;#D9CAB0&#8243; custom_padding=&#8220;1px|0px|0|0px|false|false&#8220; locked=&#8220;off&#8220;][et_pb_row custom_padding=&#8220;0|0|0|0px|false|false&#8220; _builder_version=&#8220;3.21.4&#8243;][et_pb_column type=&#8220;1_4&#8243; _builder_version=&#8220;3.0.47&#8243;][et_pb_image src=&#8220;https:\/\/penispowerspray.com\/wp-content\/uploads\/2019\/05\/penis-erekci\u00f3-spray.png&#8220; alt=&#8220;penis erektion spray&#8220; disabled_on=&#8220;on|on|off&#8220; _builder_version=&#8220;3.21.4&#8243; max_width_phone=&#8220;100%&#8220; max_width_last_edited=&#8220;on|phone&#8220; custom_margin=&#8220;-318px|||-60px&#8220;][\/et_pb_image][\/et_pb_column][et_pb_column type=&#8220;1_2&#8243; _builder_version=&#8220;3.0.47&#8243;][et_pb_text _builder_version=&#8220;3.21.4&#8243; text_font=&#8220;|600|||||||&#8220; text_text_color=&#8220;#0c71c3&#8243; text_font_size=&#8220;28px&#8220; text_text_shadow_style=&#8220;preset4&#8243; header_font=&#8220;||||||||&#8220; text_orientation=&#8220;center&#8220; custom_margin=&#8220;8px|0px|8px|0px|true|true&#8220; custom_padding=&#8220;1px|8px|1px|0px|true|false&#8220;]<\/p>\n<p>Bez prodlevy!<\/p>\n<p>[\/et_pb_text][\/et_pb_column][et_pb_column type=&#8220;1_4&#8243; _builder_version=&#8220;3.0.47&#8243;][\/et_pb_column][\/et_pb_row][\/et_pb_section][et_pb_section fb_built=&#8220;1&#8243; disabled_on=&#8220;off|off|on&#8220; _builder_version=&#8220;3.21.4&#8243; background_image=&#8220;https:\/\/penispowerspray.com\/wp-content\/uploads\/2019\/05\/szex-aktus-orgia-szerelem.jpg&#8220; custom_margin=&#8220;-2px||-2px||true&#8220; custom_padding=&#8220;0px|0|0px||true|false&#8220; locked=&#8220;off&#8220;][et_pb_row use_custom_width=&#8220;on&#8220; width_unit=&#8220;off&#8220; custom_width_percent=&#8220;100%&#8220; custom_padding=&#8220;30px||0|0|false|false&#8220; disabled_on=&#8220;off|on|on&#8220; _builder_version=&#8220;3.21.4&#8243;][et_pb_column type=&#8220;1_4&#8243; _builder_version=&#8220;3.0.47&#8243;][et_pb_text _builder_version=&#8220;3.21.4&#8243; header_font=&#8220;|700|||||||&#8220; header_text_align=&#8220;center&#8220; header_text_color=&#8220;#efdf00&#8243; custom_margin=&#8220;-14px||-14px||true&#8220; inline_fonts=&#8220;Arial&#8220; header_text_color__hover_enabled=&#8220;on&#8220;]<\/p>\n<h1>KONE\u010cN\u011a!<br \/>\n\u00da\u010dinn\u00e9 \u0159e\u0161en\u00ed Va\u0161ich probl\u00e9m\u016f s erekc\u00ed!<\/h1>\n<p>[\/et_pb_text][\/et_pb_column][et_pb_column type=&#8220;1_4&#8243; _builder_version=&#8220;3.0.47&#8243;][et_pb_text _builder_version=&#8220;3.21.4&#8243; text_font=&#8220;Gabriela||||||||&#8220; text_text_color=&#8220;#ffffff&#8220; text_font_size=&#8220;25px&#8220; text_text_shadow_style=&#8220;preset5&#8243; text_text_shadow_color=&#8220;#282828&#8243; header_font=&#8220;||||||||&#8220; header_2_font=&#8220;|700|||||||&#8220; header_2_text_color=&#8220;#edf000&#8243; header_2_font_size=&#8220;32px&#8220; border_radii=&#8220;on|1px|1px|1px|1px&#8220; text_orientation=&#8220;center&#8220; background_layout=&#8220;dark&#8220;]<\/p>\n<p>#1 Nanaste v\u00fdrobek<\/p>\n<p>#2 V\u00fdsledek:<\/p>\n<h2>Okamzita erekce!<\/h2>\n<p>[\/et_pb_text][et_pb_image src=&#8220;https:\/\/penispowerspray.com\/wp-content\/uploads\/2019\/04\/dobozos-term\u00e9k-spray2-1-1.png&#8220; show_bottom_space=&#8220;off&#8220; align=&#8220;center&#8220; always_center_on_mobile=&#8220;off&#8220; _builder_version=&#8220;3.21.4&#8243; transform_translate=&#8220;101px|-19px&#8220; max_width=&#8220;57%&#8220; module_alignment=&#8220;center&#8220;][\/et_pb_image][et_pb_image src=&#8220;https:\/\/penispowerspray.com\/wp-content\/uploads\/2019\/05\/p\u00e9nisz-1.png&#8220; align=&#8220;center&#8220; force_fullwidth=&#8220;on&#8220; _builder_version=&#8220;3.21.4&#8243; custom_padding=&#8220;||2px&#8220; locked=&#8220;off&#8220;][\/et_pb_image][et_pb_button button_url=&#8220;https:\/\/penispowerspray.com\/sk\/jak-funguje\/#jak-funguje&#8220; button_text=&#8220;Jak v\u00fdrobek funguje&#8220; button_alignment=&#8220;center&#8220; _builder_version=&#8220;3.21.4&#8243;][\/et_pb_button][et_pb_image src=&#8220;https:\/\/penispowerspray.com\/wp-content\/uploads\/2019\/05\/objednetjtesi-Paypal.png&#8220; url=&#8220;https:\/\/penispowerspray.com\/sk\/objednavka\/\/#objednavka&#8220; _builder_version=&#8220;3.21.4&#8243; max_width=&#8220;54%&#8220;][\/et_pb_image][et_pb_button button_url=&#8220;https:\/\/penispowerspray.com\/sk\/#zkusenosti&#8220; button_text=&#8220;# Zku\u0161enosti #&#8220; button_alignment=&#8220;center&#8220; _builder_version=&#8220;3.21.4&#8243;][\/et_pb_button][\/et_pb_column][et_pb_column type=&#8220;1_4&#8243; _builder_version=&#8220;3.0.47&#8243;][et_pb_button button_url=&#8220;https:\/\/penispowerspray.com\/sk\/zaruka\/#zaruka&#8220; button_text=&#8220;# 100% Z\u00e1ruka #&#8220; button_alignment=&#8220;center&#8220; _builder_version=&#8220;3.21.4&#8243; custom_button=&#8220;on&#8220; button_text_size=&#8220;20px&#8220; button_font=&#8220;||||||||&#8220;][\/et_pb_button][\/et_pb_column][et_pb_column type=&#8220;1_4&#8243; _builder_version=&#8220;3.0.47&#8243;][\/et_pb_column][\/et_pb_row][\/et_pb_section][et_pb_section fb_built=&#8220;1&#8243; disabled_on=&#8220;off|on|on&#8220; _builder_version=&#8220;3.21.4&#8243; background_color=&#8220;#D9CAB0&#8243; custom_padding=&#8220;1px|0px|0|0px|false|false&#8220; locked=&#8220;off&#8220;][et_pb_row custom_padding=&#8220;0|0|0|0px|false|false&#8220; _builder_version=&#8220;3.21.4&#8243;][et_pb_column type=&#8220;1_4&#8243; _builder_version=&#8220;3.0.47&#8243;][\/et_pb_column][et_pb_column type=&#8220;1_2&#8243; _builder_version=&#8220;3.0.47&#8243;][et_pb_text _builder_version=&#8220;3.21.4&#8243; text_font=&#8220;|600|||||||&#8220; text_text_color=&#8220;#0c71c3&#8243; text_font_size=&#8220;28px&#8220; text_text_shadow_style=&#8220;preset4&#8243; header_font=&#8220;||||||||&#8220; text_orientation=&#8220;center&#8220; custom_margin=&#8220;8px|0px|8px|0px|true|true&#8220; custom_padding=&#8220;1px|8px|1px|0px|true|false&#8220;]<\/p>\n<p>Bez prodlevy!<\/p>\n<p>[\/et_pb_text][\/et_pb_column][et_pb_column type=&#8220;1_4&#8243; _builder_version=&#8220;3.0.47&#8243;][\/et_pb_column][\/et_pb_row][\/et_pb_section][et_pb_section fb_built=&#8220;1&#8243; _builder_version=&#8220;3.21.4&#8243; background_color=&#8220;#f7eaaf&#8220; background_size=&#8220;initial&#8220; custom_padding=&#8220;0|0px|0|0|false|false&#8220; locked=&#8220;off&#8220;][et_pb_row custom_padding=&#8220;27px|0px|32px|0px|false|false&#8220; custom_padding_last_edited=&#8220;on|desktop&#8220; _builder_version=&#8220;3.21.4&#8243;][et_pb_column type=&#8220;4_4&#8243; _builder_version=&#8220;3.0.47&#8243;][et_pb_text _builder_version=&#8220;3.21.4&#8243; text_font=&#8220;Arial||||||||&#8220; text_font_size=&#8220;16px&#8220; header_font=&#8220;||||||||&#8220;]<\/p>\n<p>Impressum<\/p>\n<p>Internet: www.penispowerspray.com\/sk<br \/> N\u00e1\u0161 kontakt:<br \/> E-mail: info@penispowerspray.com<\/p>\n<p>Ak by ste mali tak\u00fa ot\u00e1zku, na ktor\u00fa nedostanete odpove\u010f, kontaktujte n\u00e1s s d\u00f4verou.<\/p>\n<p>Prev\u00e1dzkovate\u013e e-shopu:<\/p>\n<p>X-Zone s.r.o.<br \/> 946 19 \u010c\u00ed\u010dov Po box: 69<\/p>\n<p>Pou\u017eitie cookies<\/p>\n<p>Ak chcete nav\u0161t\u00edvi\u0165 na\u0161e webov\u00e9 str\u00e1nky atrakt\u00edvne a obmedzuje pou\u017e\u00edvanie ur\u010dit\u00fdch funkci\u00ed, pou\u017e\u00edvame na opa\u010dn\u00fdch stran\u00e1ch cukrovinky. Jedn\u00e1 sa o mal\u00e9 textov\u00e9 s\u00fabory, ktor\u00e9 s\u00fa ulo\u017een\u00e9 na va\u0161om zariaden\u00ed. Niektor\u00e9 z cookies, ktor\u00e9 pou\u017e\u00edvame, s\u00fa po skon\u010den\u00ed rel\u00e1cie prehliada\u010da, tak\u017ee po zatvoren\u00ed prehliada\u010da, maza\u0165 (tzv. Cookies). \u010eal\u0161ie cookies, ktor\u00e9 zost\u00e1vaj\u00fa vo va\u0161om zariaden\u00ed a umo\u017en\u00ed n\u00e1m alebo partnersk\u00fdch spolo\u010dnost\u00ed, preto\u017ee V\u00e1\u0161 prehliada\u010d pri \u010fal\u0161ej n\u00e1v\u0161teve webovej str\u00e1nky (trval\u00e9 cookies).<\/p>\n<p>M\u00f4\u017eete nastavi\u0165 svoj prehliada\u010d tak, aby ste boli informovan\u00ed o pou\u017eit\u00ed cookies a rozhodn\u00fa\u0165 jednotlivo o ich prijat\u00ed alebo vyl\u00fa\u010di\u0165 prij\u00edmanie cookies v ur\u010dit\u00fdch pr\u00edpadoch alebo v\u0161eobecne.<\/p>\n<p>V neprijatia cookies, funk\u010dnos\u0165 na\u0161ich str\u00e1nok m\u00f4\u017ee by\u0165 obmedzen\u00e1.<\/p>\n<p>Pou\u017eitie webovej anal\u00fdzy slu\u017eieb<\/p>\n<p>\u201cT\u00e1to webov\u00e1 str\u00e1nka pou\u017e\u00edva Google Analytics, Web Analytics slu\u017eby poskytovan\u00e9 spolo\u010dnos\u0165ou Google Inc. (\u201d Google \u201c). Google Analytics pou\u017e\u00edva. \u201cCookies\u201d, textov\u00e9 s\u00fabory, ktor\u00e9 s\u00fa ulo\u017een\u00e9 v po\u010d\u00edta\u010di a umo\u017e\u0148uj\u00fa anal\u00fdzu v\u00e1\u0161ho pou\u017e\u00edvania tejto webovej str\u00e1nky. Inform\u00e1cie vygenerovan\u00e9 s\u00faborom cookie o u\u017e\u00edvan\u00ed tejto webovej str\u00e1nky s\u00fa obvykle prenesen\u00e9 na server spolo\u010dnosti Google v USA a tam ulo\u017een\u00e9. V pr\u00edpade aktiv\u00e1cie IP anonymiz\u00e1cie na tomto webe, bude va\u0161a IP adresa by\u0165 skr\u00e1ten\u00fd v r\u00e1mci \u010dlensk\u00fdch \u0161t\u00e1tov Eur\u00f3pskej \u00fanie alebo in\u00fdch zmluvn\u00fdch str\u00e1n Dohody o Eur\u00f3pskom hospod\u00e1rskom priestore. Iba vo v\u00fdnimo\u010dn\u00fdch pr\u00edpadoch bude pln\u00e1 IP adresa preveden\u00e1 na server spolo\u010dnosti Google v USA a tam skr\u00e1ten\u00e1. V mene prev\u00e1dzkovate\u013ea t\u00fdchto str\u00e1nok Google pou\u017eije tieto inform\u00e1cie na vyhodnotenie V\u00e1\u0161ho pou\u017e\u00edvania str\u00e1nky a vytv\u00e1ranie spr\u00e1v o aktivit\u00e1ch na webe a poskytuje im in\u00fd s webovej str\u00e1nky a s\u00favisiace internetov\u00e9 slu\u017eby na webov\u00fdch str\u00e1nkach prev\u00e1dzkovate\u013ea k erbringenDie v r\u00e1mci Google Analytics V\u00e1\u0161 prehliada\u010d IP adresa nem\u00f4\u017ee by\u0165 zl\u00fa\u010den\u00e9 s \u010fal\u0161\u00edmi d\u00e1tami z Googlu. M\u00f4\u017eete odmietnu\u0165 pou\u017e\u00edvanie s\u00faborov cookies nastaven\u00edm v\u00e1\u0161ho prehliada\u010da; Av\u0161ak upozor\u0148ujeme, \u017ee m\u00f4\u017eete volite\u013ene pou\u017ei\u0165 v plnej miere uplatnili v tomto pr\u00edpade nie v\u0161etky funkcie t\u00fdchto str\u00e1nok. M\u00f4\u017eete tie\u017e zabr\u00e1ni\u0165 d\u00e1ta generovan\u00e9 s\u00faborom cookie o u\u017e\u00edvan\u00ed tejto webovej str\u00e1nky (vr. Va\u0161ej IP adresy) na Google a spracovanie t\u00fdchto \u00fadajov spolo\u010dnos\u0165ou Google, stiahnut\u00edm k dispoz\u00edcii v nasleduj\u00facom odkaze prehliada\u010da plugin a in\u0161talova\u0165 s\u0165ahovanie<\/p>\n<p>Dementi<\/p>\n<p>T\u00e1to webov\u00e1 str\u00e1nka bola zostaven\u00e1 s maxim\u00e1lnou starostlivos\u0165ou. St\u00e1le nem\u00f4\u017ee zaru\u010di\u0165 X-Zone GmbH za spr\u00e1vnos\u0165 a presnos\u0165 obsiahnut\u00fdch inform\u00e1ci\u00ed. X-Zone GmbH vylu\u010duje ak\u00fako\u013evek zodpovednos\u0165 za \u0161kodu. Toto sa nevz\u0165ahuje na \u0161kody sp\u00f4soben\u00e9 ujmy na \u017eivote, zdrav\u00ed alebo zdravie. (Podobne, to neplat\u00ed pre n\u00e1roky pod\u013ea z\u00e1kona o zodpovednosti za v\u00fdrobok). Najm\u00e4 ru\u010d\u00edme v tomto pr\u00edpade nie je pre nepriame alebo n\u00e1sledn\u00e9 \u0161kody, najm\u00e4 pokia\u013e ide o \u0161kody sp\u00f4soben\u00e9 zmazanie d\u00e1t alebo po\u0161kodenie d\u00e1t, preto\u017ee je pre u\u017e\u00edvate\u013ea na prev\u00e1dzkovanie dostato\u010dne z\u00e1lohu. Sme nezodpoved\u00e1 za extern\u00e9 obsah, ku ktor\u00e9mu poskytujeme iba pr\u00edstup v ka\u017edom pr\u00edpade. Automatick\u00fd a do\u010dasn\u00e9 ods\u00fadenie extern\u00e9ho obsahu na na\u0161ich serveroch v s\u00falade s \u00a7 8 ods. 2 TMG ako samotn\u00e1 prenosu inform\u00e1ci\u00ed. Za obsah tret\u00edch str\u00e1n (alebo ich automatick\u00e9 a do\u010dasn\u00e9 ukladanie do medzipam\u00e4te pre zr\u00fdchlen\u00e9 doru\u010dovanie, vr\u00e1tane pou\u017e\u00edvanie cookies definovan\u00fdch v \u00a7 9 TMG), ktor\u00fd je dostupn\u00fd trvalo pou\u017e\u00edva\u0165, sme \u2013 aj ke\u010f s\u00fa nez\u00e1konn\u00e9 \u2013 zodpovedn\u00fd iba vtedy, ke\u010f hovor\u00edme o nich maj\u00fa obsah a je to technicky mo\u017en\u00e9 a rozumn\u00e9, aby sa zabr\u00e1nilo ich pou\u017eitia. Nie sme povinn\u00ed sledova\u0165 tak\u00fdto obsah tret\u00edch str\u00e1n na ich mo\u017en\u00e9 nez\u00e1konnosti.<\/p>\n<p>[\/et_pb_text][\/et_pb_column][\/et_pb_row][\/et_pb_section]<\/p>\n","protected":false},"excerpt":{"rendered":"<p>KONE\u010cN\u011a! \u00da\u010dinn\u00e9 \u0159e\u0161en\u00ed Va\u0161ich probl\u00e9m\u016f s erekc\u00ed!#1 Nanaste v\u00fdrobek #2 V\u00fdsledek: Okamzita erekce!Bez prodlevy!KONE\u010cN\u011a! \u00da\u010dinn\u00e9 \u0159e\u0161en\u00ed Va\u0161ich probl\u00e9m\u016f s erekc\u00ed!#1 Nanaste v\u00fdrobek #2 V\u00fdsledek: Okamzita erekce!Bez prodlevy!Impressum Internet: www.penispowerspray.com\/sk N\u00e1\u0161 kontakt: E-mail: info@penispowerspray.com Ak by ste mali tak\u00fa ot\u00e1zku, na ktor\u00fa nedostanete odpove\u010f, kontaktujte n\u00e1s s d\u00f4verou. Prev\u00e1dzkovate\u013e e-shopu: X-Zone s.r.o. 946 19 \u010c\u00ed\u010dov Po [&hellip;]<\/p>\n","protected":false},"author":1,"featured_media":0,"parent":0,"menu_order":0,"comment_status":"closed","ping_status":"closed","template":"","meta":{"_et_pb_use_builder":"on","_et_pb_old_content":"","_et_gb_content_width":""},"_links":{"self":[{"href":"https:\/\/penispowerspray.com\/sk\/wp-json\/wp\/v2\/pages\/1446"}],"collection":[{"href":"https:\/\/penispowerspray.com\/sk\/wp-json\/wp\/v2\/pages"}],"about":[{"href":"https:\/\/penispowerspray.com\/sk\/wp-json\/wp\/v2\/types\/page"}],"author":[{"embeddable":true,"href":"https:\/\/penispowerspray.com\/sk\/wp-json\/wp\/v2\/users\/1"}],"replies":[{"embeddable":true,"href":"https:\/\/penispowerspray.com\/sk\/wp-json\/wp\/v2\/comments?post=1446"}],"version-history":[{"count":4,"href":"https:\/\/penispowerspray.com\/sk\/wp-json\/wp\/v2\/pages\/1446\/revisions"}],"predecessor-version":[{"id":2301,"href":"https:\/\/penispowerspray.com\/sk\/wp-json\/wp\/v2\/pages\/1446\/revisions\/2301"}],"wp:attachment":[{"href":"https:\/\/penispowerspray.com\/sk\/wp-json\/wp\/v2\/media?parent=1446"}],"curies":[{"name":"wp","href":"https:\/\/api.w.org\/{rel}","templated":true}]}}