{"id":1189,"date":"2019-04-27T11:31:46","date_gmt":"2019-04-27T11:31:46","guid":{"rendered":"http:\/\/penispowerspray.com\/?page_id=1189"},"modified":"2024-06-18T11:50:49","modified_gmt":"2024-06-18T11:50:49","slug":"kontakt","status":"publish","type":"page","link":"https:\/\/penispowerspray.com\/sk\/kontakt\/","title":{"rendered":"Kontakt"},"content":{"rendered":"<p>[et_pb_section fb_built=&#8220;1&#8243; disabled_on=&#8220;on|off|off&#8220; _builder_version=&#8220;4.16&#8243; background_image=&#8220;https:\/\/penispowerspray.com\/wp-content\/uploads\/2019\/07\/siln\u00e1-erekce-s-penispowerspray.jpg&#8220; custom_padding=&#8220;0px|0px|0px|0px|true|true&#8220; locked=&#8220;off&#8220; global_colors_info=&#8220;{}&#8220;][et_pb_row disabled_on=&#8220;on|off|off&#8220; _builder_version=&#8220;4.16&#8243; module_alignment=&#8220;center&#8220; custom_padding=&#8220;38px|0px|38px|0px|true|false&#8220; global_colors_info=&#8220;{}&#8220; background__hover_enabled=&#8220;on&#8220; column_structure=&#8220;1_4,1_4,1_4,1_4&#8243;][et_pb_column type=&#8220;1_4&#8243; _builder_version=&#8220;4.16&#8243; custom_padding=&#8220;|||&#8220; global_colors_info=&#8220;{}&#8220; custom_padding__hover=&#8220;|||&#8220;][et_pb_image src=&#8220;https:\/\/penispowerspray.com\/wp-content\/uploads\/2019\/05\/z\u00e1ruka-vr\u00e1cen\u00ed-pen\u011bz.png&#8220; align_tablet=&#8220;center&#8220; align_last_edited=&#8220;on|desktop&#8220; _builder_version=&#8220;4.16&#8243; max_width=&#8220;57%&#8220; custom_margin=&#8220;-44px|||-60px&#8220; global_colors_info=&#8220;{}&#8220; align_phone=&#8220;center&#8220;][\/et_pb_image][\/et_pb_column][et_pb_column type=&#8220;1_4&#8243; _builder_version=&#8220;4.16&#8243; custom_padding=&#8220;|||&#8220; global_colors_info=&#8220;{}&#8220; custom_padding__hover=&#8220;|||&#8220;][et_pb_text disabled_on=&#8220;off|off|off&#8220; _builder_version=&#8220;4.16&#8243; text_font=&#8220;||||||||&#8220; text_text_color=&#8220;#edf000&#8243; text_font_size=&#8220;16px&#8220; header_font=&#8220;Verdana|700|||||||&#8220; header_text_align=&#8220;left&#8220; header_text_color=&#8220;#f7f600&#8243; header_font_size=&#8220;28px&#8220; z_index=&#8220;0&#8243; custom_margin=&#8220;||0px&#8220; header_text_shadow_style=&#8220;preset2&#8243; header_text_shadow_horizontal_length=&#8220;0.03em&#8220; header_text_shadow_vertical_length=&#8220;0.1em&#8220; inline_fonts=&#8220;Arial&#8220; global_colors_info=&#8220;{}&#8220; header_text_color__hover_enabled=&#8220;on&#8220; header_text_color__hover=&#8220;#f7f600&#8243;]<\/p>\n<h1>KONE\u010cN\u011a!<br \/>\n\u00da\u010dinn\u00e9 \u0159e\u0161en\u00ed Va\u0161ich probl\u00e9m\u016f s erekc\u00ed!<\/h1>\n<p>[\/et_pb_text][et_pb_text _builder_version=&#8220;4.16&#8243; text_font=&#8220;Gabriela||||||||&#8220; text_text_color=&#8220;#ffffff&#8220; text_font_size=&#8220;25px&#8220; header_font=&#8220;||||||||&#8220; header_2_font=&#8220;|700|||||||&#8220; header_2_text_color=&#8220;#edf000&#8243; header_2_font_size=&#8220;32px&#8220; background_layout=&#8220;dark&#8220; custom_margin=&#8220;80px||&#8220; text_text_shadow_style=&#8220;preset5&#8243; text_text_shadow_color=&#8220;#282828&#8243; border_radii=&#8220;on|1px|1px|1px|1px&#8220; global_colors_info=&#8220;{}&#8220;]<\/p>\n<p>#1 Nanaste v\u00fdrobek<\/p>\n<p>#2 V\u00fdsledek:<\/p>\n<h2>Okamzita erekce!<\/h2>\n<p>[\/et_pb_text][\/et_pb_column][et_pb_column type=&#8220;1_4&#8243; _builder_version=&#8220;4.16&#8243; custom_padding=&#8220;|||&#8220; global_colors_info=&#8220;{}&#8220; custom_padding__hover=&#8220;|||&#8220;][et_pb_image src=&#8220;https:\/\/penispowerspray.com\/wp-content\/uploads\/2024\/06\/erekcny-sprej.webp&#8220; align_tablet=&#8220;center&#8220; align_last_edited=&#8220;on|desktop&#8220; _builder_version=&#8220;4.21.0&#8243; transform_scale=&#8220;146%|146%&#8220; module_alignment=&#8220;center&#8220; custom_margin=&#8220;100px||&#8220; hover_enabled=&#8220;0&#8243; global_colors_info=&#8220;{}&#8220; alt=&#8220;erek\u010dn\u00fd sprej&#8220; title_text=&#8220;erek\u010dn\u00fd sprej&#8220; sticky_enabled=&#8220;0&#8243; align_phone=&#8220;center&#8220;][\/et_pb_image][\/et_pb_column][et_pb_column type=&#8220;1_4&#8243; _builder_version=&#8220;4.16&#8243; custom_padding=&#8220;|||&#8220; global_colors_info=&#8220;{}&#8220; custom_padding__hover=&#8220;|||&#8220;][et_pb_image src=&#8220;https:\/\/penispowerspray.com\/wp-content\/uploads\/2019\/05\/objednetjtesi-Paypal.png&#8220; url=&#8220;https:\/\/penispowerspray.com\/sk\/objednavka\/#objednavka&#8220; align_tablet=&#8220;center&#8220; align_last_edited=&#8220;on|desktop&#8220; _builder_version=&#8220;4.16&#8243; global_colors_info=&#8220;{}&#8220; transform_styles__hover_enabled=&#8220;on&#8220; transform_scale__hover_enabled=&#8220;on&#8220; transform_translate__hover_enabled=&#8220;on&#8220; transform_rotate__hover_enabled=&#8220;on&#8220; transform_skew__hover_enabled=&#8220;on&#8220; transform_origin__hover_enabled=&#8220;on&#8220; transform_scale__hover=&#8220;116%|116%&#8220; align_phone=&#8220;center&#8220;][\/et_pb_image][et_pb_text _builder_version=&#8220;4.16&#8243; text_font=&#8220;||||||||&#8220; text_text_color=&#8220;#ffffff&#8220; text_font_size=&#8220;17px&#8220; global_colors_info=&#8220;{}&#8220;]<\/p>\n<p><strong>-Zmest\u00ed sa aj na malom mieste.<\/strong><\/p>\n<p><strong>-Okam\u017eit\u00fd v\u00fdsledok u\u017e po prvom u\u017eit\u00ed.<\/strong><\/p>\n<p><strong>-Jednoduch\u00e9 a u\u017e\u00edvate\u013esky pr\u00edvetiv\u00e9.<\/strong><\/p>\n<p>[\/et_pb_text][\/et_pb_column][\/et_pb_row][\/et_pb_section][et_pb_section fb_built=&#8220;1&#8243; disabled_on=&#8220;on|on|off&#8220; _builder_version=&#8220;4.16&#8243; background_color=&#8220;#D9CAB0&#8243; custom_padding=&#8220;1px|0px|0|0px|false|false&#8220; locked=&#8220;off&#8220; global_colors_info=&#8220;{}&#8220;][et_pb_row _builder_version=&#8220;4.16&#8243; custom_padding=&#8220;0|0|0|0px|false|false&#8220; global_colors_info=&#8220;{}&#8220; column_structure=&#8220;1_4,1_2,1_4&#8243;][et_pb_column type=&#8220;1_4&#8243; _builder_version=&#8220;4.16&#8243; custom_padding=&#8220;|||&#8220; global_colors_info=&#8220;{}&#8220; custom_padding__hover=&#8220;|||&#8220;][et_pb_image src=&#8220;https:\/\/penispowerspray.com\/wp-content\/uploads\/2024\/06\/sprej-na-erekciu-penisu.webp&#8220; alt=&#8220;sprej na erekciu penisu&#8220; align_tablet=&#8220;center&#8220; align_last_edited=&#8220;on|desktop&#8220; disabled_on=&#8220;on|on|off&#8220; _builder_version=&#8220;4.21.0&#8243; max_width_tablet=&#8220;&#8220; max_width_phone=&#8220;100%&#8220; max_width_last_edited=&#8220;on|phone&#8220; custom_margin=&#8220;-318px|||-60px&#8220; hover_enabled=&#8220;0&#8243; global_colors_info=&#8220;{}&#8220; title_text=&#8220;sprej na erekciu penisu&#8220; sticky_enabled=&#8220;0&#8243; align_phone=&#8220;center&#8220;][\/et_pb_image][\/et_pb_column][et_pb_column type=&#8220;1_2&#8243; _builder_version=&#8220;4.16&#8243; custom_padding=&#8220;|||&#8220; global_colors_info=&#8220;{}&#8220; custom_padding__hover=&#8220;|||&#8220;][et_pb_text _builder_version=&#8220;4.16&#8243; text_font=&#8220;|600|||||||&#8220; text_text_color=&#8220;#0c71c3&#8243; text_font_size=&#8220;28px&#8220; header_font=&#8220;||||||||&#8220; text_orientation=&#8220;center&#8220; custom_margin=&#8220;8px|0px|8px|0px|true|true&#8220; custom_padding=&#8220;1px|8px|1px|0px|true|false&#8220; text_text_shadow_style=&#8220;preset4&#8243; global_colors_info=&#8220;{}&#8220;]<\/p>\n<p>Bez prodlevy!<\/p>\n<p>[\/et_pb_text][\/et_pb_column][et_pb_column type=&#8220;1_4&#8243; _builder_version=&#8220;4.16&#8243; custom_padding=&#8220;|||&#8220; global_colors_info=&#8220;{}&#8220; custom_padding__hover=&#8220;|||&#8220;][\/et_pb_column][\/et_pb_row][\/et_pb_section][et_pb_section fb_built=&#8220;1&#8243; disabled_on=&#8220;off|off|on&#8220; _builder_version=&#8220;4.16&#8243; background_image=&#8220;https:\/\/penispowerspray.com\/wp-content\/uploads\/2019\/05\/szex-aktus-orgia-szerelem.jpg&#8220; custom_margin=&#8220;-2px||-2px||true&#8220; custom_padding=&#8220;0px|0|0px||true|false&#8220; locked=&#8220;off&#8220; global_colors_info=&#8220;{}&#8220;][et_pb_row disabled_on=&#8220;off|on|on&#8220; _builder_version=&#8220;4.16&#8243; width=&#8220;100%&#8220; max_width=&#8220;100%&#8220; custom_padding=&#8220;30px||0|0|false|false&#8220; use_custom_width=&#8220;on&#8220; width_unit=&#8220;off&#8220; custom_width_percent=&#8220;100%&#8220; global_colors_info=&#8220;{}&#8220; column_structure=&#8220;1_4,1_4,1_4,1_4&#8243;][et_pb_column type=&#8220;1_4&#8243; _builder_version=&#8220;4.16&#8243; custom_padding=&#8220;|||&#8220; global_colors_info=&#8220;{}&#8220; custom_padding__hover=&#8220;|||&#8220;][et_pb_text _builder_version=&#8220;4.16&#8243; header_font=&#8220;|700|||||||&#8220; header_text_align=&#8220;center&#8220; header_text_color=&#8220;#efdf00&#8243; custom_margin=&#8220;-14px||-14px||true&#8220; inline_fonts=&#8220;Arial&#8220; global_colors_info=&#8220;{}&#8220; header_text_color__hover_enabled=&#8220;on&#8220; header_text_color__hover=&#8220;#efdf00&#8243;]<\/p>\n<h1>KONE\u010cN\u011a!<br \/>\n\u00da\u010dinn\u00e9 \u0159e\u0161en\u00ed Va\u0161ich probl\u00e9m\u016f s erekc\u00ed!<\/h1>\n<p>[\/et_pb_text][\/et_pb_column][et_pb_column type=&#8220;1_4&#8243; _builder_version=&#8220;4.16&#8243; custom_padding=&#8220;|||&#8220; global_colors_info=&#8220;{}&#8220; custom_padding__hover=&#8220;|||&#8220;][et_pb_text _builder_version=&#8220;4.16&#8243; text_font=&#8220;Gabriela||||||||&#8220; text_text_color=&#8220;#ffffff&#8220; text_font_size=&#8220;25px&#8220; header_font=&#8220;||||||||&#8220; header_2_font=&#8220;|700|||||||&#8220; header_2_text_color=&#8220;#edf000&#8243; header_2_font_size=&#8220;32px&#8220; text_orientation=&#8220;center&#8220; background_layout=&#8220;dark&#8220; text_text_shadow_style=&#8220;preset5&#8243; text_text_shadow_color=&#8220;#282828&#8243; border_radii=&#8220;on|1px|1px|1px|1px&#8220; global_colors_info=&#8220;{}&#8220;]<\/p>\n<p>#1 Nanaste v\u00fdrobek<\/p>\n<p>#2 V\u00fdsledek:<\/p>\n<h2>Okamzita erekce!<\/h2>\n<p>[\/et_pb_text][et_pb_image src=&#8220;https:\/\/penispowerspray.com\/wp-content\/uploads\/2024\/06\/erekcny-sprej.webp&#8220; show_bottom_space=&#8220;off&#8220; align=&#8220;center&#8220; _builder_version=&#8220;4.21.0&#8243; transform_translate=&#8220;101px|-19px&#8220; max_width=&#8220;57%&#8220; module_alignment=&#8220;center&#8220; hover_enabled=&#8220;0&#8243; always_center_on_mobile=&#8220;off&#8220; global_colors_info=&#8220;{}&#8220; alt=&#8220;erek\u010dn\u00fd sprej&#8220; title_text=&#8220;erek\u010dn\u00fd sprej&#8220; sticky_enabled=&#8220;0&#8243;][\/et_pb_image][et_pb_image src=&#8220;https:\/\/penispowerspray.com\/wp-content\/uploads\/2019\/05\/objednetjtesi-Paypal.png&#8220; url=&#8220;https:\/\/penispowerspray.com\/sk\/objednavka\/\/#objednavka&#8220; align_tablet=&#8220;center&#8220; align_last_edited=&#8220;on|desktop&#8220; _builder_version=&#8220;4.16&#8243; max_width=&#8220;54%&#8220; global_colors_info=&#8220;{}&#8220; align_phone=&#8220;center&#8220;][\/et_pb_image][\/et_pb_column][et_pb_column type=&#8220;1_4&#8243; _builder_version=&#8220;4.16&#8243; custom_padding=&#8220;|||&#8220; global_colors_info=&#8220;{}&#8220; custom_padding__hover=&#8220;|||&#8220;][et_pb_text _builder_version=&#8220;4.16&#8243; text_font=&#8220;||||||||&#8220; text_text_color=&#8220;#ffffff&#8220; text_font_size=&#8220;17px&#8220; text_orientation=&#8220;center&#8220; locked=&#8220;off&#8220; global_colors_info=&#8220;{}&#8220;]<\/p>\n<p><strong>-Zmest\u00ed sa aj na malom mieste.<\/strong><\/p>\n<p><strong>-Okam\u017eit\u00fd v\u00fdsledok u\u017e po prvom u\u017eit\u00ed.<\/strong><\/p>\n<p><strong>-Jednoduch\u00e9 a u\u017e\u00edvate\u013esky pr\u00edvetiv\u00e9.<\/strong><\/p>\n<p>[\/et_pb_text][\/et_pb_column][et_pb_column type=&#8220;1_4&#8243; _builder_version=&#8220;4.16&#8243; custom_padding=&#8220;|||&#8220; global_colors_info=&#8220;{}&#8220; custom_padding__hover=&#8220;|||&#8220;][\/et_pb_column][\/et_pb_row][\/et_pb_section][et_pb_section fb_built=&#8220;1&#8243; disabled_on=&#8220;off|on|on&#8220; _builder_version=&#8220;4.16&#8243; background_color=&#8220;#D9CAB0&#8243; custom_padding=&#8220;1px|0px|0|0px|false|false&#8220; locked=&#8220;off&#8220; global_colors_info=&#8220;{}&#8220;][et_pb_row _builder_version=&#8220;4.16&#8243; custom_padding=&#8220;0|0|0|0px|false|false&#8220; global_colors_info=&#8220;{}&#8220; column_structure=&#8220;1_4,1_2,1_4&#8243;][et_pb_column type=&#8220;1_4&#8243; _builder_version=&#8220;4.16&#8243; custom_padding=&#8220;|||&#8220; global_colors_info=&#8220;{}&#8220; custom_padding__hover=&#8220;|||&#8220;][\/et_pb_column][et_pb_column type=&#8220;1_2&#8243; _builder_version=&#8220;4.16&#8243; custom_padding=&#8220;|||&#8220; global_colors_info=&#8220;{}&#8220; custom_padding__hover=&#8220;|||&#8220;][et_pb_text _builder_version=&#8220;4.16&#8243; text_font=&#8220;|600|||||||&#8220; text_text_color=&#8220;#0c71c3&#8243; text_font_size=&#8220;28px&#8220; header_font=&#8220;||||||||&#8220; text_orientation=&#8220;center&#8220; custom_margin=&#8220;8px|0px|8px|0px|true|true&#8220; custom_padding=&#8220;1px|8px|1px|0px|true|false&#8220; text_text_shadow_style=&#8220;preset4&#8243; global_colors_info=&#8220;{}&#8220;]<\/p>\n<p>Bez prodlevy!<\/p>\n<p>[\/et_pb_text][\/et_pb_column][et_pb_column type=&#8220;1_4&#8243; _builder_version=&#8220;4.16&#8243; custom_padding=&#8220;|||&#8220; global_colors_info=&#8220;{}&#8220; custom_padding__hover=&#8220;|||&#8220;][\/et_pb_column][\/et_pb_row][\/et_pb_section][et_pb_section fb_built=&#8220;1&#8243; _builder_version=&#8220;4.16&#8243; global_colors_info=&#8220;{}&#8220;][et_pb_row _builder_version=&#8220;4.16&#8243; global_colors_info=&#8220;{}&#8220; column_structure=&#8220;1_5,3_5,1_5&#8243;][et_pb_column type=&#8220;1_5&#8243; _builder_version=&#8220;4.16&#8243; custom_padding=&#8220;|||&#8220; global_colors_info=&#8220;{}&#8220; custom_padding__hover=&#8220;|||&#8220;][\/et_pb_column][et_pb_column type=&#8220;3_5&#8243; _builder_version=&#8220;4.16&#8243; custom_padding=&#8220;|||&#8220; global_colors_info=&#8220;{}&#8220; custom_padding__hover=&#8220;|||&#8220;][et_pb_text _builder_version=&#8220;4.16&#8243; global_colors_info=&#8220;{}&#8220;]<\/p>\n<h2 style=\"text-align: center;\"><strong>Kontakt<\/strong><\/h2>\n<p style=\"text-align: center;\">Pomocou ni\u017e\u0161ie uveden\u00e9ho formul\u00e1ra n\u00e1m m\u00f4\u017eete okam\u017eite posla\u0165 spr\u00e1vu. Do doby 24 hod\u00edn sa bude s Vami kontaktova\u0165 n\u00e1s zamestnanec. Okrem toho by sme V\u00e1s chceli poprosi\u0165 o to, aby sa s nami podelili o Va\u0161e sk\u00fasenosti a n\u00e1zory na produkt, preto\u017ee chceme my a aj ostatn\u00ed bud\u00faci pou\u017e\u00edvate\u017eovia pozna\u0165 V\u00e1\u0161 n\u00e1zor!<\/p>\n<p>[\/et_pb_text][\/et_pb_column][et_pb_column type=&#8220;1_5&#8243; _builder_version=&#8220;4.16&#8243; custom_padding=&#8220;|||&#8220; global_colors_info=&#8220;{}&#8220; custom_padding__hover=&#8220;|||&#8220;][\/et_pb_column][\/et_pb_row][et_pb_row _builder_version=&#8220;4.16&#8243; global_colors_info=&#8220;{}&#8220; column_structure=&#8220;1_5,3_5,1_5&#8243;][et_pb_column type=&#8220;1_5&#8243; _builder_version=&#8220;4.16&#8243; custom_padding=&#8220;|||&#8220; global_colors_info=&#8220;{}&#8220; custom_padding__hover=&#8220;|||&#8220;][\/et_pb_column][et_pb_column type=&#8220;3_5&#8243; _builder_version=&#8220;4.16&#8243; custom_padding=&#8220;|||&#8220; global_colors_info=&#8220;{}&#8220; custom_padding__hover=&#8220;|||&#8220;][et_pb_text module_class=&#8220;kapcsolat&#8220; _builder_version=&#8220;4.16&#8243; global_colors_info=&#8220;{}&#8220;]<\/p>\n\n<div class=\"wpcf7 no-js\" id=\"wpcf7-f2303-o1\" lang=\"en-US\" dir=\"ltr\">\n<div class=\"screen-reader-response\"><p role=\"status\" aria-live=\"polite\" aria-atomic=\"true\"><\/p> <ul><\/ul><\/div>\n<form action=\"\/sk\/wp-json\/wp\/v2\/pages\/1189#wpcf7-f2303-o1\" method=\"post\" class=\"wpcf7-form init\" aria-label=\"Contact form\" novalidate=\"novalidate\" data-status=\"init\">\n<div style=\"display: none;\">\n<input type=\"hidden\" name=\"_wpcf7\" value=\"2303\" \/>\n<input type=\"hidden\" name=\"_wpcf7_version\" value=\"5.8.7\" \/>\n<input type=\"hidden\" name=\"_wpcf7_locale\" value=\"en_US\" \/>\n<input type=\"hidden\" name=\"_wpcf7_unit_tag\" value=\"wpcf7-f2303-o1\" \/>\n<input type=\"hidden\" name=\"_wpcf7_container_post\" value=\"0\" \/>\n<input type=\"hidden\" name=\"_wpcf7_posted_data_hash\" value=\"\" \/>\n<input type=\"hidden\" name=\"_wpcf7_recaptcha_response\" value=\"\" \/>\n<\/div>\n<p><label> Your Name (required)<br \/>\n<span class=\"wpcf7-form-control-wrap\" data-name=\"your-name\"><input size=\"40\" class=\"wpcf7-form-control wpcf7-text wpcf7-validates-as-required\" aria-required=\"true\" aria-invalid=\"false\" value=\"\" type=\"text\" name=\"your-name\" \/><\/span> <\/label>\n<\/p>\n<p><label> Your Email (required)<br \/>\n<span class=\"wpcf7-form-control-wrap\" data-name=\"your-email\"><input size=\"40\" class=\"wpcf7-form-control wpcf7-email wpcf7-validates-as-required wpcf7-text wpcf7-validates-as-email\" aria-required=\"true\" aria-invalid=\"false\" value=\"\" type=\"email\" name=\"your-email\" \/><\/span> <\/label>\n<\/p>\n<p><label> Your Message<br \/>\n<span class=\"wpcf7-form-control-wrap\" data-name=\"your-message\"><textarea cols=\"40\" rows=\"10\" class=\"wpcf7-form-control wpcf7-textarea\" aria-invalid=\"false\" name=\"your-message\"><\/textarea><\/span> <\/label>\n<\/p>\n<p><button class=\"wpcf7-form-control wpcf7-submit has-spinner et_pb_button et_pb_bg_layout_light\" type=\"submit\" value=\"Send\">Send<\/button>\n<\/p><div class=\"wpcf7-response-output\" aria-hidden=\"true\"><\/div>\n<\/form>\n<\/div>\n\n<p>[\/et_pb_text][\/et_pb_column][et_pb_column type=&#8220;1_5&#8243; _builder_version=&#8220;4.16&#8243; custom_padding=&#8220;|||&#8220; global_colors_info=&#8220;{}&#8220; custom_padding__hover=&#8220;|||&#8220;][\/et_pb_column][\/et_pb_row][\/et_pb_section]<\/p>\n","protected":false},"excerpt":{"rendered":"<p>KONE\u010cN\u011a! \u00da\u010dinn\u00e9 \u0159e\u0161en\u00ed Va\u0161ich probl\u00e9m\u016f s erekc\u00ed!#1 Nanaste v\u00fdrobek #2 V\u00fdsledek: Okamzita erekce!-Zmest\u00ed sa aj na malom mieste. -Okam\u017eit\u00fd v\u00fdsledok u\u017e po prvom u\u017eit\u00ed. -Jednoduch\u00e9 a u\u017e\u00edvate\u013esky pr\u00edvetiv\u00e9.Bez prodlevy!KONE\u010cN\u011a! \u00da\u010dinn\u00e9 \u0159e\u0161en\u00ed Va\u0161ich probl\u00e9m\u016f s erekc\u00ed!#1 Nanaste v\u00fdrobek #2 V\u00fdsledek: Okamzita erekce!-Zmest\u00ed sa aj na malom mieste. -Okam\u017eit\u00fd v\u00fdsledok u\u017e po prvom u\u017eit\u00ed. -Jednoduch\u00e9 a u\u017e\u00edvate\u013esky [&hellip;]<\/p>\n","protected":false},"author":1,"featured_media":0,"parent":0,"menu_order":0,"comment_status":"closed","ping_status":"closed","template":"","meta":{"_et_pb_use_builder":"on","_et_pb_old_content":"","_et_gb_content_width":""},"_links":{"self":[{"href":"https:\/\/penispowerspray.com\/sk\/wp-json\/wp\/v2\/pages\/1189"}],"collection":[{"href":"https:\/\/penispowerspray.com\/sk\/wp-json\/wp\/v2\/pages"}],"about":[{"href":"https:\/\/penispowerspray.com\/sk\/wp-json\/wp\/v2\/types\/page"}],"author":[{"embeddable":true,"href":"https:\/\/penispowerspray.com\/sk\/wp-json\/wp\/v2\/users\/1"}],"replies":[{"embeddable":true,"href":"https:\/\/penispowerspray.com\/sk\/wp-json\/wp\/v2\/comments?post=1189"}],"version-history":[{"count":8,"href":"https:\/\/penispowerspray.com\/sk\/wp-json\/wp\/v2\/pages\/1189\/revisions"}],"predecessor-version":[{"id":23988,"href":"https:\/\/penispowerspray.com\/sk\/wp-json\/wp\/v2\/pages\/1189\/revisions\/23988"}],"wp:attachment":[{"href":"https:\/\/penispowerspray.com\/sk\/wp-json\/wp\/v2\/media?parent=1189"}],"curies":[{"name":"wp","href":"https:\/\/api.w.org\/{rel}","templated":true}]}}