{"id":1183,"date":"2019-04-27T11:29:42","date_gmt":"2019-04-27T11:29:42","guid":{"rendered":"http:\/\/penispowerspray.com\/?page_id=1183"},"modified":"2020-01-17T11:33:44","modified_gmt":"2020-01-17T11:33:44","slug":"erekcia-blog","status":"publish","type":"page","link":"https:\/\/penispowerspray.com\/sk\/erekcia-blog\/","title":{"rendered":"Erekcia Blog"},"content":{"rendered":"<p>[et_pb_section fb_built=&#8220;1&#8243; disabled_on=&#8220;on|on|off&#8220; _builder_version=&#8220;3.21.4&#8243; background_image=&#8220;https:\/\/penispowerspray.com\/wp-content\/uploads\/2019\/05\/sex-orgazmus-erekce.jpg&#8220; custom_padding=&#8220;0px|0px|0px|0px|true|true&#8220; locked=&#8220;off&#8220;][et_pb_row custom_padding=&#8220;38px|0px|38px|0px|true|false&#8220; disabled_on=&#8220;on|off|off&#8220; _builder_version=&#8220;3.21.4&#8243; module_alignment=&#8220;center&#8220; background__hover_enabled=&#8220;on&#8220;][et_pb_column type=&#8220;1_4&#8243; _builder_version=&#8220;3.0.47&#8243;][et_pb_image src=&#8220;https:\/\/penispowerspray.com\/wp-content\/uploads\/2019\/05\/z\u00e1ruka-vr\u00e1cen\u00ed-pen\u011bz.png&#8220; _builder_version=&#8220;3.21.4&#8243; max_width=&#8220;57%&#8220; custom_margin=&#8220;-44px|||-60px&#8220;][\/et_pb_image][\/et_pb_column][et_pb_column type=&#8220;1_4&#8243; _builder_version=&#8220;3.0.47&#8243;][et_pb_text disabled_on=&#8220;off|off|off&#8220; _builder_version=&#8220;3.21.4&#8243; text_font=&#8220;||||||||&#8220; text_text_color=&#8220;#edf000&#8243; text_font_size=&#8220;16px&#8220; header_font=&#8220;Verdana|700|||||||&#8220; header_text_align=&#8220;left&#8220; header_text_color=&#8220;#f7f600&#8243; header_font_size=&#8220;28px&#8220; header_text_shadow_style=&#8220;preset2&#8243; header_text_shadow_horizontal_length=&#8220;0.03em&#8220; header_text_shadow_vertical_length=&#8220;0.1em&#8220; custom_margin=&#8220;||0px&#8220; z_index=&#8220;0&#8243; inline_fonts=&#8220;Arial&#8220; header_text_color__hover_enabled=&#8220;on&#8220;]<\/p>\n<h1>KONE\u010cN\u011a!<br \/>\n\u00da\u010dinn\u00e9 \u0159e\u0161en\u00ed Va\u0161ich probl\u00e9m\u016f s erekc\u00ed!<\/h1>\n<p>[\/et_pb_text][et_pb_text _builder_version=&#8220;3.21.4&#8243; text_font=&#8220;Gabriela||||||||&#8220; text_text_color=&#8220;#ffffff&#8220; text_font_size=&#8220;25px&#8220; text_text_shadow_style=&#8220;preset5&#8243; text_text_shadow_color=&#8220;#282828&#8243; header_font=&#8220;||||||||&#8220; header_2_font=&#8220;|700|||||||&#8220; header_2_text_color=&#8220;#edf000&#8243; header_2_font_size=&#8220;32px&#8220; border_radii=&#8220;on|1px|1px|1px|1px&#8220; background_layout=&#8220;dark&#8220; custom_margin=&#8220;80px||&#8220;]<\/p>\n<p>#1 Nanaste v\u00fdrobek<\/p>\n<p>#2 V\u00fdsledek:<\/p>\n<h2>Okamzita erekce!<\/h2>\n<p>[\/et_pb_text][\/et_pb_column][et_pb_column type=&#8220;1_4&#8243; _builder_version=&#8220;3.0.47&#8243;][et_pb_image src=&#8220;https:\/\/penispowerspray.com\/wp-content\/uploads\/2019\/04\/dobozos-term\u00e9k-spray2-1.png&#8220; _builder_version=&#8220;3.21.4&#8243; transform_scale=&#8220;146%|146%&#8220; module_alignment=&#8220;center&#8220; custom_margin=&#8220;100px||&#8220;][\/et_pb_image][\/et_pb_column][et_pb_column type=&#8220;1_4&#8243; _builder_version=&#8220;3.0.47&#8243;][et_pb_image src=&#8220;https:\/\/penispowerspray.com\/wp-content\/uploads\/2019\/05\/objednetjtesi-Paypal.png&#8220; url=&#8220;https:\/\/penispowerspray.com\/sk\/objednavka\/#objednavka&#8220; _builder_version=&#8220;3.21.4&#8243; transform_styles__hover_enabled=&#8220;on&#8220; transform_scale__hover_enabled=&#8220;on&#8220; transform_translate__hover_enabled=&#8220;on&#8220; transform_rotate__hover_enabled=&#8220;on&#8220; transform_skew__hover_enabled=&#8220;on&#8220; transform_origin__hover_enabled=&#8220;on&#8220; transform_scale__hover=&#8220;116%|116%&#8220;][\/et_pb_image][\/et_pb_column][\/et_pb_row][\/et_pb_section][et_pb_section fb_built=&#8220;1&#8243; disabled_on=&#8220;on|on|off&#8220; _builder_version=&#8220;3.21.4&#8243; background_color=&#8220;#D9CAB0&#8243; custom_padding=&#8220;1px|0px|0|0px|false|false&#8220; locked=&#8220;off&#8220;][et_pb_row custom_padding=&#8220;0|0|0|0px|false|false&#8220; _builder_version=&#8220;3.21.4&#8243;][et_pb_column type=&#8220;1_4&#8243; _builder_version=&#8220;3.0.47&#8243;][et_pb_image src=&#8220;https:\/\/penispowerspray.com\/wp-content\/uploads\/2019\/05\/penis-erekci\u00f3-spray.png&#8220; alt=&#8220;penis erektion spray&#8220; disabled_on=&#8220;on|on|off&#8220; _builder_version=&#8220;3.21.4&#8243; max_width_phone=&#8220;100%&#8220; max_width_last_edited=&#8220;on|phone&#8220; custom_margin=&#8220;-318px|||-60px&#8220;][\/et_pb_image][\/et_pb_column][et_pb_column type=&#8220;1_2&#8243; _builder_version=&#8220;3.0.47&#8243;][et_pb_text _builder_version=&#8220;3.21.4&#8243; text_font=&#8220;|600|||||||&#8220; text_text_color=&#8220;#0c71c3&#8243; text_font_size=&#8220;28px&#8220; text_text_shadow_style=&#8220;preset4&#8243; header_font=&#8220;||||||||&#8220; text_orientation=&#8220;center&#8220; custom_margin=&#8220;8px|0px|8px|0px|true|true&#8220; custom_padding=&#8220;1px|8px|1px|0px|true|false&#8220;]<\/p>\n<p>Bez prodlevy!<\/p>\n<p>[\/et_pb_text][\/et_pb_column][et_pb_column type=&#8220;1_4&#8243; _builder_version=&#8220;3.0.47&#8243;][\/et_pb_column][\/et_pb_row][\/et_pb_section][et_pb_section fb_built=&#8220;1&#8243; disabled_on=&#8220;off|off|on&#8220; _builder_version=&#8220;3.21.4&#8243; background_image=&#8220;https:\/\/penispowerspray.com\/wp-content\/uploads\/2019\/05\/szex-aktus-orgia-szerelem.jpg&#8220; custom_margin=&#8220;-2px||-2px||true&#8220; custom_padding=&#8220;0px|0|0px||true|false&#8220; locked=&#8220;off&#8220;][et_pb_row use_custom_width=&#8220;on&#8220; width_unit=&#8220;off&#8220; custom_width_percent=&#8220;100%&#8220; custom_padding=&#8220;30px||0|0|false|false&#8220; disabled_on=&#8220;off|on|on&#8220; _builder_version=&#8220;3.21.4&#8243;][et_pb_column type=&#8220;1_4&#8243; _builder_version=&#8220;3.0.47&#8243;][et_pb_text _builder_version=&#8220;3.21.4&#8243; header_font=&#8220;|700|||||||&#8220; header_text_align=&#8220;center&#8220; header_text_color=&#8220;#efdf00&#8243; custom_margin=&#8220;-14px||-14px||true&#8220; inline_fonts=&#8220;Arial&#8220; header_text_color__hover_enabled=&#8220;on&#8220;]<\/p>\n<h1>KONE\u010cN\u011a!<br \/>\n\u00da\u010dinn\u00e9 \u0159e\u0161en\u00ed Va\u0161ich probl\u00e9m\u016f s erekc\u00ed!<\/h1>\n<p>[\/et_pb_text][\/et_pb_column][et_pb_column type=&#8220;1_4&#8243; _builder_version=&#8220;3.0.47&#8243;][et_pb_text _builder_version=&#8220;3.21.4&#8243; text_font=&#8220;Gabriela||||||||&#8220; text_text_color=&#8220;#ffffff&#8220; text_font_size=&#8220;25px&#8220; text_text_shadow_style=&#8220;preset5&#8243; text_text_shadow_color=&#8220;#282828&#8243; header_font=&#8220;||||||||&#8220; header_2_font=&#8220;|700|||||||&#8220; header_2_text_color=&#8220;#edf000&#8243; header_2_font_size=&#8220;32px&#8220; border_radii=&#8220;on|1px|1px|1px|1px&#8220; text_orientation=&#8220;center&#8220; background_layout=&#8220;dark&#8220;]<\/p>\n<p>#1 Nanaste v\u00fdrobek<\/p>\n<p>#2 V\u00fdsledek:<\/p>\n<h2>Okamzita erekce!<\/h2>\n<p>[\/et_pb_text][et_pb_image src=&#8220;https:\/\/penispowerspray.com\/wp-content\/uploads\/2019\/04\/dobozos-term\u00e9k-spray2-1-1.png&#8220; show_bottom_space=&#8220;off&#8220; align=&#8220;center&#8220; always_center_on_mobile=&#8220;off&#8220; _builder_version=&#8220;3.21.4&#8243; transform_translate=&#8220;101px|-19px&#8220; max_width=&#8220;57%&#8220; module_alignment=&#8220;center&#8220;][\/et_pb_image][et_pb_image src=&#8220;https:\/\/penispowerspray.com\/wp-content\/uploads\/2019\/05\/p\u00e9nisz-1.png&#8220; align=&#8220;center&#8220; force_fullwidth=&#8220;on&#8220; _builder_version=&#8220;3.21.4&#8243; custom_padding=&#8220;||2px&#8220; locked=&#8220;off&#8220;][\/et_pb_image][et_pb_button button_url=&#8220;https:\/\/penispowerspray.com\/sk\/jak-funguje\/#jak-funguje&#8220; button_text=&#8220;Jak v\u00fdrobek funguje&#8220; button_alignment=&#8220;center&#8220; _builder_version=&#8220;3.21.4&#8243;][\/et_pb_button][et_pb_image src=&#8220;https:\/\/penispowerspray.com\/wp-content\/uploads\/2019\/05\/objednetjtesi-Paypal.png&#8220; url=&#8220;https:\/\/penispowerspray.com\/sk\/objednavka\/\/#objednavka&#8220; _builder_version=&#8220;3.21.4&#8243; max_width=&#8220;54%&#8220;][\/et_pb_image][et_pb_button button_url=&#8220;https:\/\/penispowerspray.com\/sk\/#zkusenosti&#8220; button_text=&#8220;# Zku\u0161enosti #&#8220; button_alignment=&#8220;center&#8220; _builder_version=&#8220;3.21.4&#8243;][\/et_pb_button][\/et_pb_column][et_pb_column type=&#8220;1_4&#8243; _builder_version=&#8220;3.0.47&#8243;][et_pb_button button_url=&#8220;https:\/\/penispowerspray.com\/sk\/zaruka\/#zaruka&#8220; button_text=&#8220;# 100% Z\u00e1ruka #&#8220; button_alignment=&#8220;center&#8220; _builder_version=&#8220;3.21.4&#8243; custom_button=&#8220;on&#8220; button_text_size=&#8220;20px&#8220; button_font=&#8220;||||||||&#8220;][\/et_pb_button][\/et_pb_column][et_pb_column type=&#8220;1_4&#8243; _builder_version=&#8220;3.0.47&#8243;][\/et_pb_column][\/et_pb_row][\/et_pb_section][et_pb_section fb_built=&#8220;1&#8243; disabled_on=&#8220;off|on|on&#8220; _builder_version=&#8220;3.21.4&#8243; background_color=&#8220;#D9CAB0&#8243; custom_padding=&#8220;1px|0px|0|0px|false|false&#8220; locked=&#8220;off&#8220;][et_pb_row custom_padding=&#8220;0|0|0|0px|false|false&#8220; _builder_version=&#8220;3.21.4&#8243;][et_pb_column type=&#8220;1_4&#8243; _builder_version=&#8220;3.0.47&#8243;][\/et_pb_column][et_pb_column type=&#8220;1_2&#8243; _builder_version=&#8220;3.0.47&#8243;][et_pb_text _builder_version=&#8220;3.21.4&#8243; text_font=&#8220;|600|||||||&#8220; text_text_color=&#8220;#0c71c3&#8243; text_font_size=&#8220;28px&#8220; text_text_shadow_style=&#8220;preset4&#8243; header_font=&#8220;||||||||&#8220; text_orientation=&#8220;center&#8220; custom_margin=&#8220;8px|0px|8px|0px|true|true&#8220; custom_padding=&#8220;1px|8px|1px|0px|true|false&#8220;]<\/p>\n<p>Bez prodlevy!<\/p>\n<p>[\/et_pb_text][\/et_pb_column][et_pb_column type=&#8220;1_4&#8243; _builder_version=&#8220;3.0.47&#8243;][\/et_pb_column][\/et_pb_row][\/et_pb_section][et_pb_section fb_built=&#8220;1&#8243; _builder_version=&#8220;3.21.4&#8243;][et_pb_row _builder_version=&#8220;3.21.4&#8243;][et_pb_column type=&#8220;4_4&#8243; _builder_version=&#8220;3.21.4&#8243;][et_pb_blog fullwidth=&#8220;off&#8220; _builder_version=&#8220;3.21.4&#8243;][\/et_pb_blog][\/et_pb_column][\/et_pb_row][\/et_pb_section]<\/p>\n","protected":false},"excerpt":{"rendered":"<p>KONE\u010cN\u011a! \u00da\u010dinn\u00e9 \u0159e\u0161en\u00ed Va\u0161ich probl\u00e9m\u016f s erekc\u00ed!#1 Nanaste v\u00fdrobek #2 V\u00fdsledek: Okamzita erekce!Bez prodlevy!KONE\u010cN\u011a! \u00da\u010dinn\u00e9 \u0159e\u0161en\u00ed Va\u0161ich probl\u00e9m\u016f s erekc\u00ed!#1 Nanaste v\u00fdrobek #2 V\u00fdsledek: Okamzita erekce!Bez prodlevy!<\/p>\n","protected":false},"author":1,"featured_media":0,"parent":0,"menu_order":0,"comment_status":"closed","ping_status":"closed","template":"","meta":{"_et_pb_use_builder":"on","_et_pb_old_content":"","_et_gb_content_width":""},"_links":{"self":[{"href":"https:\/\/penispowerspray.com\/sk\/wp-json\/wp\/v2\/pages\/1183"}],"collection":[{"href":"https:\/\/penispowerspray.com\/sk\/wp-json\/wp\/v2\/pages"}],"about":[{"href":"https:\/\/penispowerspray.com\/sk\/wp-json\/wp\/v2\/types\/page"}],"author":[{"embeddable":true,"href":"https:\/\/penispowerspray.com\/sk\/wp-json\/wp\/v2\/users\/1"}],"replies":[{"embeddable":true,"href":"https:\/\/penispowerspray.com\/sk\/wp-json\/wp\/v2\/comments?post=1183"}],"version-history":[{"count":8,"href":"https:\/\/penispowerspray.com\/sk\/wp-json\/wp\/v2\/pages\/1183\/revisions"}],"predecessor-version":[{"id":4047,"href":"https:\/\/penispowerspray.com\/sk\/wp-json\/wp\/v2\/pages\/1183\/revisions\/4047"}],"wp:attachment":[{"href":"https:\/\/penispowerspray.com\/sk\/wp-json\/wp\/v2\/media?parent=1183"}],"curies":[{"name":"wp","href":"https:\/\/api.w.org\/{rel}","templated":true}]}}