{"id":16972,"date":"2021-04-08T11:57:54","date_gmt":"2022-08-16T12:34:59","guid":{"rendered":"https:\/\/penispowerspray.com\/?post_type=product&#038;p=16972"},"modified":"2026-01-03T08:31:44","modified_gmt":"2026-01-03T08:31:44","slug":"penis-power-erekcio-spray-1-doboz","status":"publish","type":"product","link":"https:\/\/penispowerspray.com\/hu\/termek\/penis-power-erekcio-spray-1-doboz\/","title":{"rendered":"Penis Power Erekci\u00f3 Spray 1 doboz"},"content":{"rendered":"","protected":false},"excerpt":{"rendered":"<h3><\/h3>\n<h3><strong>Hat\u00e9kony megold\u00e1s lehet az erekci\u00f3s probl\u00e9m\u00e1kra!<\/strong><\/h3>\n<p>#1 Vigye fel a term\u00e9ket<\/p>\n<p>#2 Er\u0151sebb, tart\u00f3sabb erekci\u00f3!<\/p>\n<ul>\n<li style=\"text-align: left;\"><strong>Kis helyen elf\u00e9r<\/strong><\/li>\n<li style=\"text-align: left;\"><strong>Azonnali eredm\u00e9ny is el\u00e9rhet\u0151 ak\u00e1r, m\u00e1r az els\u0151 haszn\u00e1lat ut\u00e1n! <\/strong><\/li>\n<li style=\"text-align: left;\"><strong>Egyszer\u0171 \u00e9s felhaszn\u00e1l\u00f3bar\u00e1t term\u00e9<\/strong>k.<\/li>\n<\/ul>\n","protected":false},"featured_media":29375,"comment_status":"closed","ping_status":"closed","template":"","meta":{"_et_pb_use_builder":"","_et_pb_old_content":"","_et_gb_content_width":""},"product_cat":[87],"product_tag":[89],"_links":{"self":[{"href":"https:\/\/penispowerspray.com\/hu\/wp-json\/wp\/v3\/product\/16972"}],"collection":[{"href":"https:\/\/penispowerspray.com\/hu\/wp-json\/wp\/v3\/product"}],"about":[{"href":"https:\/\/penispowerspray.com\/hu\/wp-json\/wp\/v2\/types\/product"}],"replies":[{"embeddable":true,"href":"https:\/\/penispowerspray.com\/hu\/wp-json\/wp\/v2\/comments?post=16972"}],"wp:featuredmedia":[{"embeddable":true,"href":"https:\/\/penispowerspray.com\/hu\/wp-json\/wp\/v2\/media\/29375"}],"wp:attachment":[{"href":"https:\/\/penispowerspray.com\/hu\/wp-json\/wp\/v2\/media?parent=16972"}],"wp:term":[{"taxonomy":"product_cat","embeddable":true,"href":"https:\/\/penispowerspray.com\/hu\/wp-json\/wp\/v2\/product_cat?post=16972"},{"taxonomy":"product_tag","embeddable":true,"href":"https:\/\/penispowerspray.com\/hu\/wp-json\/wp\/v2\/product_tag?post=16972"}],"curies":[{"name":"wp","href":"https:\/\/api.w.org\/{rel}","templated":true}]}}