{"id":903,"date":"2019-04-24T11:35:07","date_gmt":"2019-04-24T11:35:07","guid":{"rendered":"http:\/\/penispowerspray.com\/?page_id=903"},"modified":"2026-01-06T12:37:16","modified_gmt":"2026-01-06T12:37:16","slug":"potencia-blog","status":"publish","type":"page","link":"https:\/\/penispowerspray.com\/hu\/potencia-blog\/","title":{"rendered":"Potencia-Blog"},"content":{"rendered":"<p>[et_pb_section fb_built=&#8221;1&#8243; disabled_on=&#8221;on|on|off&#8221; _builder_version=&#8221;4.21.0&#8243; background_image=&#8221;https:\/\/penispowerspray.com\/wp-content\/uploads\/2019\/06\/f\u00e9rfi-erekci\u00f3.jpg&#8221; custom_padding=&#8221;0px|0px|0px|0px|true|true&#8221; hover_enabled=&#8221;0&#8243; locked=&#8221;off&#8221; global_colors_info=&#8221;{}&#8221; sticky_enabled=&#8221;0&#8243;][et_pb_row column_structure=&#8221;1_4,1_4,1_4,1_4&#8243; disabled_on=&#8221;off|off|off&#8221; _builder_version=&#8221;4.21.0&#8243; module_alignment=&#8221;center&#8221; custom_padding=&#8221;38px|0px|38px|0px|true|false&#8221; global_colors_info=&#8221;{}&#8221; background__hover_enabled=&#8221;on&#8221;][et_pb_column type=&#8221;1_4&#8243; _builder_version=&#8221;4.16&#8243; custom_padding=&#8221;|||&#8221; global_colors_info=&#8221;{}&#8221; custom_padding__hover=&#8221;|||&#8221;][et_pb_image src=&#8221;https:\/\/penispowerspray.com\/wp-content\/uploads\/2019\/04\/penzvissza.png&#8221; align_tablet=&#8221;center&#8221; align_phone=&#8221;center&#8221; align_last_edited=&#8221;on|desktop&#8221; _builder_version=&#8221;4.16&#8243; max_width=&#8221;57%&#8221; custom_margin=&#8221;-44px|||-60px&#8221; global_colors_info=&#8221;{}&#8221;][\/et_pb_image][\/et_pb_column][et_pb_column type=&#8221;1_4&#8243; _builder_version=&#8221;4.16&#8243; custom_padding=&#8221;|||&#8221; global_colors_info=&#8221;{}&#8221; custom_padding__hover=&#8221;|||&#8221;][et_pb_text disabled_on=&#8221;off|off|off&#8221; _builder_version=&#8221;4.16&#8243; text_font=&#8221;||||||||&#8221; text_text_color=&#8221;#edf000&#8243; text_font_size=&#8221;16px&#8221; header_font=&#8221;Verdana|700|||||||&#8221; header_text_align=&#8221;left&#8221; header_text_color=&#8221;#f7f600&#8243; header_font_size=&#8221;28px&#8221; z_index=&#8221;0&#8243; custom_margin=&#8221;||0px&#8221; header_text_shadow_style=&#8221;preset2&#8243; header_text_shadow_horizontal_length=&#8221;0.03em&#8221; header_text_shadow_vertical_length=&#8221;0.1em&#8221; inline_fonts=&#8221;Arial&#8221; global_colors_info=&#8221;{}&#8221; header_text_color__hover_enabled=&#8221;on&#8221; header_text_color__hover=&#8221;#f7f600&#8243;]<\/p>\n<h1>Itt a hat\u00e9kony megold\u00e1s az erekci\u00f3s probl\u00e9m\u00e1kra!<\/h1>\n<p>[\/et_pb_text][et_pb_text _builder_version=&#8221;4.16&#8243; text_font=&#8221;Gabriela||||||||&#8221; text_text_color=&#8221;#ffffff&#8221; text_font_size=&#8221;25px&#8221; header_font=&#8221;||||||||&#8221; header_2_font=&#8221;|700|||||||&#8221; header_2_text_color=&#8221;#edf000&#8243; header_2_font_size=&#8221;32px&#8221; background_layout=&#8221;dark&#8221; custom_margin=&#8221;80px||&#8221; text_text_shadow_style=&#8221;preset5&#8243; text_text_shadow_color=&#8221;#282828&#8243; border_radii=&#8221;on|1px|1px|1px|1px&#8221; global_colors_info=&#8221;{}&#8221;]<\/p>\n<p>#1 Vigye fel a term\u00e9ket<\/p>\n<p>#2 Az eredm\u00e9ny:<\/p>\n<h2>Azonnali erekci\u00f3!<\/h2>\n<p>[\/et_pb_text][\/et_pb_column][et_pb_column type=&#8221;1_4&#8243; _builder_version=&#8221;4.16&#8243; custom_padding=&#8221;|||&#8221; global_colors_info=&#8221;{}&#8221; custom_padding__hover=&#8221;|||&#8221;][et_pb_image src=&#8221;https:\/\/penispowerspray.com\/wp-content\/uploads\/2026\/01\/Erekcio-spray-ferfiaknak.webp&#8221; alt=&#8221;Erekci\u00f3 spray f\u00e9rfiaknak&#8221; title_text=&#8221;Erekci\u00f3 spray f\u00e9rfiaknak&#8221; align_tablet=&#8221;center&#8221; align_phone=&#8221;center&#8221; align_last_edited=&#8221;on|desktop&#8221; _builder_version=&#8221;4.21.0&#8243; transform_scale=&#8221;146%|146%&#8221; width_tablet=&#8221;&#8221; width_phone=&#8221;40%&#8221; width_last_edited=&#8221;on|phone&#8221; module_alignment=&#8221;center&#8221; custom_margin=&#8221;100px||&#8221; custom_margin_tablet=&#8221;100px||&#8221; custom_margin_phone=&#8221;30px||30px||false|false&#8221; custom_margin_last_edited=&#8221;on|phone&#8221; global_colors_info=&#8221;{}&#8221;][\/et_pb_image][\/et_pb_column][et_pb_column type=&#8221;1_4&#8243; _builder_version=&#8221;4.16&#8243; custom_padding=&#8221;|||&#8221; global_colors_info=&#8221;{}&#8221; custom_padding__hover=&#8221;|||&#8221;][et_pb_image src=&#8221;https:\/\/penispowerspray.com\/wp-content\/uploads\/2019\/04\/megrendelem-erekci\u00f3-spray.png&#8221; url=&#8221;https:\/\/penispowerspray.com\/hu\/rendeles\/#rendeles&#8221; align_tablet=&#8221;center&#8221; align_phone=&#8221;center&#8221; align_last_edited=&#8221;on|desktop&#8221; _builder_version=&#8221;4.21.0&#8243; global_colors_info=&#8221;{}&#8221; transform_styles__hover_enabled=&#8221;on&#8221; transform_scale__hover_enabled=&#8221;on&#8221; transform_translate__hover_enabled=&#8221;on&#8221; transform_rotate__hover_enabled=&#8221;on&#8221; transform_skew__hover_enabled=&#8221;on&#8221; transform_origin__hover_enabled=&#8221;on&#8221; transform_scale__hover=&#8221;116%|116%&#8221;][\/et_pb_image][et_pb_text _builder_version=&#8221;4.16&#8243; text_font=&#8221;||||||||&#8221; text_text_color=&#8221;#ffffff&#8221; text_font_size=&#8221;17px&#8221; global_colors_info=&#8221;{}&#8221;]<\/p>\n<p><strong>&#8211; Kis helyen elf\u00e9r.<\/strong><\/p>\n<p><strong>-Azonnali eredm\u00e9ny, m\u00e1r az els\u0151 haszn\u00e1lat ut\u00e1n!<\/strong><\/p>\n<p><strong>&#8211; Egyszer\u0171 \u00e9s felhaszn\u00e1l\u00f3bar\u00e1t term\u00e9<\/strong>k.<\/p>\n<p>[\/et_pb_text][\/et_pb_column][\/et_pb_row][\/et_pb_section][et_pb_section fb_built=&#8221;1&#8243; disabled_on=&#8221;off|off|on&#8221; _builder_version=&#8221;4.16&#8243; background_image=&#8221;https:\/\/penispowerspray.com\/wp-content\/uploads\/2019\/05\/szex-aktus-orgia-szerelem.jpg&#8221; custom_margin=&#8221;-2px||-2px||true&#8221; custom_padding=&#8221;0px|0|0px||true|false&#8221; locked=&#8221;off&#8221; global_colors_info=&#8221;{}&#8221;][et_pb_row column_structure=&#8221;1_4,1_4,1_4,1_4&#8243; disabled_on=&#8221;off|on|on&#8221; _builder_version=&#8221;4.16&#8243; width=&#8221;100%&#8221; max_width=&#8221;100%&#8221; custom_padding=&#8221;30px||0|0|false|false&#8221; use_custom_width=&#8221;on&#8221; width_unit=&#8221;off&#8221; custom_width_percent=&#8221;100%&#8221; global_colors_info=&#8221;{}&#8221;][et_pb_column type=&#8221;1_4&#8243; _builder_version=&#8221;4.16&#8243; custom_padding=&#8221;|||&#8221; global_colors_info=&#8221;{}&#8221; custom_padding__hover=&#8221;|||&#8221;][et_pb_text _builder_version=&#8221;4.21.0&#8243; header_font=&#8221;|700|||||||&#8221; header_text_align=&#8221;center&#8221; header_text_color=&#8221;#efdf00&#8243; custom_margin=&#8221;-14px||-14px||true&#8221; inline_fonts=&#8221;Arial&#8221; global_colors_info=&#8221;{}&#8221; header_text_color__hover_enabled=&#8221;on&#8221; header_text_color__hover=&#8221;#efdf00&#8243;]<\/p>\n<h1>Hat\u00e9kony megold\u00e1s az erekci\u00f3s probl\u00e9m\u00e1kra!<\/h1>\n<p>[\/et_pb_text][\/et_pb_column][et_pb_column type=&#8221;1_4&#8243; _builder_version=&#8221;4.16&#8243; custom_padding=&#8221;|||&#8221; global_colors_info=&#8221;{}&#8221; custom_padding__hover=&#8221;|||&#8221;][et_pb_text _builder_version=&#8221;4.21.0&#8243; text_font=&#8221;Gabriela||||||||&#8221; text_text_color=&#8221;#ffffff&#8221; text_font_size=&#8221;25px&#8221; header_font=&#8221;||||||||&#8221; header_2_font=&#8221;|700|||||||&#8221; header_2_text_color=&#8221;#edf000&#8243; header_2_font_size=&#8221;32px&#8221; text_orientation=&#8221;center&#8221; background_layout=&#8221;dark&#8221; text_text_shadow_style=&#8221;preset5&#8243; text_text_shadow_color=&#8221;#282828&#8243; border_radii=&#8221;on|1px|1px|1px|1px&#8221; global_colors_info=&#8221;{}&#8221;]<\/p>\n<p>#1 Vigye fel a term\u00e9ket<\/p>\n<p>#2 Er\u0151sebb, tart\u00f3sabb erekci\u00f3t eredm\u00e9nyezhet<\/p>\n<p>[\/et_pb_text][et_pb_image src=&#8221;https:\/\/penispowerspray.com\/wp-content\/uploads\/2026\/01\/Erekcio-spray-ferfiaknak.webp&#8221; alt=&#8221;Erekci\u00f3 spray f\u00e9rfiaknak&#8221; title_text=&#8221;Erekci\u00f3 spray f\u00e9rfiaknak&#8221; show_bottom_space=&#8221;off&#8221; align=&#8221;center&#8221; _builder_version=&#8221;4.21.0&#8243; transform_translate=&#8221;101px|-19px&#8221; max_width=&#8221;57%&#8221; module_alignment=&#8221;center&#8221; always_center_on_mobile=&#8221;off&#8221; global_colors_info=&#8221;{}&#8221;][\/et_pb_image][et_pb_text _builder_version=&#8221;4.21.0&#8243; text_font=&#8221;||||||||&#8221; text_text_color=&#8221;#ffffff&#8221; text_font_size=&#8221;18px&#8221; text_orientation=&#8221;center&#8221; global_colors_info=&#8221;{}&#8221;]<\/p>\n<p><strong>&#8211; Kis helyen elf\u00e9r.<\/strong><\/p>\n<p><strong>-Gyors eredm\u00e9ny, m\u00e1r az els\u0151 haszn\u00e1lat ut\u00e1n!<\/strong><\/p>\n<p><strong>&#8211; Egyszer\u0171 \u00e9s felhaszn\u00e1l\u00f3bar\u00e1t term\u00e9k.<\/strong><\/p>\n<p>[\/et_pb_text][\/et_pb_column][et_pb_column type=&#8221;1_4&#8243; _builder_version=&#8221;4.16&#8243; custom_padding=&#8221;|||&#8221; global_colors_info=&#8221;{}&#8221; custom_padding__hover=&#8221;|||&#8221;][et_pb_image src=&#8221;https:\/\/penispowerspray.com\/wp-content\/uploads\/2019\/04\/megrendelem-erekci\u00f3-spray.png&#8221; url=&#8221;https:\/\/penispowerspray.com\/hu\/rendeles\/#rendeles&#8221; align_tablet=&#8221;center&#8221; align_phone=&#8221;&#8221; align_last_edited=&#8221;on|desktop&#8221; _builder_version=&#8221;4.16&#8243; max_width=&#8221;54%&#8221; global_colors_info=&#8221;{}&#8221;][\/et_pb_image][\/et_pb_column][et_pb_column type=&#8221;1_4&#8243; _builder_version=&#8221;4.16&#8243; custom_padding=&#8221;|||&#8221; global_colors_info=&#8221;{}&#8221; custom_padding__hover=&#8221;|||&#8221;][\/et_pb_column][\/et_pb_row][\/et_pb_section][et_pb_section fb_built=&#8221;1&#8243; _builder_version=&#8221;4.21.0&#8243; _module_preset=&#8221;default&#8221; background_color=&#8221;#e5e5e5&#8243; custom_padding=&#8221;4px||3px|||&#8221; global_colors_info=&#8221;{}&#8221;][et_pb_row _builder_version=&#8221;4.21.0&#8243; _module_preset=&#8221;default&#8221; custom_padding=&#8221;||17px|||&#8221; global_colors_info=&#8221;{}&#8221;][et_pb_column type=&#8221;4_4&#8243; _builder_version=&#8221;4.21.0&#8243; _module_preset=&#8221;default&#8221; global_colors_info=&#8221;{}&#8221;][et_pb_text _builder_version=&#8221;4.21.0&#8243; _module_preset=&#8221;default&#8221; header_2_text_align=&#8221;center&#8221; global_colors_info=&#8221;{}&#8221;]<\/p>\n<h2>Potencia blog a jobb szexu\u00e1lis \u00e9lm\u00e9nyek\u00e9rt<\/h2>\n<p>[\/et_pb_text][\/et_pb_column][\/et_pb_row][\/et_pb_section][et_pb_section fb_built=&#8221;1&#8243; _builder_version=&#8221;4.16&#8243; custom_padding=&#8221;4px|||||&#8221; global_colors_info=&#8221;{}&#8221;][et_pb_row column_structure=&#8221;3_4,1_4&#8243; _builder_version=&#8221;4.16&#8243; width=&#8221;100%&#8221; max_width=&#8221;100%&#8221; custom_padding=&#8221;10px|||||&#8221; use_custom_width=&#8221;on&#8221; width_unit=&#8221;off&#8221; custom_width_percent=&#8221;100%&#8221; global_colors_info=&#8221;{}&#8221;][et_pb_column type=&#8221;3_4&#8243; _builder_version=&#8221;4.16&#8243; custom_padding=&#8221;|||&#8221; global_colors_info=&#8221;{}&#8221; custom_padding__hover=&#8221;|||&#8221;][et_pb_blog fullwidth=&#8221;off&#8221; _builder_version=&#8221;4.16&#8243; global_colors_info=&#8221;{}&#8221;][\/et_pb_blog][\/et_pb_column][et_pb_column type=&#8221;1_4&#8243; _builder_version=&#8221;4.16&#8243; custom_padding=&#8221;|||&#8221; global_colors_info=&#8221;{}&#8221; custom_padding__hover=&#8221;|||&#8221;][et_pb_sidebar _builder_version=&#8221;4.16&#8243; global_colors_info=&#8221;{}&#8221;][\/et_pb_sidebar][\/et_pb_column][\/et_pb_row][\/et_pb_section]<\/p>\n","protected":false},"excerpt":{"rendered":"<p>Itt a hat\u00e9kony megold\u00e1s az erekci\u00f3s probl\u00e9m\u00e1kra! #1 Vigye fel a term\u00e9ket #2 Az eredm\u00e9ny: Azonnali erekci\u00f3! &#8211; Kis helyen elf\u00e9r. -Azonnali eredm\u00e9ny, m\u00e1r az els\u0151 haszn\u00e1lat ut\u00e1n! &#8211; Egyszer\u0171 \u00e9s felhaszn\u00e1l\u00f3bar\u00e1t term\u00e9k.Hat\u00e9kony megold\u00e1s az erekci\u00f3s probl\u00e9m\u00e1kra!#1 Vigye fel a term\u00e9ket #2 Er\u0151sebb, tart\u00f3sabb erekci\u00f3t eredm\u00e9nyezhet- Kis helyen elf\u00e9r. -Gyors eredm\u00e9ny, m\u00e1r az els\u0151 haszn\u00e1lat [&hellip;]<\/p>\n","protected":false},"author":1,"featured_media":0,"parent":0,"menu_order":0,"comment_status":"closed","ping_status":"closed","template":"","meta":{"_et_pb_use_builder":"on","_et_pb_old_content":"","_et_gb_content_width":""},"_links":{"self":[{"href":"https:\/\/penispowerspray.com\/hu\/wp-json\/wp\/v2\/pages\/903"}],"collection":[{"href":"https:\/\/penispowerspray.com\/hu\/wp-json\/wp\/v2\/pages"}],"about":[{"href":"https:\/\/penispowerspray.com\/hu\/wp-json\/wp\/v2\/types\/page"}],"author":[{"embeddable":true,"href":"https:\/\/penispowerspray.com\/hu\/wp-json\/wp\/v2\/users\/1"}],"replies":[{"embeddable":true,"href":"https:\/\/penispowerspray.com\/hu\/wp-json\/wp\/v2\/comments?post=903"}],"version-history":[{"count":7,"href":"https:\/\/penispowerspray.com\/hu\/wp-json\/wp\/v2\/pages\/903\/revisions"}],"predecessor-version":[{"id":29398,"href":"https:\/\/penispowerspray.com\/hu\/wp-json\/wp\/v2\/pages\/903\/revisions\/29398"}],"wp:attachment":[{"href":"https:\/\/penispowerspray.com\/hu\/wp-json\/wp\/v2\/media?parent=903"}],"curies":[{"name":"wp","href":"https:\/\/api.w.org\/{rel}","templated":true}]}}