{"id":840,"date":"2019-04-23T11:43:32","date_gmt":"2019-04-23T11:43:32","guid":{"rendered":"http:\/\/penispowerspray.com\/?page_id=840"},"modified":"2024-11-26T13:33:12","modified_gmt":"2024-11-26T13:33:12","slug":"impresszum","status":"publish","type":"page","link":"https:\/\/penispowerspray.com\/hu\/impresszum\/","title":{"rendered":"Impresszum"},"content":{"rendered":"<p>[et_pb_section fb_built=&#8221;1&#8243; disabled_on=&#8221;on|on|off&#8221; _builder_version=&#8221;4.16&#8243; background_image=&#8221;https:\/\/penispowerspray.com\/wp-content\/uploads\/2019\/06\/f\u00e9rfi-erekci\u00f3.jpg&#8221; custom_padding=&#8221;0px|0px|0px|0px|true|true&#8221; locked=&#8221;off&#8221; global_colors_info=&#8221;{}&#8221;][et_pb_row disabled_on=&#8221;on|off|off&#8221; _builder_version=&#8221;4.16&#8243; module_alignment=&#8221;center&#8221; custom_padding=&#8221;38px|0px|38px|0px|true|false&#8221; global_colors_info=&#8221;{}&#8221; background__hover_enabled=&#8221;on&#8221; column_structure=&#8221;1_4,1_4,1_4,1_4&#8243;][et_pb_column type=&#8221;1_4&#8243; _builder_version=&#8221;4.16&#8243; custom_padding=&#8221;|||&#8221; global_colors_info=&#8221;{}&#8221; custom_padding__hover=&#8221;|||&#8221;][et_pb_image src=&#8221;https:\/\/penispowerspray.com\/wp-content\/uploads\/2019\/04\/penzvissza.png&#8221; align_tablet=&#8221;center&#8221; align_last_edited=&#8221;on|desktop&#8221; _builder_version=&#8221;4.16&#8243; max_width=&#8221;57%&#8221; custom_margin=&#8221;-44px|||-60px&#8221; global_colors_info=&#8221;{}&#8221; align_phone=&#8221;center&#8221;][\/et_pb_image][\/et_pb_column][et_pb_column type=&#8221;1_4&#8243; _builder_version=&#8221;4.16&#8243; custom_padding=&#8221;|||&#8221; global_colors_info=&#8221;{}&#8221; custom_padding__hover=&#8221;|||&#8221;][et_pb_text disabled_on=&#8221;off|off|off&#8221; _builder_version=&#8221;4.16&#8243; text_font=&#8221;||||||||&#8221; text_text_color=&#8221;#edf000&#8243; text_font_size=&#8221;16px&#8221; header_font=&#8221;Verdana|700|||||||&#8221; header_text_align=&#8221;left&#8221; header_text_color=&#8221;#f7f600&#8243; header_font_size=&#8221;28px&#8221; z_index=&#8221;0&#8243; custom_margin=&#8221;||0px&#8221; header_text_shadow_style=&#8221;preset2&#8243; header_text_shadow_horizontal_length=&#8221;0.03em&#8221; header_text_shadow_vertical_length=&#8221;0.1em&#8221; inline_fonts=&#8221;Arial&#8221; global_colors_info=&#8221;{}&#8221; header_text_color__hover_enabled=&#8221;on&#8221; header_text_color__hover=&#8221;#f7f600&#8243;]<\/p>\n<h1>Itt a hat\u00e9kony megold\u00e1s az erekci\u00f3s probl\u00e9m\u00e1kra!<\/h1>\n<p>[\/et_pb_text][et_pb_text _builder_version=&#8221;4.16&#8243; text_font=&#8221;Gabriela||||||||&#8221; text_text_color=&#8221;#ffffff&#8221; text_font_size=&#8221;25px&#8221; header_font=&#8221;||||||||&#8221; header_2_font=&#8221;|700|||||||&#8221; header_2_text_color=&#8221;#edf000&#8243; header_2_font_size=&#8221;32px&#8221; background_layout=&#8221;dark&#8221; custom_margin=&#8221;80px||&#8221; text_text_shadow_style=&#8221;preset5&#8243; text_text_shadow_color=&#8221;#282828&#8243; border_radii=&#8221;on|1px|1px|1px|1px&#8221; global_colors_info=&#8221;{}&#8221;]<\/p>\n<p>#1 Vigye fel a term\u00e9ket<\/p>\n<p>#2 Az eredm\u00e9ny:<\/p>\n<h2>Azonnali erekci\u00f3!<\/h2>\n<p>[\/et_pb_text][\/et_pb_column][et_pb_column type=&#8221;1_4&#8243; _builder_version=&#8221;4.16&#8243; custom_padding=&#8221;|||&#8221; global_colors_info=&#8221;{}&#8221; custom_padding__hover=&#8221;|||&#8221;][et_pb_image src=&#8221;https:\/\/penispowerspray.com\/wp-content\/uploads\/2019\/05\/er\u0151s-erekci\u00f3-term\u00e9k.png&#8221; alt=&#8221;er\u0151s erekci\u00f3 term\u00e9k&#8221; align_tablet=&#8221;center&#8221; align_last_edited=&#8221;on|desktop&#8221; _builder_version=&#8221;4.16&#8243; transform_scale=&#8221;146%|146%&#8221; module_alignment=&#8221;center&#8221; custom_margin=&#8221;100px||&#8221; global_colors_info=&#8221;{}&#8221; align_phone=&#8221;center&#8221;][\/et_pb_image][\/et_pb_column][et_pb_column type=&#8221;1_4&#8243; _builder_version=&#8221;4.16&#8243; custom_padding=&#8221;|||&#8221; global_colors_info=&#8221;{}&#8221; custom_padding__hover=&#8221;|||&#8221;][et_pb_image src=&#8221;https:\/\/penispowerspray.com\/wp-content\/uploads\/2019\/04\/megrendelem-erekci\u00f3-spray.png&#8221; url=&#8221;https:\/\/penispowerspray.com\/hu\/rendeles\/#rendeles&#8221; align_tablet=&#8221;center&#8221; align_last_edited=&#8221;on|desktop&#8221; _builder_version=&#8221;4.16&#8243; global_colors_info=&#8221;{}&#8221; transform_styles__hover_enabled=&#8221;on&#8221; transform_scale__hover_enabled=&#8221;on&#8221; transform_translate__hover_enabled=&#8221;on&#8221; transform_rotate__hover_enabled=&#8221;on&#8221; transform_skew__hover_enabled=&#8221;on&#8221; transform_origin__hover_enabled=&#8221;on&#8221; transform_scale__hover=&#8221;116%|116%&#8221; align_phone=&#8221;center&#8221;][\/et_pb_image][et_pb_text _builder_version=&#8221;4.16&#8243; text_font=&#8221;||||||||&#8221; text_text_color=&#8221;#ffffff&#8221; text_font_size=&#8221;17px&#8221; global_colors_info=&#8221;{}&#8221;]<\/p>\n<p><strong>&#8211; Kis helyen elf\u00e9r.<\/strong><\/p>\n<p><strong>-Azonnali eredm\u00e9ny, m\u00e1r az els\u0151 haszn\u00e1lat ut\u00e1n!<\/strong><\/p>\n<p><strong>&#8211; Egyszer\u0171 \u00e9s felhaszn\u00e1l\u00f3bar\u00e1t term\u00e9<\/strong>k.<\/p>\n<p>[\/et_pb_text][\/et_pb_column][\/et_pb_row][\/et_pb_section][et_pb_section fb_built=&#8221;1&#8243; _builder_version=&#8221;4.16&#8243; background_color=&#8221;#dbdbdb&#8221; global_colors_info=&#8221;{}&#8221;][et_pb_row _builder_version=&#8221;4.16&#8243; global_colors_info=&#8221;{}&#8221;][et_pb_column type=&#8221;4_4&#8243; _builder_version=&#8221;4.16&#8243; custom_padding=&#8221;|||&#8221; global_colors_info=&#8221;{}&#8221; custom_padding__hover=&#8221;|||&#8221;][et_pb_text _builder_version=&#8221;4.21.0&#8243; hover_enabled=&#8221;0&#8243; global_colors_info=&#8221;{}&#8221; sticky_enabled=&#8221;0&#8243;]<\/p>\n<h1>Impresszum<\/h1>\n<h2>A szolg\u00e1ltat\u00f3 adatai<\/h2>\n<p><strong>C\u00e9gn\u00e9v:<\/strong><span> <\/span><span class=\"inserted_var\">X-Zone Kft.<\/span><\/p>\n<p><strong>Sz\u00e9khely:<\/strong><span> 9029 Gy\u0151r, Votinszky utca 45.<\/span><\/p>\n<p><strong>Levelez\u00e9si c\u00edm, panaszkezel\u00e9s:<\/strong><span> 9029 Gy\u0151r, Votinszky utca 45.<\/span><\/p>\n<p><strong>E-mail:<\/strong><span> info@penispowerspray.com<\/span><\/p>\n<p><strong>Telefonsz\u00e1m:<\/strong><span>\u00a0<\/span><span class=\"inserted_var\">+36203313221<\/span><\/p>\n<p><strong>Weboldal:<\/strong><span> www.penispowerspray.com<\/span><\/p>\n<p><strong>Nyilv\u00e1ntart\u00e1sba vev\u0151 hat\u00f3s\u00e1g:<\/strong><span>\u00a0<\/span><span class=\"inserted_var\">Gy\u0151ri T\u00f6rv\u00e9nysz\u00e9k<\/span><\/p>\n<p><strong><span class=\"inserted_var\">C\u00e9gjegyz\u00e9ksz\u00e1m<\/span><\/strong>:<span> 08 09 015720<\/span><\/p>\n<p><strong>Ad\u00f3sz\u00e1m<\/strong>:<span> 14149232208<\/span><\/p>\n<h2>T\u00e1rhelyszolg\u00e1ltat\u00f3<\/h2>\n<p><strong>N\u00e9v<\/strong>:<span>\u00a0<\/span><span class=\"inserted_var\">MikroVPS Informatikai \u00e9s Szolg\u00e1ltat\u00f3 Kft.<\/span><\/p>\n<p><strong>Sz\u00e9khely<\/strong>:<span>\u00a0<\/span><span class=\"inserted_var\">7150 Bonyh\u00e1d, J\u00f3kai M\u00f3r utca 3.<\/span><\/p>\n<p><strong>El\u00e9rhet\u0151s\u00e9g<\/strong>: ,<span>\u00a0<\/span><span class=\"inserted_var\">info@mikrovps.net<\/span><\/p>\n<p><strong>Weboldal<\/strong>:<span>\u00a0<\/span><span class=\"inserted_var\">https:\/\/www.mikrovps.net<\/span><\/p>\n<p>[\/et_pb_text][\/et_pb_column][\/et_pb_row][\/et_pb_section]<\/p>\n","protected":false},"excerpt":{"rendered":"<p>Itt a hat\u00e9kony megold\u00e1s az erekci\u00f3s probl\u00e9m\u00e1kra! #1 Vigye fel a term\u00e9ket #2 Az eredm\u00e9ny: Azonnali erekci\u00f3! &#8211; Kis helyen elf\u00e9r. -Azonnali eredm\u00e9ny, m\u00e1r az els\u0151 haszn\u00e1lat ut\u00e1n! &#8211; Egyszer\u0171 \u00e9s felhaszn\u00e1l\u00f3bar\u00e1t term\u00e9k.Impresszum A szolg\u00e1ltat\u00f3 adatai C\u00e9gn\u00e9v: X-Zone Kft. Sz\u00e9khely: 9029 Gy\u0151r, Votinszky utca 45. Levelez\u00e9si c\u00edm, panaszkezel\u00e9s: 9029 Gy\u0151r, Votinszky utca 45. E-mail: info@penispowerspray.com [&hellip;]<\/p>\n","protected":false},"author":1,"featured_media":0,"parent":0,"menu_order":0,"comment_status":"closed","ping_status":"closed","template":"","meta":{"_et_pb_use_builder":"on","_et_pb_old_content":"","_et_gb_content_width":""},"_links":{"self":[{"href":"https:\/\/penispowerspray.com\/hu\/wp-json\/wp\/v2\/pages\/840"}],"collection":[{"href":"https:\/\/penispowerspray.com\/hu\/wp-json\/wp\/v2\/pages"}],"about":[{"href":"https:\/\/penispowerspray.com\/hu\/wp-json\/wp\/v2\/types\/page"}],"author":[{"embeddable":true,"href":"https:\/\/penispowerspray.com\/hu\/wp-json\/wp\/v2\/users\/1"}],"replies":[{"embeddable":true,"href":"https:\/\/penispowerspray.com\/hu\/wp-json\/wp\/v2\/comments?post=840"}],"version-history":[{"count":7,"href":"https:\/\/penispowerspray.com\/hu\/wp-json\/wp\/v2\/pages\/840\/revisions"}],"predecessor-version":[{"id":25825,"href":"https:\/\/penispowerspray.com\/hu\/wp-json\/wp\/v2\/pages\/840\/revisions\/25825"}],"wp:attachment":[{"href":"https:\/\/penispowerspray.com\/hu\/wp-json\/wp\/v2\/media?parent=840"}],"curies":[{"name":"wp","href":"https:\/\/api.w.org\/{rel}","templated":true}]}}