{"id":8140,"date":"2021-04-08T12:07:42","date_gmt":"2021-04-08T12:07:42","guid":{"rendered":"https:\/\/penispowerspray.com\/shop\/"},"modified":"2025-11-26T13:20:17","modified_gmt":"2025-11-26T13:20:17","slug":"shop","status":"publish","type":"page","link":"https:\/\/penispowerspray.com\/hu\/shop\/","title":{"rendered":"Shop"},"content":{"rendered":"<p>[et_pb_section fb_built=&#8221;1&#8243; _builder_version=&#8221;4.27.4&#8243; _module_preset=&#8221;default&#8221; custom_margin=&#8221;0px||0px||true|false&#8221; custom_padding=&#8221;0px||0px||true|false&#8221; locked=&#8221;off&#8221; global_colors_info=&#8221;{}&#8221;][et_pb_row _builder_version=&#8221;4.20.4&#8243; _module_preset=&#8221;default&#8221; global_colors_info=&#8221;{}&#8221;][et_pb_column type=&#8221;4_4&#8243; _builder_version=&#8221;4.20.4&#8243; _module_preset=&#8221;default&#8221; global_colors_info=&#8221;{}&#8221;][et_pb_text _builder_version=&#8221;4.21.0&#8243; _module_preset=&#8221;default&#8221; header_text_color=&#8221;#0C71C3&#8243; custom_margin=&#8221;0px||0px||true|false&#8221; custom_padding=&#8221;0px||0px||true|false&#8221; global_colors_info=&#8221;{}&#8221;]<\/p>\n<h1>Penis Power Spray Shop<\/h1>\n<p>[\/et_pb_text][et_pb_divider _builder_version=&#8221;4.27.4&#8243; _module_preset=&#8221;default&#8221; custom_margin=&#8221;0px||0px||true|false&#8221; custom_padding=&#8221;0px||0px||true|false&#8221; global_colors_info=&#8221;{}&#8221;][\/et_pb_divider][dipl_woo_products show_rating=&#8221;on&#8221; add_to_cart_bg_color=&#8221;#E02B20&#8243; product_image_custom_padding=&#8221;15px|15px|15px|15px|true|true&#8221; number_of_columns_tablet=&#8221;&#8221; number_of_columns_phone=&#8221;2&#8243; number_of_columns_last_edited=&#8221;on|phone&#8221; _builder_version=&#8221;4.27.4&#8243; _module_preset=&#8221;default&#8221; price_font=&#8221;|300|||||||&#8221; price_text_color=&#8221;#000000&#8243; price_font_size=&#8221;18px&#8221; add_to_cart_text_color=&#8221;#FFFFFF&#8221; box_shadow_style_product=&#8221;preset1&#8243; global_colors_info=&#8221;{}&#8221;][\/dipl_woo_products][et_pb_divider _builder_version=&#8221;4.27.4&#8243; _module_preset=&#8221;default&#8221; custom_margin=&#8221;0px||0px||true|false&#8221; global_colors_info=&#8221;{}&#8221;][\/et_pb_divider][\/et_pb_column][\/et_pb_row][\/et_pb_section]<\/p>\n","protected":false},"excerpt":{"rendered":"<p>Penis Power Spray Shop<div class=\"et_pb_module dipl_woo_products dipl_woo_products_0\">\n\t\t\t\t\n\t\t\t\t\n\t\t\t\t\n\t\t\t\t\n\t\t\t\t\n\t\t\t\t\n\t\t\t\t<div class=\"et_pb_module_inner\">\n\t\t\t\t\t<div class=\"dipl_woo_products_layout layout1\"><div class=\"dipl_woo_products_isotope_item dipl_woo_products_isotope_item_page_1\"><div class=\"dipl_single_woo_product\">\r\n\t\t<div class=\"dipl_single_woo_product_thumbnail_wrapper\">\r\n\t\t\t<div class=\"dipl_single_woo_product_thumbnail\">\r\n\t\t\t\t<a href=\"https:\/\/penispowerspray.com\/hu\/termek\/penis-power-erekcio-spray-4-doboz\/\" title=\"Penis Power Erekci\u00f3 Spray 4 doboz\"><img width=\"200\" height=\"300\" src=\"https:\/\/penispowerspray.com\/wp-content\/uploads\/2021\/04\/Penisz-spray-41-doboz.webp\" class=\"attachment-woocommerce_thumbnail size-woocommerce_thumbnail\" alt=\"P\u00e9nisz spray 4+1 doboz\" decoding=\"async\" loading=\"lazy\" \/> <\/a>\r\n\t\t\t<\/div>\r\n\t\t\t\r\n\t\t\t\r\n\t\t<\/div>\r\n\t\t\r\n\t\t<div class=\"dipl_single_woo_product_content\">\r\n\t\t\t<h4 class=\"dipl_single_woo_product_title\">\r\n\t\t\t\t<a href=\"https:\/\/penispowerspray.com\/hu\/termek\/penis-power-erekcio-spray-4-doboz\/\" title=\"Penis Power Erekci\u00f3 Spray 4 doboz\">Penis Power Erekci\u00f3 Spray 4 doboz<\/a>\r\n\t\t\t<\/h4>\r\n\t\t\t<div class=\"dipl_single_woo_product_star_rating\">\r\n\t\t\t<div class=\"star-rating\"><span style=\"width:0%\">\u00c9rt\u00e9kel\u00e9s: <strong class=\"rating\">0<\/strong> \/ 5<\/span><\/div>\r\n\t\t<\/div>\r\n\t\t\t<div class=\"dipl_single_woo_product_price\"><span class=\"woocommerce-Price-amount amount\"><bdi>25 990,00&nbsp;<span class=\"woocommerce-Price-currencySymbol\">&#70;&#116;<\/span><\/bdi><\/span><\/div>\r\n\t\t\t<div class=\"dipl_single_woo_product_add_to_cart\"><p class=\"product woocommerce add_to_cart_inline\">\n                    <a href=\"?add-to-cart=17390\" data-quantity=\"1\" class=\"button product_type_simple add_to_cart_button ajax_add_to_cart\" data-product_id=\"17390\" data-product_sku=\"\" aria-label=\"&ldquo;Penis Power Erekci\u00f3 Spray 4 doboz&rdquo; kos\u00e1rba helyez\u00e9se\" rel=\"nofollow\" >Kos\u00e1rba teszem<\/a>\n                <\/p><\/div>\r\n\t\t<\/div>\r\n\t<\/div><\/div><div class=\"dipl_woo_products_isotope_item dipl_woo_products_isotope_item_page_1\"><div class=\"dipl_single_woo_product\">\r\n\t\t<div class=\"dipl_single_woo_product_thumbnail_wrapper\">\r\n\t\t\t<div class=\"dipl_single_woo_product_thumbnail\">\r\n\t\t\t\t<a href=\"https:\/\/penispowerspray.com\/hu\/termek\/penis-power-erekcio-spray-3-doboz\/\" title=\"Penis Power Erekci\u00f3 Spray 3 doboz\"><img width=\"200\" height=\"300\" src=\"https:\/\/penispowerspray.com\/wp-content\/uploads\/2021\/04\/Penisz-spray-3-doboz.webp\" class=\"attachment-woocommerce_thumbnail size-woocommerce_thumbnail\" alt=\"Erekci\u00f3 spray 3 doboz rendel\u00e9se\" decoding=\"async\" loading=\"lazy\" \/> <\/a>\r\n\t\t\t<\/div>\r\n\t\t\t\r\n\t\t\t\r\n\t\t<\/div>\r\n\t\t\r\n\t\t<div class=\"dipl_single_woo_product_content\">\r\n\t\t\t<h4 class=\"dipl_single_woo_product_title\">\r\n\t\t\t\t<a href=\"https:\/\/penispowerspray.com\/hu\/termek\/penis-power-erekcio-spray-3-doboz\/\" title=\"Penis Power Erekci\u00f3 Spray 3 doboz\">Penis Power Erekci\u00f3 Spray 3 doboz<\/a>\r\n\t\t\t<\/h4>\r\n\t\t\t<div class=\"dipl_single_woo_product_star_rating\">\r\n\t\t\t<div class=\"star-rating\"><span style=\"width:0%\">\u00c9rt\u00e9kel\u00e9s: <strong class=\"rating\">0<\/strong> \/ 5<\/span><\/div>\r\n\t\t<\/div>\r\n\t\t\t<div class=\"dipl_single_woo_product_price\"><span class=\"woocommerce-Price-amount amount\"><bdi>19 990,00&nbsp;<span class=\"woocommerce-Price-currencySymbol\">&#70;&#116;<\/span><\/bdi><\/span><\/div>\r\n\t\t\t<div class=\"dipl_single_woo_product_add_to_cart\"><p class=\"product woocommerce add_to_cart_inline\">\n                    <a href=\"?add-to-cart=17388\" data-quantity=\"1\" class=\"button product_type_simple add_to_cart_button ajax_add_to_cart\" data-product_id=\"17388\" data-product_sku=\"\" aria-label=\"&ldquo;Penis Power Erekci\u00f3 Spray 3 doboz&rdquo; kos\u00e1rba helyez\u00e9se\" rel=\"nofollow\" >Kos\u00e1rba teszem<\/a>\n                <\/p><\/div>\r\n\t\t<\/div>\r\n\t<\/div><\/div><div class=\"dipl_woo_products_isotope_item dipl_woo_products_isotope_item_page_1\"><div class=\"dipl_single_woo_product\">\r\n\t\t<div class=\"dipl_single_woo_product_thumbnail_wrapper\">\r\n\t\t\t<div class=\"dipl_single_woo_product_thumbnail\">\r\n\t\t\t\t<a href=\"https:\/\/penispowerspray.com\/hu\/termek\/penis-power-erekcio-spray-2-doboz\/\" title=\"Penis Power Erekci\u00f3 Spray 2 doboz\"><img width=\"200\" height=\"300\" src=\"https:\/\/penispowerspray.com\/wp-content\/uploads\/2021\/04\/Penisz-spray-2-doboz.webp\" class=\"attachment-woocommerce_thumbnail size-woocommerce_thumbnail\" alt=\"Erekci\u00f3 spray 3 doboz rendel\u00e9se\" decoding=\"async\" loading=\"lazy\" \/> <\/a>\r\n\t\t\t<\/div>\r\n\t\t\t\r\n\t\t\t\r\n\t\t<\/div>\r\n\t\t\r\n\t\t<div class=\"dipl_single_woo_product_content\">\r\n\t\t\t<h4 class=\"dipl_single_woo_product_title\">\r\n\t\t\t\t<a href=\"https:\/\/penispowerspray.com\/hu\/termek\/penis-power-erekcio-spray-2-doboz\/\" title=\"Penis Power Erekci\u00f3 Spray 2 doboz\">Penis Power Erekci\u00f3 Spray 2 doboz<\/a>\r\n\t\t\t<\/h4>\r\n\t\t\t<div class=\"dipl_single_woo_product_star_rating\">\r\n\t\t\t<div class=\"star-rating\"><span style=\"width:0%\">\u00c9rt\u00e9kel\u00e9s: <strong class=\"rating\">0<\/strong> \/ 5<\/span><\/div>\r\n\t\t<\/div>\r\n\t\t\t<div class=\"dipl_single_woo_product_price\"><span class=\"woocommerce-Price-amount amount\"><bdi>14 990,00&nbsp;<span class=\"woocommerce-Price-currencySymbol\">&#70;&#116;<\/span><\/bdi><\/span><\/div>\r\n\t\t\t<div class=\"dipl_single_woo_product_add_to_cart\"><p class=\"product woocommerce add_to_cart_inline\">\n                    <a href=\"?add-to-cart=17387\" data-quantity=\"1\" class=\"button product_type_simple add_to_cart_button ajax_add_to_cart\" data-product_id=\"17387\" data-product_sku=\"\" aria-label=\"&ldquo;Penis Power Erekci\u00f3 Spray 2 doboz&rdquo; kos\u00e1rba helyez\u00e9se\" rel=\"nofollow\" >Kos\u00e1rba teszem<\/a>\n                <\/p><\/div>\r\n\t\t<\/div>\r\n\t<\/div><\/div><div class=\"dipl_woo_products_isotope_item dipl_woo_products_isotope_item_page_1\"><div class=\"dipl_single_woo_product\">\r\n\t\t<div class=\"dipl_single_woo_product_thumbnail_wrapper\">\r\n\t\t\t<div class=\"dipl_single_woo_product_thumbnail\">\r\n\t\t\t\t<a href=\"https:\/\/penispowerspray.com\/hu\/termek\/penis-power-erekcio-spray-1-doboz\/\" title=\"Penis Power Erekci\u00f3 Spray 1 doboz\"><img width=\"200\" height=\"300\" src=\"https:\/\/penispowerspray.com\/wp-content\/uploads\/2021\/04\/Penisz-spray-1-doboz.webp\" class=\"attachment-woocommerce_thumbnail size-woocommerce_thumbnail\" alt=\"Erekci\u00f3 spray1 doboz rendel\u00e9se\" decoding=\"async\" loading=\"lazy\" \/> <\/a>\r\n\t\t\t<\/div>\r\n\t\t\t\r\n\t\t\t\r\n\t\t<\/div>\r\n\t\t\r\n\t\t<div class=\"dipl_single_woo_product_content\">\r\n\t\t\t<h4 class=\"dipl_single_woo_product_title\">\r\n\t\t\t\t<a href=\"https:\/\/penispowerspray.com\/hu\/termek\/penis-power-erekcio-spray-1-doboz\/\" title=\"Penis Power Erekci\u00f3 Spray 1 doboz\">Penis Power Erekci\u00f3 Spray 1 doboz<\/a>\r\n\t\t\t<\/h4>\r\n\t\t\t<div class=\"dipl_single_woo_product_star_rating\">\r\n\t\t\t<div class=\"star-rating\"><span style=\"width:0%\">\u00c9rt\u00e9kel\u00e9s: <strong class=\"rating\">0<\/strong> \/ 5<\/span><\/div>\r\n\t\t<\/div>\r\n\t\t\t<div class=\"dipl_single_woo_product_price\"><span class=\"woocommerce-Price-amount amount\"><bdi>7 990,00&nbsp;<span class=\"woocommerce-Price-currencySymbol\">&#70;&#116;<\/span><\/bdi><\/span><\/div>\r\n\t\t\t<div class=\"dipl_single_woo_product_add_to_cart\"><p class=\"product woocommerce add_to_cart_inline\">\n                    <a href=\"?add-to-cart=16972\" data-quantity=\"1\" class=\"button product_type_simple add_to_cart_button ajax_add_to_cart\" data-product_id=\"16972\" data-product_sku=\"\" aria-label=\"&ldquo;Penis Power Erekci\u00f3 Spray 1 doboz&rdquo; kos\u00e1rba helyez\u00e9se\" rel=\"nofollow\" >Kos\u00e1rba teszem<\/a>\n                <\/p><\/div>\r\n\t\t<\/div>\r\n\t<\/div><\/div><\/div>\n\t\t\t\t<\/div>\n\t\t\t<\/div><\/p>\n","protected":false},"author":1,"featured_media":0,"parent":0,"menu_order":0,"comment_status":"closed","ping_status":"closed","template":"","meta":{"_et_pb_use_builder":"on","_et_pb_old_content":"","_et_gb_content_width":""},"_links":{"self":[{"href":"https:\/\/penispowerspray.com\/hu\/wp-json\/wp\/v2\/pages\/8140"}],"collection":[{"href":"https:\/\/penispowerspray.com\/hu\/wp-json\/wp\/v2\/pages"}],"about":[{"href":"https:\/\/penispowerspray.com\/hu\/wp-json\/wp\/v2\/types\/page"}],"author":[{"embeddable":true,"href":"https:\/\/penispowerspray.com\/hu\/wp-json\/wp\/v2\/users\/1"}],"replies":[{"embeddable":true,"href":"https:\/\/penispowerspray.com\/hu\/wp-json\/wp\/v2\/comments?post=8140"}],"version-history":[{"count":2,"href":"https:\/\/penispowerspray.com\/hu\/wp-json\/wp\/v2\/pages\/8140\/revisions"}],"predecessor-version":[{"id":28971,"href":"https:\/\/penispowerspray.com\/hu\/wp-json\/wp\/v2\/pages\/8140\/revisions\/28971"}],"wp:attachment":[{"href":"https:\/\/penispowerspray.com\/hu\/wp-json\/wp\/v2\/media?parent=8140"}],"curies":[{"name":"wp","href":"https:\/\/api.w.org\/{rel}","templated":true}]}}