{"id":548,"date":"2019-04-18T13:40:27","date_gmt":"2019-04-18T13:40:27","guid":{"rendered":"http:\/\/penispowerspray.com\/?page_id=548"},"modified":"2025-01-20T13:03:57","modified_gmt":"2025-01-20T13:03:57","slug":"garancia","status":"publish","type":"page","link":"https:\/\/penispowerspray.com\/hu\/garancia\/","title":{"rendered":"Garancia"},"content":{"rendered":"<p>[et_pb_section fb_built=&#8221;1&#8243; module_id=&#8221;garancia&#8221; _builder_version=&#8221;4.16&#8243; background_color=&#8221;#f7eaaf&#8221; custom_padding=&#8221;0|0px|0|0px|false|false&#8221; locked=&#8221;off&#8221; global_colors_info=&#8221;{}&#8221;][et_pb_row module_id=&#8221;garancia&#8221; _builder_version=&#8221;4.16&#8243; background_color=&#8221;#f7eaaf&#8221; custom_padding=&#8221;15px|0px|15px|0px|false|false&#8221; global_colors_info=&#8221;{}&#8221;][et_pb_column type=&#8221;4_4&#8243; _builder_version=&#8221;4.16&#8243; custom_padding=&#8221;|||&#8221; global_colors_info=&#8221;{}&#8221; custom_padding__hover=&#8221;|||&#8221;][et_pb_text _builder_version=&#8221;4.16&#8243; text_font=&#8221;||||||||&#8221; text_font_size=&#8221;16px&#8221; header_font=&#8221;||||||||&#8221; header_text_color=&#8221;#000000&#8243; global_colors_info=&#8221;{}&#8221;]<\/p>\n<h1>100% p\u00e9nzvisszafizet\u00e9si garancia a\u00a0<span style=\"color: #ff0000;\">Penis Power Spray<\/span> term\u00e9kre!<br \/> <span>\u00a0<\/span><span style=\"color: #ff0000;\"><\/span><\/h1>\n<p><span style=\"color: #000000;\">Vil\u00e1gszerte a felhaszn\u00e1l\u00f3k k\u00f6r\u00e9ben annyira n\u00e9pszer\u0171 \u00e9s eredm\u00e9nyes a term\u00e9k, hogy 100% GARANCI\u00c1T v\u00e1llalunk a megel\u00e9gedetts\u00e9g\u00e9\u00e9rt.<\/span><\/p>\n<p><span style=\"color: #000000;\">Olyannyira b\u00edzunk az Penis Power Spray min\u0151s\u00e9g\u00e9ben, hogy 30 napos p\u00e9nzvisszafizet\u00e9si-garanci\u00e1t tudunk biztos\u00edtani sz\u00e1modra. Ha b\u00e1rmilyen okb\u00f3l nem vagy el\u00e9gedett a term\u00e9k\u00fcnkkel, egyszer\u0171en k\u00fcld vissza, a v\u00e1s\u00e1rl\u00e1st\u00f3l sz\u00e1m\u00edtott 30 napon bel\u00fcl, \u00e9s mi visszafizetj\u00fck Neked a term\u00e9k teljes v\u00e9tel\u00e1rat<\/span><\/p>\n<p>[\/et_pb_text][\/et_pb_column][\/et_pb_row][et_pb_row module_id=&#8221;velemenyek&#8221; _builder_version=&#8221;4.16&#8243; custom_padding=&#8221;20px|0px|2px|0px|false|false&#8221; global_colors_info=&#8221;{}&#8221; locked=&#8221;off&#8221;][et_pb_column type=&#8221;4_4&#8243; _builder_version=&#8221;4.16&#8243; custom_padding=&#8221;|||&#8221; global_colors_info=&#8221;{}&#8221; custom_padding__hover=&#8221;|||&#8221;][et_pb_text _builder_version=&#8221;4.16&#8243; custom_margin=&#8221;15px||2px|||&#8221; global_colors_info=&#8221;{}&#8221;]<\/p>\n<h2><span style=\"color: #000000;\">N\u00e9h\u00e1ny spont\u00e1n elismer\u0151 lev\u00e9l a term\u00e9k haszn\u00e1l\u00f3it\u00f3l:<\/span><\/h2>\n<p class=\"velemeny\">\n[\/et_pb_text][et_pb_text _builder_version=&#8221;4.17.4&#8243; _module_preset=&#8221;default&#8221; global_colors_info=&#8221;{}&#8221;]<pre class=\"ti-widget\" style=\"display: none\"><div class=\"ti-widget ti-goog ti-show-rating-text ti-review-text-mode-readmore ti-text-align-left\" data-no-translation=\"true\" data-layout-id=\"4\" data-set-id=\"light-background\" data-pid=\"\" data-pager-autoplay-timeout=\"6\" data-review-target-width=\"300\" data-language=\"en\" > <div class=\"ti-widget-container ti-col-3\"> <div class=\"ti-reviews-container\"> <div class=\"ti-controls\"> <div class=\"ti-next\" aria-label=\"Next review\" role=\"button\"><\/div> <div class=\"ti-prev\" aria-label=\"Previous review\" role=\"button\"><\/div> <\/div> <div class=\"ti-reviews-container-wrapper\">  <div data-empty=\"0\" class=\"ti-review-item source-Google\" > <div class=\"ti-inner\"> <div class=\"ti-review-header\"> <div class=\"ti-profile-img\"> <img decoding=\"async\" src=\"https:\/\/lh3.googleusercontent.com\/a\/AATXAJwChHAGtEnvHxTgLrVh6pAlBYAHsOrCNjs7m-KB=s120-c-c-rp-w64-h64-mo-br100\" alt=\"Lajos Dorgai\" \/> <\/div> <div class=\"ti-profile-details\"> <div class=\"ti-name\"> Lajos Dorgai <\/div> <div class=\"ti-date\">2022-05-27<\/div> <\/div> <\/div> <span class=\"ti-stars\"><span class=\"ti-star f\"><\/span><span class=\"ti-star f\"><\/span><span class=\"ti-star f\"><\/span><span class=\"ti-star f\"><\/span><span class=\"ti-star f\"><\/span><span class=\"ti-verified-review ti-verified-platform\"><span class=\"ti-verified-tooltip\">Trustindex verifies that the original source of the review is Google.<\/span><\/span><\/span> <div class=\"ti-review-text-container ti-review-content\"><!-- R-CONTENT -->Minden rendben gyors sz\u00e1l\u00edt\u00e1s.<!-- R-CONTENT --><\/div> <span class=\"ti-read-more\" data-container=\".ti-review-content\" data-collapse-text=\"Hide\" data-open-text=\"Read more\" ><\/span> <\/div> <\/div>  <div data-empty=\"0\" class=\"ti-review-item source-Google\" > <div class=\"ti-inner\"> <div class=\"ti-review-header\"> <div class=\"ti-profile-img\"> <img decoding=\"async\" src=\"https:\/\/lh3.googleusercontent.com\/a\/AATXAJyh-pGpGh0T4j1TRcOhZVtzkAkSIQnOcmHJcD2f=s120-c-c-rp-w64-h64-mo-br100\" alt=\"Zolt\u00e1n Tak\u00e1cs\" \/> <\/div> <div class=\"ti-profile-details\"> <div class=\"ti-name\"> Zolt\u00e1n Tak\u00e1cs <\/div> <div class=\"ti-date\">2022-05-24<\/div> <\/div> <\/div> <span class=\"ti-stars\"><span class=\"ti-star f\"><\/span><span class=\"ti-star f\"><\/span><span class=\"ti-star f\"><\/span><span class=\"ti-star f\"><\/span><span class=\"ti-star f\"><\/span><span class=\"ti-verified-review ti-verified-platform\"><span class=\"ti-verified-tooltip\">Trustindex verifies that the original source of the review is Google.<\/span><\/span><\/span> <div class=\"ti-review-text-container ti-review-content\"><!-- R-CONTENT -->Megvagyok el\u00e9gedve a term\u00e9kkel nagyon j\u00f3, tov\u00e1bb\u00e0 is ezt fogom alkalmazni!<!-- R-CONTENT --><\/div> <span class=\"ti-read-more\" data-container=\".ti-review-content\" data-collapse-text=\"Hide\" data-open-text=\"Read more\" ><\/span> <\/div> <\/div>  <div data-empty=\"0\" class=\"ti-review-item source-Google\" > <div class=\"ti-inner\"> <div class=\"ti-review-header\"> <div class=\"ti-profile-img\"> <img decoding=\"async\" src=\"https:\/\/lh3.googleusercontent.com\/a-\/AOh14GgJHPL-_f7xbY12AG8gykF3U7nVoP-Lf_Lt9fAwqQ=s120-c-c-rp-w64-h64-mo-br100\" alt=\"L audorfy\" \/> <\/div> <div class=\"ti-profile-details\"> <div class=\"ti-name\"> L audorfy <\/div> <div class=\"ti-date\">2022-05-18<\/div> <\/div> <\/div> <span class=\"ti-stars\"><span class=\"ti-star f\"><\/span><span class=\"ti-star f\"><\/span><span class=\"ti-star f\"><\/span><span class=\"ti-star f\"><\/span><span class=\"ti-star f\"><\/span><span class=\"ti-verified-review ti-verified-platform\"><span class=\"ti-verified-tooltip\">Trustindex verifies that the original source of the review is Google.<\/span><\/span><\/span> <div class=\"ti-review-text-container ti-review-content\"><!-- R-CONTENT -->A term\u00e9k j\u00f3 volt, j\u00f3l m\u0171k\u00f6dik a cucc. legk\u00f6zelebb is rendelni fogok! K\u00f6sz\u00f6n\u00f6m X-ZONE Kft.!<!-- R-CONTENT --><\/div> <span class=\"ti-read-more\" data-container=\".ti-review-content\" data-collapse-text=\"Hide\" data-open-text=\"Read more\" ><\/span> <\/div> <\/div>  <div data-empty=\"0\" class=\"ti-review-item source-Google\" > <div class=\"ti-inner\"> <div class=\"ti-review-header\"> <div class=\"ti-profile-img\"> <img decoding=\"async\" src=\"https:\/\/lh3.googleusercontent.com\/a-\/AOh14GgKg1rN6WPZv_18nWnYYcQ7sMws2b9WUNjJB7m9f04=s120-c-c-rp-w64-h64-mo-br100\" alt=\"P\u00e9ter Oravecz\" \/> <\/div> <div class=\"ti-profile-details\"> <div class=\"ti-name\"> P\u00e9ter Oravecz <\/div> <div class=\"ti-date\">2022-05-16<\/div> <\/div> <\/div> <span class=\"ti-stars\"><span class=\"ti-star f\"><\/span><span class=\"ti-star f\"><\/span><span class=\"ti-star f\"><\/span><span class=\"ti-star f\"><\/span><span class=\"ti-star f\"><\/span><span class=\"ti-verified-review ti-verified-platform\"><span class=\"ti-verified-tooltip\">Trustindex verifies that the original source of the review is Google.<\/span><\/span><\/span> <div class=\"ti-review-text-container ti-review-content\"><!-- R-CONTENT -->A k\u00fcldem\u00e9nyt k\u00f6sz\u00f6nettel megkaptam, SZUPEREK voltatok gyorsas\u00e1gban \u00e9s az \u00e1rban, a k\u00fcldem\u00e9ny ellen\u00e9rt\u00e9k\u00e9t a Fut\u00e1rnak kifizettem,a min\u0151s\u00e9get azonban \u00e9n is fogom garant\u00e1lni\u2026mert a  term\u00e9k T\u00d6BB MINT J\u00d3.! \u00e9s eg\u00e9szs\u00e9ges !!!! M\u00e9gegyszer k\u00f6sz\u00f6n\u00f6m.<!-- R-CONTENT --><\/div> <span class=\"ti-read-more\" data-container=\".ti-review-content\" data-collapse-text=\"Hide\" data-open-text=\"Read more\" ><\/span> <\/div> <\/div>  <div data-empty=\"0\" class=\"ti-review-item source-Google\" > <div class=\"ti-inner\"> <div class=\"ti-review-header\"> <div class=\"ti-profile-img\"> <img decoding=\"async\" src=\"https:\/\/lh3.googleusercontent.com\/a\/AATXAJzA1ewaFH6xnqCqjweZ_xK56B2p-qt2HBMR75qy=s120-c-c-rp-w64-h64-mo-br100\" alt=\"N Amokachi\" \/> <\/div> <div class=\"ti-profile-details\"> <div class=\"ti-name\"> N Amokachi <\/div> <div class=\"ti-date\">2022-05-16<\/div> <\/div> <\/div> <span class=\"ti-stars\"><span class=\"ti-star f\"><\/span><span class=\"ti-star f\"><\/span><span class=\"ti-star f\"><\/span><span class=\"ti-star f\"><\/span><span class=\"ti-star f\"><\/span><span class=\"ti-verified-review ti-verified-platform\"><span class=\"ti-verified-tooltip\">Trustindex verifies that the original source of the review is Google.<\/span><\/span><\/span> <div class=\"ti-review-text-container ti-review-content\"><!-- R-CONTENT -->Nekem nagyon j\u00f3l m\u0171k\u00f6d\u00f6tt ez a term\u00e9k, a sz\u00e1ll\u00edt\u00e1s is gyors \u00e9s korrekt volt, minden OK, aj\u00e1nlom..)<!-- R-CONTENT --><\/div> <span class=\"ti-read-more\" data-container=\".ti-review-content\" data-collapse-text=\"Hide\" data-open-text=\"Read more\" ><\/span> <\/div> <\/div>  <div data-empty=\"0\" class=\"ti-review-item source-Google\" > <div class=\"ti-inner\"> <div class=\"ti-review-header\"> <div class=\"ti-profile-img\"> <img decoding=\"async\" src=\"https:\/\/lh3.googleusercontent.com\/a\/AATXAJye5p1uJewRUp0zbtvKW02NIEPxkHX8KupPBrDJ=s120-c-c-rp-w64-h64-mo-br100\" alt=\"Gabe White\" \/> <\/div> <div class=\"ti-profile-details\"> <div class=\"ti-name\"> Gabe White <\/div> <div class=\"ti-date\">2020-05-26<\/div> <\/div> <\/div> <span class=\"ti-stars\"><span class=\"ti-star f\"><\/span><span class=\"ti-star f\"><\/span><span class=\"ti-star f\"><\/span><span class=\"ti-star f\"><\/span><span class=\"ti-star f\"><\/span><span class=\"ti-verified-review ti-verified-platform\"><span class=\"ti-verified-tooltip\">Trustindex verifies that the original source of the review is Google.<\/span><\/span><\/span> <div class=\"ti-review-text-container ti-review-content\"><!-- R-CONTENT -->Gyors \u00e9s korrekt kiszolg\u00e1l\u00e1s. Azt kaptam amit v\u00e1rtam. Amikor t\u00f6bb term\u00e9ket rendeltem egyszerre, m\u00e9g postak\u00f6lts\u00e9g sem volt. A piacon az egyik legjobb \u00e1r\/\u00e9rt\u00e9k ar\u00e1ny.<!-- R-CONTENT --><\/div> <span class=\"ti-read-more\" data-container=\".ti-review-content\" data-collapse-text=\"Hide\" data-open-text=\"Read more\" ><\/span> <\/div> <\/div>  <\/div> <div class=\"ti-controls-line\"> <div class=\"dot\"><\/div> <\/div> <\/div> <div class=\"ti-footer\"> <div class=\"ti-rating-text\"> <span class=\"nowrap\"><strong>Google<\/strong> rating score: <\/span><span class=\"nowrap\"><strong>5.0<\/strong> of 5, <\/span><span class=\"nowrap\">based on <strong>6 reviews<\/strong><\/span> <\/div> <\/div>  <\/div> <\/div> <\/pre>[\/et_pb_text][\/et_pb_column][\/et_pb_row][\/et_pb_section]<\/p>\n","protected":false},"excerpt":{"rendered":"<p>100% p\u00e9nzvisszafizet\u00e9si garancia a\u00a0Penis Power Spray term\u00e9kre! \u00a0 Vil\u00e1gszerte a felhaszn\u00e1l\u00f3k k\u00f6r\u00e9ben annyira n\u00e9pszer\u0171 \u00e9s eredm\u00e9nyes a term\u00e9k, hogy 100% GARANCI\u00c1T v\u00e1llalunk a megel\u00e9gedetts\u00e9g\u00e9\u00e9rt. Olyannyira b\u00edzunk az Penis Power Spray min\u0151s\u00e9g\u00e9ben, hogy 30 napos p\u00e9nzvisszafizet\u00e9si-garanci\u00e1t tudunk biztos\u00edtani sz\u00e1modra. Ha b\u00e1rmilyen okb\u00f3l nem vagy el\u00e9gedett a term\u00e9k\u00fcnkkel, egyszer\u0171en k\u00fcld vissza, a v\u00e1s\u00e1rl\u00e1st\u00f3l sz\u00e1m\u00edtott 30 napon bel\u00fcl, [&hellip;]<\/p>\n","protected":false},"author":1,"featured_media":0,"parent":0,"menu_order":0,"comment_status":"closed","ping_status":"closed","template":"","meta":{"_et_pb_use_builder":"on","_et_pb_old_content":"","_et_gb_content_width":""},"_links":{"self":[{"href":"https:\/\/penispowerspray.com\/hu\/wp-json\/wp\/v2\/pages\/548"}],"collection":[{"href":"https:\/\/penispowerspray.com\/hu\/wp-json\/wp\/v2\/pages"}],"about":[{"href":"https:\/\/penispowerspray.com\/hu\/wp-json\/wp\/v2\/types\/page"}],"author":[{"embeddable":true,"href":"https:\/\/penispowerspray.com\/hu\/wp-json\/wp\/v2\/users\/1"}],"replies":[{"embeddable":true,"href":"https:\/\/penispowerspray.com\/hu\/wp-json\/wp\/v2\/comments?post=548"}],"version-history":[{"count":39,"href":"https:\/\/penispowerspray.com\/hu\/wp-json\/wp\/v2\/pages\/548\/revisions"}],"predecessor-version":[{"id":26300,"href":"https:\/\/penispowerspray.com\/hu\/wp-json\/wp\/v2\/pages\/548\/revisions\/26300"}],"wp:attachment":[{"href":"https:\/\/penispowerspray.com\/hu\/wp-json\/wp\/v2\/media?parent=548"}],"curies":[{"name":"wp","href":"https:\/\/api.w.org\/{rel}","templated":true}]}}