{"id":3197,"date":"2019-10-08T11:28:38","date_gmt":"2019-10-08T11:28:38","guid":{"rendered":"https:\/\/penispowerspray.com\/?page_id=3197"},"modified":"2019-10-08T11:41:22","modified_gmt":"2019-10-08T11:41:22","slug":"gyorslinkek","status":"publish","type":"page","link":"https:\/\/penispowerspray.com\/hu\/gyorslinkek\/","title":{"rendered":"Gyorslinkek"},"content":{"rendered":"<p>Partner oldalaink:<\/p>\n<p><a href=\"https:\/\/penispowerspray.com\/hu\/\">P\u00e9nisz spray<\/a><br \/>\n<a href=\"https:\/\/penispowerspray.com\/hu\/erekcio\/\">Erekci\u00f3s probl\u00e9ma<\/a><\/p>\n<p><a href=\"https:\/\/penispowerspray.com\/de\/\">Penis erektion spray<\/a><br \/>\n<a href=\"https:\/\/penispowerspray.com\/de\/potenz-steigern-mit-penispowerspray\/\">Potenz steigern<\/a><\/p>\n","protected":false},"excerpt":{"rendered":"<p>Partner oldalaink: P\u00e9nisz spray Erekci\u00f3s probl\u00e9ma Penis erektion spray Potenz steigern<\/p>\n","protected":false},"author":1,"featured_media":0,"parent":0,"menu_order":0,"comment_status":"closed","ping_status":"closed","template":"","meta":{"_et_pb_use_builder":"","_et_pb_old_content":"","_et_gb_content_width":""},"_links":{"self":[{"href":"https:\/\/penispowerspray.com\/hu\/wp-json\/wp\/v2\/pages\/3197"}],"collection":[{"href":"https:\/\/penispowerspray.com\/hu\/wp-json\/wp\/v2\/pages"}],"about":[{"href":"https:\/\/penispowerspray.com\/hu\/wp-json\/wp\/v2\/types\/page"}],"author":[{"embeddable":true,"href":"https:\/\/penispowerspray.com\/hu\/wp-json\/wp\/v2\/users\/1"}],"replies":[{"embeddable":true,"href":"https:\/\/penispowerspray.com\/hu\/wp-json\/wp\/v2\/comments?post=3197"}],"version-history":[{"count":3,"href":"https:\/\/penispowerspray.com\/hu\/wp-json\/wp\/v2\/pages\/3197\/revisions"}],"predecessor-version":[{"id":3204,"href":"https:\/\/penispowerspray.com\/hu\/wp-json\/wp\/v2\/pages\/3197\/revisions\/3204"}],"wp:attachment":[{"href":"https:\/\/penispowerspray.com\/hu\/wp-json\/wp\/v2\/media?parent=3197"}],"curies":[{"name":"wp","href":"https:\/\/api.w.org\/{rel}","templated":true}]}}