{"id":3067,"date":"2019-09-29T13:16:31","date_gmt":"2019-09-29T13:16:31","guid":{"rendered":"https:\/\/penispowerspray.com\/?page_id=3067"},"modified":"2019-10-04T11:37:40","modified_gmt":"2019-10-04T11:37:40","slug":"erekcio","status":"publish","type":"page","link":"https:\/\/penispowerspray.com\/hu\/erekcio\/","title":{"rendered":"Erekci\u00f3"},"content":{"rendered":"<p>[et_pb_section fb_built=&#8221;1&#8243; disabled_on=&#8221;on|on|off&#8221; _builder_version=&#8221;3.21.4&#8243; background_image=&#8221;https:\/\/penispowerspray.com\/wp-content\/uploads\/2019\/06\/f\u00e9rfi-erekci\u00f3.jpg&#8221; custom_padding=&#8221;0px|0px|0px|0px|true|true&#8221; locked=&#8221;off&#8221;][et_pb_row custom_padding=&#8221;38px|0px|38px|0px|true|false&#8221; disabled_on=&#8221;on|off|off&#8221; _builder_version=&#8221;3.21.4&#8243; module_alignment=&#8221;center&#8221; background__hover_enabled=&#8221;on&#8221;][et_pb_column type=&#8221;1_4&#8243; _builder_version=&#8221;3.0.47&#8243;][et_pb_image src=&#8221;https:\/\/penispowerspray.com\/wp-content\/uploads\/2019\/04\/penzvissza.png&#8221; _builder_version=&#8221;3.21.4&#8243; max_width=&#8221;57%&#8221; custom_margin=&#8221;-44px|||-60px&#8221;][\/et_pb_image][\/et_pb_column][et_pb_column type=&#8221;1_4&#8243; _builder_version=&#8221;3.0.47&#8243;][et_pb_text disabled_on=&#8221;off|off|off&#8221; _builder_version=&#8221;3.21.4&#8243; text_font=&#8221;||||||||&#8221; text_text_color=&#8221;#edf000&#8243; text_font_size=&#8221;16px&#8221; header_font=&#8221;Verdana|700|||||||&#8221; header_text_align=&#8221;left&#8221; header_text_color=&#8221;#f7f600&#8243; header_font_size=&#8221;28px&#8221; header_text_shadow_style=&#8221;preset2&#8243; header_text_shadow_horizontal_length=&#8221;0.03em&#8221; header_text_shadow_vertical_length=&#8221;0.1em&#8221; custom_margin=&#8221;||0px&#8221; z_index=&#8221;0&#8243; inline_fonts=&#8221;Arial&#8221; header_text_color__hover_enabled=&#8221;on&#8221;]<\/p>\n<h1>Itt a hat\u00e9kony megold\u00e1s az erekci\u00f3s probl\u00e9m\u00e1kra!<\/h1>\n<p>[\/et_pb_text][et_pb_text _builder_version=&#8221;3.21.4&#8243; text_font=&#8221;Gabriela||||||||&#8221; text_text_color=&#8221;#ffffff&#8221; text_font_size=&#8221;25px&#8221; text_text_shadow_style=&#8221;preset5&#8243; text_text_shadow_color=&#8221;#282828&#8243; header_font=&#8221;||||||||&#8221; header_2_font=&#8221;|700|||||||&#8221; header_2_text_color=&#8221;#edf000&#8243; header_2_font_size=&#8221;32px&#8221; border_radii=&#8221;on|1px|1px|1px|1px&#8221; background_layout=&#8221;dark&#8221; custom_margin=&#8221;80px||&#8221;]<\/p>\n<p>#1 Vigye fel a term\u00e9ket<\/p>\n<p>#2 Az eredm\u00e9ny:<\/p>\n<h2>Azonnali erekci\u00f3!<\/h2>\n<p>[\/et_pb_text][\/et_pb_column][et_pb_column type=&#8221;1_4&#8243; _builder_version=&#8221;3.0.47&#8243;][et_pb_image src=&#8221;https:\/\/penispowerspray.com\/wp-content\/uploads\/2019\/05\/er\u0151s-erekci\u00f3-term\u00e9k.png&#8221; alt=&#8221;er\u0151s erekci\u00f3 term\u00e9k&#8221; _builder_version=&#8221;3.21.4&#8243; transform_scale=&#8221;146%|146%&#8221; module_alignment=&#8221;center&#8221; custom_margin=&#8221;100px||&#8221;][\/et_pb_image][\/et_pb_column][et_pb_column type=&#8221;1_4&#8243; _builder_version=&#8221;3.0.47&#8243;][et_pb_image src=&#8221;https:\/\/penispowerspray.com\/wp-content\/uploads\/2019\/04\/megrendelem-erekci\u00f3-spray.png&#8221; url=&#8221;https:\/\/penispowerspray.com\/hu\/rendeles\/#rendeles&#8221; _builder_version=&#8221;3.21.4&#8243; transform_styles__hover_enabled=&#8221;on&#8221; transform_scale__hover_enabled=&#8221;on&#8221; transform_translate__hover_enabled=&#8221;on&#8221; transform_rotate__hover_enabled=&#8221;on&#8221; transform_skew__hover_enabled=&#8221;on&#8221; transform_origin__hover_enabled=&#8221;on&#8221; transform_scale__hover=&#8221;116%|116%&#8221;][\/et_pb_image][et_pb_text _builder_version=&#8221;3.21.4&#8243; text_font=&#8221;||||||||&#8221; text_text_color=&#8221;#ffffff&#8221; text_font_size=&#8221;17px&#8221;]<\/p>\n<p><strong>&#8211; Kis helyen elf\u00e9r.<\/strong><\/p>\n<p><strong>-Azonnali eredm\u00e9ny, m\u00e1r az els\u0151 haszn\u00e1lat ut\u00e1n!<\/strong><\/p>\n<p><strong>&#8211; Egyszer\u0171 \u00e9s felhaszn\u00e1l\u00f3bar\u00e1t term\u00e9<\/strong>k.<\/p>\n<p>[\/et_pb_text][\/et_pb_column][\/et_pb_row][\/et_pb_section][et_pb_section fb_built=&#8221;1&#8243; disabled_on=&#8221;off|off|on&#8221; _builder_version=&#8221;3.21.4&#8243; background_image=&#8221;https:\/\/penispowerspray.com\/wp-content\/uploads\/2019\/05\/szex-aktus-orgia-szerelem.jpg&#8221; custom_margin=&#8221;-2px||-2px||true&#8221; custom_padding=&#8221;0px|0|0px||true|false&#8221; locked=&#8221;off&#8221;][et_pb_row use_custom_width=&#8221;on&#8221; width_unit=&#8221;off&#8221; custom_width_percent=&#8221;100%&#8221; custom_padding=&#8221;30px||0|0|false|false&#8221; disabled_on=&#8221;off|on|on&#8221; _builder_version=&#8221;3.21.4&#8243;][et_pb_column type=&#8221;1_4&#8243; _builder_version=&#8221;3.0.47&#8243;][et_pb_text _builder_version=&#8221;3.21.4&#8243; header_font=&#8221;|700|||||||&#8221; header_text_align=&#8221;center&#8221; header_text_color=&#8221;#efdf00&#8243; custom_margin=&#8221;-14px||-14px||true&#8221; inline_fonts=&#8221;Arial&#8221; header_text_color__hover_enabled=&#8221;on&#8221;]<\/p>\n<h1>Erekci\u00f3s probl\u00e9ma megold\u00e1sa.<\/h1>\n<p>[\/et_pb_text][\/et_pb_column][et_pb_column type=&#8221;1_4&#8243; _builder_version=&#8221;3.0.47&#8243;][et_pb_text _builder_version=&#8221;3.21.4&#8243; text_font=&#8221;Gabriela||||||||&#8221; text_text_color=&#8221;#ffffff&#8221; text_font_size=&#8221;25px&#8221; text_text_shadow_style=&#8221;preset5&#8243; text_text_shadow_color=&#8221;#282828&#8243; header_font=&#8221;||||||||&#8221; header_2_font=&#8221;|700|||||||&#8221; header_2_text_color=&#8221;#edf000&#8243; header_2_font_size=&#8221;32px&#8221; border_radii=&#8221;on|1px|1px|1px|1px&#8221; text_orientation=&#8221;center&#8221; background_layout=&#8221;dark&#8221;]<\/p>\n<p>#1 Vigye fel a term\u00e9ket<\/p>\n<p>#2 Az eredm\u00e9ny::<\/p>\n<h2>Azonnali erekci\u00f3!<\/h2>\n<p>[\/et_pb_text][et_pb_image src=&#8221;https:\/\/penispowerspray.com\/wp-content\/uploads\/2019\/04\/dobozos-term\u00e9k-spray2-1-1.png&#8221; show_bottom_space=&#8221;off&#8221; align=&#8221;center&#8221; always_center_on_mobile=&#8221;off&#8221; _builder_version=&#8221;3.21.4&#8243; transform_translate=&#8221;101px|-19px&#8221; max_width=&#8221;57%&#8221; module_alignment=&#8221;center&#8221;][\/et_pb_image][et_pb_text _builder_version=&#8221;3.21.4&#8243; text_font=&#8221;||||||||&#8221; text_text_color=&#8221;#ffffff&#8221; text_font_size=&#8221;18px&#8221; text_orientation=&#8221;center&#8221;]<\/p>\n<p><strong>&#8211; Kis helyen elf\u00e9r.<\/strong><\/p>\n<p><strong>-Azonnali eredm\u00e9ny, m\u00e1r az els\u0151 haszn\u00e1lat ut\u00e1n!<\/strong><\/p>\n<p><strong>&#8211; Egyszer\u0171 \u00e9s felhaszn\u00e1l\u00f3bar\u00e1t term\u00e9<\/strong>k.<\/p>\n<p>[\/et_pb_text][\/et_pb_column][et_pb_column type=&#8221;1_4&#8243; _builder_version=&#8221;3.0.47&#8243;][et_pb_image src=&#8221;https:\/\/penispowerspray.com\/wp-content\/uploads\/2019\/04\/megrendelem-erekci\u00f3-spray.png&#8221; url=&#8221;https:\/\/penispowerspray.com\/hu\/rendeles\/#rendeles&#8221; _builder_version=&#8221;3.21.4&#8243; max_width=&#8221;54%&#8221;][\/et_pb_image][\/et_pb_column][et_pb_column type=&#8221;1_4&#8243; _builder_version=&#8221;3.0.47&#8243;][\/et_pb_column][\/et_pb_row][\/et_pb_section][et_pb_section fb_built=&#8221;1&#8243; _builder_version=&#8221;3.21.4&#8243; background_color=&#8221;#f7eaaf&#8221; custom_padding=&#8221;1px|0px|0|0px|false|false&#8221;][et_pb_row _builder_version=&#8221;3.21.4&#8243;][et_pb_column type=&#8221;4_4&#8243; _builder_version=&#8221;3.0.47&#8243;][et_pb_text _builder_version=&#8221;3.21.4&#8243; text_font=&#8221;||||||||&#8221; text_text_color=&#8221;#000000&#8243; header_font=&#8221;||||||||&#8221; header_text_color=&#8221;#000000&#8243; header_font_size=&#8221;23px&#8221; header_2_font=&#8221;||||||||&#8221; header_2_text_color=&#8221;#000000&#8243; header_2_font_size=&#8221;18px&#8221;]<\/p>\n<h1 style=\"text-align: center;\"><strong>Erekci\u00f3s probl\u00e9ma f\u00e9rfiakn\u00e1l<\/strong><\/h1>\n<p>&nbsp;<\/p>\n<h2>Az <strong>erekci\u00f3s probl\u00e9m\u00e1kat<\/strong> vagy <strong>mereved\u00e9si zavart<\/strong> szervi \u00e9s nem szervi okok hat\u00e1rozz\u00e1k meg.<\/h2>\n<h2>Ezek t\u00f6bbs\u00e9ge \u00f6sszef\u00fcgg egym\u00e1ssal.<\/h2>\n<h2>Erekci\u00f3 kialakul\u00e1s\u00e1t pszichol\u00f3giai \u00e9s hormon\u00e1lis t\u00e9nyez\u0151k is befoly\u00e1solhatj\u00e1k. L\u00e1ssuk hogyan.<\/h2>\n<p>[\/et_pb_text][\/et_pb_column][\/et_pb_row][\/et_pb_section][et_pb_section fb_built=&#8221;1&#8243; _builder_version=&#8221;3.21.4&#8243; background_color=&#8221;#f7eaaf&#8221; custom_padding=&#8221;1px|0px|0|0px|false|false&#8221;][et_pb_row _builder_version=&#8221;3.21.4&#8243;][et_pb_column type=&#8221;2_5&#8243; _builder_version=&#8221;3.0.47&#8243;][et_pb_blurb title=&#8221;Tartalomjegyz\u00e9k&#8221; use_icon=&#8221;on&#8221; _builder_version=&#8221;3.21.4&#8243; body_font=&#8221;||||||||&#8221; body_font_size=&#8221;14px&#8221;]<\/p>\n<h1><a href=\"https:\/\/penispowerspray.com\/hu\/erekcio\/#erekci\u00f3sprobl\u00e9ma\">Erekci\u00f3s probl\u00e9ma<\/a><\/h1>\n<h1>Hogyan j\u00f6n l\u00e9tre az Erekci\u00f3<\/h1>\n<h1>Megold\u00e1s a Mereved\u00e9si zavarra<\/h1>\n<p>&nbsp;<\/p>\n<p><img decoding=\"async\" loading=\"lazy\" src=\"https:\/\/penispowerspray.com\/wp-content\/uploads\/2019\/09\/erekci\u00f3s-probl\u00e9ma.jpg\" width=\"402\" height=\"274\" alt=\"erekci\u00f3s probl\u00e9ma\" class=\"wp-image-3070 alignnone size-full\" \/><\/p>\n<p>&nbsp;<\/p>\n<p>[\/et_pb_blurb][\/et_pb_column][et_pb_column type=&#8221;3_5&#8243; _builder_version=&#8221;3.0.47&#8243;][et_pb_text _builder_version=&#8221;3.21.4&#8243; text_font=&#8221;||||||||&#8221; text_text_color=&#8221;#000000&#8243; text_font_size=&#8221;17px&#8221; ul_font=&#8221;||||||||&#8221; header_2_font=&#8221;||||||||&#8221; header_2_font_size=&#8221;16px&#8221; header_3_font=&#8221;||||||||&#8221; header_3_text_color=&#8221;#000000&#8243; module_id=&#8221;erekci\u00f3sprobl\u00e9ma&#8221;]<\/p>\n<h2>Az <span style=\"color: #000000;\"><a href=\"https:\/\/penispowerspray.com\/hu\/merevedesi-zavar-okai-es-megelozese\/\" style=\"color: #000000;\"><em><strong>erekci\u00f3s probl\u00e9m\u00e1kat<\/strong> <\/em><\/a><\/span>legt\u00f6bbsz\u00f6r a fizikai \u00e9s pszichologiai okok hat\u00e1rozz\u00e1k meg.<\/h2>\n<h2>Ezek legt\u00f6bbsz\u00f6r \u00f6sszef\u00fcggenek egym\u00e1ssal \u00e9s k\u00f6lcs\u00f6nhat\u00e1sban vannak.<\/h2>\n<h2>Az <a href=\"https:\/\/penispowerspray.com\/hu\/eros-erekcio-elerese\/\"><strong>erekci\u00f3<\/strong><\/a> kialakul\u00e1s\u00e1t pszichol\u00f3giai \u00e9s hormon\u00e1lis t\u00e9nyez\u0151k is befoly\u00e1solhatj\u00e1k.<\/h2>\n<p>Sajnos mai rohan\u00f3 vil\u00e1gunkban ez egyre gyakrabban \u00e9rik az embert ilyen k\u00e1ros kihat\u00e1sok ami ellen neh\u00e9z tenni.<\/p>\n<p>A f\u00e9rfiak nagy r\u00e9sze fontosnak tartja a megfelel\u0151 nemi \u00e9letet, \u00edgy kifejezetten zavarja \u0151ket ha nem megfelel\u0151.<\/p>\n<h3 style=\"text-align: center;\"><strong>De mi az erekci\u00f3 \u00e9s hogyan j\u00f6n l\u00e9tre?<\/strong><\/h3>\n<p>A p\u00e9nisz belsej\u00e9ben k\u00e9t szivacsszer\u0171 hengeres test tal\u00e1lhat\u00f3, ez az erektilis sz\u00f6vet.<\/p>\n<p>P\u00e1rhuzamosan futnak a p\u00e9nisszel, kil\u00e9pnek a medenc\u00e9b\u0151l \u00e9s tartalmazz\u00e1k a h\u00fagycs\u00f6vet, amelyen kereszt\u00fcl a vizelet \u00e9s a sperma ki\u00fcr\u00fcl a p\u00e9nisz v\u00e9g\u00e9n.<\/p>\n<p>A szexu\u00e1lis inger hat\u00e1s\u00e1ra a v\u00e9r \u00e1ramlik ebbe a hengeres testbe, amely megduzzad, \u00e9s erekci\u00f3t okoz.<\/p>\n<p>A szexu\u00e1lis izgalom erekci\u00f3val j\u00e1r \u00e9s fokozza a v\u00e9rkering\u00e9st.<br \/> Ejakul\u00e1ci\u00f3 ut\u00e1n a felesleges v\u00e9r elhagyja ezt a szivacsos testet\/erektilis sz\u00f6vet\/ \u00e9s a p\u00e9nisz vissza\u00e1ll norm\u00e1l m\u00e9ret\u00e9hez.<\/p>\n<p>A <a href=\"https:\/\/penispowerspray.com\/hu\/3-tipp-amivel-feldobhatod-a-szexualis-eleted\/\">szexu\u00e1lis izgalom<\/a> nagy szerepet j\u00e1tszik az erekci\u00f3 kialakul\u00e1s\u00e1ban.<\/p>\n<p>&#8211; \u00e9rint\u00e9s, illatok,szagok \u00e9s gondolatok r\u00e9v\u00e9n alakul ki.<\/p>\n<p>Ha a gondolataink nem ott j\u00e1rnak m\u00e1r j\u00f6het is a katasztr\u00f3fa.<\/p>\n<p>A szexu\u00e1lis izgalom az agyb\u00f3l \u00e1tjut az auton\u00f3m idegrendszerbe, n\u00f6velve a p\u00e9nisz v\u00e9r\u00e1ram\u00e1t \u00e9s erekci\u00f3t okozva.<\/p>\n<p>Ha ezen t\u00e9nyez\u0151k valamelyik\u00e9t megzavarj\u00e1k, erekci\u00f3s rendelleness\u00e9gek \u00e9s <a href=\"https:\/\/penispowerspray.com\/hu\/potenciazavar-komoly-karokat-okozhat-a-ferfiaknal\/\">mereved\u00e9si probl\u00e9m\u00e1k<\/a> l\u00e9phetnek fel.<\/p>\n<p>Ezek az okok okozhatj\u00e1k a mereved\u00e9si zavart:<\/p>\n<p>&#8211; ment\u00e1lis vagy idegrendszeri probl\u00e9ma<\/p>\n<p>&#8211; valamint testi illetve\u00a0 szervi probl\u00e9m\u00e1k.<\/p>\n<p><strong>Pszichol\u00f3giai probl\u00e9m\u00e1t okozhatja:<\/strong><\/p>\n<p>&#8211; Szorong\u00e1s, depresszi\u00f3, stressz \u00e9s f\u00e1radts\u00e1g<\/p>\n<p>&#8211; Ha valaki durva, vagy nincs kell\u0151en r\u00e1hangol\u00f3dva partner\u00e9re vagy a szerelem elm\u00falt.<\/p>\n<p>Ekkor erekci\u00f3s zavarokhoz vagy mereved\u00e9si zavarokhoz is vezethethetnek.<\/p>\n<p>Ezek megold\u00e1s\u00e1t a partnereknek egy\u00fctt kellene megoldaniuk.<\/p>\n<p><strong>Fizikai vagy szervi probl\u00e9m\u00e1k lehetnek:<\/strong><\/p>\n<p>&#8211; prosztataprobl\u00e9ma<br \/> &#8211; Hormon\u00e1lis elv\u00e1ltoz\u00e1sok<br \/> &#8211; sz\u00edv- \u00e9s \u00e9rrendszeri betegs\u00e9g \/ felel\u0151s a megfelel\u0151 v\u00e9r\u00e1ram\u00e9rt \/<br \/> &#8211; Cukorbetegs\u00e9g \u00e9s sz\u00f6v\u0151dm\u00e9nyei \/ k\u00e1ros\u00edtj\u00e1k \u00e9s gyeng\u00edtik az erek fal\u00e1t, ez\u00e1ltal g\u00e1tolja a v\u00e9rkering\u00e9st \/<br \/> &#8211; T\u00falzott alkoholfogyaszt\u00e1s<br \/> &#8211; K\u00e1b\u00edt\u00f3szer<\/p>\n<p>Erekci\u00f3s probl\u00e9m\u00e1k megjelen\u00e9se lehet a fennt felsorolt betegs\u00e9gek els\u0151 jele.<\/p>\n<p>Mindezen probl\u00e9m\u00e1kra egy <a href=\"https:\/\/penispowerspray.com\/hu\/rendeles\/\"><strong><em>nagyszer\u0171 \u00e9s term\u00e9szetes megold\u00e1s<\/em> <\/strong><\/a>van a PenisPowerSpray!<\/p>\n<p><a href=\"https:\/\/penispowerspray.com\/hu\/rendeles\/\"><img decoding=\"async\" loading=\"lazy\" src=\"https:\/\/penispowerspray.com\/wp-content\/uploads\/2019\/05\/erekci\u00f3.png\" width=\"588\" height=\"246\" alt=\"erekci\u00f3\" class=\"wp-image-1911 alignnone size-full\" srcset=\"https:\/\/penispowerspray.com\/wp-content\/uploads\/2019\/05\/erekci\u00f3.png 588w, https:\/\/penispowerspray.com\/wp-content\/uploads\/2019\/05\/erekci\u00f3-300x126.png 300w\" sizes=\"(max-width: 588px) 100vw, 588px\" \/><\/a><\/p>\n<p><strong>&#8211; Megn\u00f6veli az \u00f6nbizalmat<\/strong><br \/> <strong> &#8211; Er\u0151s\u00edti a p\u00e9nisz v\u00e9rkering\u00e9s\u00e9t \u00e9s er\u0151s erekci\u00f3t okoz.<\/strong><br \/> <strong> &#8211; Nincs mell\u00e9khat\u00e1sa.<\/strong><br \/> <strong> &#8211; Haszn\u00e1lata egyszer\u0171 \u00e9s gyors<\/strong>.<\/p>\n<p><a href=\"https:\/\/penispowerspray.com\/hu\/rendeles\/\"><img decoding=\"async\" loading=\"lazy\" src=\"https:\/\/penispowerspray.com\/wp-content\/uploads\/2019\/04\/megrendelem-erekci\u00f3-spray.png\" width=\"273\" height=\"109\" alt=\"megrendelem-erekci\u00f3-spray\" class=\"wp-image-791 alignnone size-full\" style=\"display: block; margin-left: auto; margin-right: auto;\" srcset=\"https:\/\/penispowerspray.com\/wp-content\/uploads\/2019\/04\/megrendelem-erekci\u00f3-spray.png 350w, https:\/\/penispowerspray.com\/wp-content\/uploads\/2019\/04\/megrendelem-erekci\u00f3-spray-300x120.png 300w\" sizes=\"(max-width: 273px) 100vw, 273px\" \/><\/a><\/p>\n<p>[\/et_pb_text][\/et_pb_column][\/et_pb_row][\/et_pb_section]<\/p>\n","protected":false},"excerpt":{"rendered":"<p>Itt a hat\u00e9kony megold\u00e1s az erekci\u00f3s probl\u00e9m\u00e1kra!#1 Vigye fel a term\u00e9ket #2 Az eredm\u00e9ny: Azonnali erekci\u00f3!- Kis helyen elf\u00e9r. -Azonnali eredm\u00e9ny, m\u00e1r az els\u0151 haszn\u00e1lat ut\u00e1n! &#8211; Egyszer\u0171 \u00e9s felhaszn\u00e1l\u00f3bar\u00e1t term\u00e9k.Erekci\u00f3s probl\u00e9ma megold\u00e1sa.#1 Vigye fel a term\u00e9ket #2 Az eredm\u00e9ny:: Azonnali erekci\u00f3!- Kis helyen elf\u00e9r. -Azonnali eredm\u00e9ny, m\u00e1r az els\u0151 haszn\u00e1lat ut\u00e1n! &#8211; Egyszer\u0171 \u00e9s [&hellip;]<\/p>\n","protected":false},"author":1,"featured_media":0,"parent":0,"menu_order":0,"comment_status":"closed","ping_status":"closed","template":"","meta":{"_et_pb_use_builder":"on","_et_pb_old_content":"","_et_gb_content_width":""},"_links":{"self":[{"href":"https:\/\/penispowerspray.com\/hu\/wp-json\/wp\/v2\/pages\/3067"}],"collection":[{"href":"https:\/\/penispowerspray.com\/hu\/wp-json\/wp\/v2\/pages"}],"about":[{"href":"https:\/\/penispowerspray.com\/hu\/wp-json\/wp\/v2\/types\/page"}],"author":[{"embeddable":true,"href":"https:\/\/penispowerspray.com\/hu\/wp-json\/wp\/v2\/users\/1"}],"replies":[{"embeddable":true,"href":"https:\/\/penispowerspray.com\/hu\/wp-json\/wp\/v2\/comments?post=3067"}],"version-history":[{"count":7,"href":"https:\/\/penispowerspray.com\/hu\/wp-json\/wp\/v2\/pages\/3067\/revisions"}],"predecessor-version":[{"id":3150,"href":"https:\/\/penispowerspray.com\/hu\/wp-json\/wp\/v2\/pages\/3067\/revisions\/3150"}],"wp:attachment":[{"href":"https:\/\/penispowerspray.com\/hu\/wp-json\/wp\/v2\/media?parent=3067"}],"curies":[{"name":"wp","href":"https:\/\/api.w.org\/{rel}","templated":true}]}}