{"id":25820,"date":"2024-11-26T13:13:33","date_gmt":"2024-11-26T13:13:33","guid":{"rendered":"https:\/\/penispowerspray.com\/?page_id=25820"},"modified":"2024-11-26T13:18:59","modified_gmt":"2024-11-26T13:18:59","slug":"szallitasi-informaciok","status":"publish","type":"page","link":"https:\/\/penispowerspray.com\/hu\/szallitasi-informaciok\/","title":{"rendered":"Sz\u00e1ll\u00edt\u00e1si inform\u00e1ci\u00f3k"},"content":{"rendered":"<p><span style=\"font-size: 18pt;\"><strong>Sz\u00e1ll\u00edt\u00e1si inform\u00e1ci\u00f3k<\/strong><\/span><\/p>\n<div id=\"row-240787046\" class=\"row\">\n<div id=\"col-1468314779\" class=\"col small-12 large-12\">\n<div class=\"col-inner\">\n<ul>\n<li>MPL Csomagautomata: 990 Ft<\/li>\n<li>MPL PostaPont: 990 Ft<\/li>\n<li>MPL Post\u00e1n marad\u00f3: 990 Ft<\/li>\n<li>MPL Fut\u00e1rszolg\u00e1lat: 1190 Ft<\/li>\n<\/ul>\n<p>Sz\u00e1ll\u00edt\u00e1si id\u0151 rakt\u00e1runkb\u00f3l 1-3 munkanap. Ha 13 \u00f3r\u00e1ig leadod a rendel\u00e9sed \u00e9s bankk\u00e1rty\u00e1val kifizeted, vagy ut\u00e1nv\u00e9tes fizet\u00e9si m\u00f3dot v\u00e1lasztasz, azt m\u00e9g aznap \u00e1tadjuk a fut\u00e1rszolg\u00e1latnak, \u00e9s m\u00e1snapra meg\u00e9rkezik. Az \u00e9v v\u00e9gi \u00fcnnepi szezonra tekintettel, ami az \u00e9v egyik legforgalmasabb id\u0151szak\u00e1nak mondhat\u00f3, a megn\u00f6vekedett ig\u00e9nyeket igyeksz\u00fcnk min\u00e9l z\u00f6kken\u0151mentesebben teljes\u00edteni minden kedves v\u00e1s\u00e1rl\u00f3nk sz\u00e1m\u00e1ra.<\/p>\n<p>Web\u00e1ruh\u00e1zunkban haszn\u00e1lt k\u00e9szlet st\u00e1tuszok:<\/p>\n<p><strong>K\u00c9SZLETEN<\/strong>: A term\u00e9ket 1-2 munkanapon bel\u00fcl \u00e1tadjuk a GLS, MPL vagy Foxpost r\u00e9sz\u00e9re kisz\u00e1ll\u00edt\u00e1sra.<\/p>\n<p><strong>A TERM\u00c9K NINCS K\u00c9SZLETEN:<\/strong>\u00a0A term\u00e9k k\u00fcls\u0151 rakt\u00e1rb\u00f3l el\u00e9rhet\u0151, \u00e1ltal\u00e1ban 5-8 munkanapon bel\u00fcl \u00e1tadjuk a GLS, MPL vagy Foxpost r\u00e9sz\u00e9re kisz\u00e1ll\u00edt\u00e1sra, a v\u00e1rhat\u00f3 sz\u00e1ll\u00edt\u00e1si \u00e9s \u00e1tv\u00e9teli id\u0151pontr\u00f3l e-mailben, vagy telefonon \u00d6n t\u00e1j\u00e9koztat\u00e1st fog kapni.<\/p>\n<h3>K\u00fcls\u0151 rakt\u00e1rb\u00f3l val\u00f3 rendel\u00e9ssel kapcsolatos inform\u00e1ci\u00f3k<\/h3>\n<p>Az \u201eA term\u00e9k nincs k\u00e9szleten\u201d st\u00e1tusz\u00fa term\u00e9kek olyan term\u00e9kek, amelyek nincsenek jelenleg saj\u00e1t k\u00e9szleten, de beszerezhet\u0151ek. Az el\u0151rendelt term\u00e9kek webshopunkhoz t\u00f6rt\u00e9n\u0151 be\u00e9rkez\u00e9si ideje elt\u00e9r\u0151 lehet. A k\u00fcls\u0151 rakt\u00e1ron l\u00e9v\u0151 term\u00e9kek web\u00e1ruh\u00e1zunkhoz val\u00f3 be\u00e9rkez\u00e9si ideje \u00e1ltal\u00e1ban 5-8 munkanap. Amint be\u00e9rkezik hozz\u00e1nk a term\u00e9k \u00e9s a csomagod sz\u00e1ll\u00edt\u00e1sra k\u00e9sz, \u00fajabb \u00fczenetet k\u00fcld\u00fcnk.<\/p>\n<p>Ha rendel\u00e9sed egyszerre tartalmaz egy, vagy t\u00f6bb \u201eEnged\u00e9lyezett ut\u00e1nrendel\u00e9sre\u201d st\u00e1tusz\u00fa term\u00e9ket \u00e9s egy, vagy t\u00f6bb \u201eK\u00e9szleten\u201d l\u00e9v\u0151 term\u00e9ket, az befoly\u00e1ssal van a sz\u00e1ll\u00edt\u00e1sra. Ebben az esetben a teljes rendel\u00e9sed csak az ut\u00e1nrendelt term\u00e9k\/term\u00e9kek be\u00e9rkez\u00e9s\u00e9t k\u00f6vet\u0151en ker\u00fcl kik\u00fcld\u00e9sre.<\/p>\n<p>A fent megszabott sz\u00e1ll\u00edt\u00e1si d\u00edjak csak Magyarorsz\u00e1g ter\u00fclet\u00e9re \u00e9rv\u00e9nyesek. Amennyiben csomagj\u00e1t k\u00fclf\u00f6ldre szeretn\u00e9 rendelni, a csomagol\u00e1si- \u00e9s postak\u00f6lts\u00e9gr\u0151l k\u00e9rj\u00fck, hogy egyeztessen \u00fcgyf\u00e9lszolg\u00e1latunkkal, a +203313221-es telefonsz\u00e1mon vagy az info@penispowerspray.com e-mail c\u00edmen.<\/p>\n<\/div>\n<\/div>\n<\/div>\n<h3>Sz\u00e1ll\u00edt\u00e1si hat\u00e1rid\u0151k<\/h3>\n<p>A term\u00e9kekb\u0151l k\u00e9szletet tartunk. \u00c1tlagos esetben a megrendelt term\u00e9keket 1-3 munkanap alatt ki tudjuk sz\u00e1ll\u00edtani, MPL szolg\u00e1ltat\u00f3val. Ha erre nincs lehet\u0151s\u00e9g, akkor \u00fcgyf\u00e9lszolg\u00e1latunk e-mailben vagy telefonon \u00e9rtes\u00edti \u00d6nt arr\u00f3l, hogy melyik term\u00e9kre kell v\u00e1rni, \u00e9s amint be\u00e9rkezik a megrendelt term\u00e9k, csomagj\u00e1t \u00f6sszek\u00e9sz\u00edtj\u00fck, \u00e9s azonnal el is k\u00fcldj\u00fck \u00d6nnek.<\/p>\n<p>Garant\u00e1ljuk azt, hogy minden esetben az \u00d6n \u00e9rdekeit tartjuk a legfontosabbnak. A rendel\u00e9seket gyorsan \u00e9s pontosan kezelj\u00fck. N\u00e9h\u00e1ny esetben (pl. ha a megrendel\u0151 nem adja meg telefonsz\u00e1m\u00e1t, \u00e9s t\u00f6bb e-mail-\u00fcnkre sem v\u00e1laszol) a mi hib\u00e1nkon k\u00edv\u00fcl nem tudjuk a rendel\u00e9st a kell\u0151 gyorsas\u00e1ggal feldolgozni, \u00e9s ha fel is dolgozzuk, a post\u00e1n el\u0151fordulhat megn\u00f6vekedett csomagforgalom (pl. a kar\u00e1csonyi id\u0151szakban). Ezekben az esetekben lehet t\u00f6bb munkanap is a csomag meg\u00e9rkez\u00e9se.<\/p>\n<p>\u00c9szrev\u00e9teleit, v\u00e9lem\u00e9ny\u00e9t, panaszait k\u00e9rj\u00fck nyugodtan \u00edrja meg nek\u00fcnk e-mail-ben, minden \u00e9szrev\u00e9telre reag\u00e1lunk, \u00e9s minden olyan esetet, amikor a rendel\u00e9st a mi vagy besz\u00e1ll\u00edt\u00f3nk hib\u00e1j\u00e1b\u00f3l nem teljes\u00edtett\u00fck, vagy rontottuk el, teljes rugalmass\u00e1ggal kezelj\u00fck a helyzetet vagy\u00a0p\u00e9nz visszafizet\u00e9si garanci\u00e1val \u00e9l\u00fcnk.<\/p>\n","protected":false},"excerpt":{"rendered":"<p>Sz\u00e1ll\u00edt\u00e1si inform\u00e1ci\u00f3k MPL Csomagautomata: 990 Ft MPL PostaPont: 990 Ft MPL Post\u00e1n marad\u00f3: 990 Ft MPL Fut\u00e1rszolg\u00e1lat: 1190 Ft Sz\u00e1ll\u00edt\u00e1si id\u0151 rakt\u00e1runkb\u00f3l 1-3 munkanap. Ha 13 \u00f3r\u00e1ig leadod a rendel\u00e9sed \u00e9s bankk\u00e1rty\u00e1val kifizeted, vagy ut\u00e1nv\u00e9tes fizet\u00e9si m\u00f3dot v\u00e1lasztasz, azt m\u00e9g aznap \u00e1tadjuk a fut\u00e1rszolg\u00e1latnak, \u00e9s m\u00e1snapra meg\u00e9rkezik. Az \u00e9v v\u00e9gi \u00fcnnepi szezonra tekintettel, ami az [&hellip;]<\/p>\n","protected":false},"author":1,"featured_media":0,"parent":0,"menu_order":0,"comment_status":"closed","ping_status":"closed","template":"","meta":{"_et_pb_use_builder":"","_et_pb_old_content":"","_et_gb_content_width":""},"_links":{"self":[{"href":"https:\/\/penispowerspray.com\/hu\/wp-json\/wp\/v2\/pages\/25820"}],"collection":[{"href":"https:\/\/penispowerspray.com\/hu\/wp-json\/wp\/v2\/pages"}],"about":[{"href":"https:\/\/penispowerspray.com\/hu\/wp-json\/wp\/v2\/types\/page"}],"author":[{"embeddable":true,"href":"https:\/\/penispowerspray.com\/hu\/wp-json\/wp\/v2\/users\/1"}],"replies":[{"embeddable":true,"href":"https:\/\/penispowerspray.com\/hu\/wp-json\/wp\/v2\/comments?post=25820"}],"version-history":[{"count":2,"href":"https:\/\/penispowerspray.com\/hu\/wp-json\/wp\/v2\/pages\/25820\/revisions"}],"predecessor-version":[{"id":25822,"href":"https:\/\/penispowerspray.com\/hu\/wp-json\/wp\/v2\/pages\/25820\/revisions\/25822"}],"wp:attachment":[{"href":"https:\/\/penispowerspray.com\/hu\/wp-json\/wp\/v2\/media?parent=25820"}],"curies":[{"name":"wp","href":"https:\/\/api.w.org\/{rel}","templated":true}]}}