{"id":25797,"date":"2024-11-25T12:55:24","date_gmt":"2024-11-25T12:55:24","guid":{"rendered":"https:\/\/penispowerspray.com\/?page_id=25797"},"modified":"2024-11-25T12:57:32","modified_gmt":"2024-11-25T12:57:32","slug":"suti-szabalyzat","status":"publish","type":"page","link":"https:\/\/penispowerspray.com\/hu\/suti-szabalyzat\/","title":{"rendered":"S\u00fcti szab\u00e1lyzat"},"content":{"rendered":"<p>[et_pb_section fb_built=&#8221;1&#8243; theme_builder_area=&#8221;post_content&#8221; _builder_version=&#8221;4.21.0&#8243; _module_preset=&#8221;default&#8221;][et_pb_row _builder_version=&#8221;4.21.0&#8243; _module_preset=&#8221;default&#8221; theme_builder_area=&#8221;post_content&#8221;][et_pb_column _builder_version=&#8221;4.21.0&#8243; _module_preset=&#8221;default&#8221; type=&#8221;4_4&#8243; theme_builder_area=&#8221;post_content&#8221;][et_pb_text _builder_version=&#8221;4.21.0&#8243; _module_preset=&#8221;default&#8221; theme_builder_area=&#8221;post_content&#8221; hover_enabled=&#8221;0&#8243; sticky_enabled=&#8221;0&#8243;]<\/p>\n<h1>Cookie t\u00e1j\u00e9koztat\u00f3<\/h1>\n<h2>A cookie-k haszn\u00e1lat\u00e1val kapcsolatos t\u00e1j\u00e9koztat\u00e1s<\/h2>\n<p><strong>Mi az a cookie?<\/strong><\/p>\n<p>Az Adatkezel\u0151 a honlap l\u00e1togat\u00e1sa sor\u00e1n \u00fagynevezett cookie-kat (s\u00fctiket) haszn\u00e1l. A cookie bet\u0171b\u0151l \u00e9s sz\u00e1mokb\u00f3l \u00e1ll\u00f3 inform\u00e1ci\u00f3csomag, amit honlapunk az \u00d6n b\u00f6ng\u00e9sz\u0151j\u00e9nek k\u00fcld el\u00a0 azzal a c\u00e9llal, hogy elmentse bizonyos be\u00e1ll\u00edt\u00e1sait, megk\u00f6nny\u00edtse a honlapunk haszn\u00e1lat\u00e1t \u00e9s k\u00f6zrem\u0171k\u00f6dik abban, hogy n\u00e9h\u00e1ny relev\u00e1ns, statisztikai jelleg\u0171 inform\u00e1ci\u00f3t gy\u0171jts\u00fcnk a l\u00e1togat\u00f3inkr\u00f3l.<\/p>\n<p>A cookie-k (s\u00fctik) egy r\u00e9sze nem tartalmaz szem\u00e9lyes inform\u00e1ci\u00f3kat, \u00e9s nem alkalmas az egy\u00e9ni felhaszn\u00e1l\u00f3 azonos\u00edt\u00e1s\u00e1ra, egy r\u00e9sz\u00fck azonban olyan egy\u00e9ni azonos\u00edt\u00f3t tartalmaz &#8211; egy titkos, v\u00e9letlen\u00fcl gener\u00e1lt sz\u00e1msort &#8211; amelyet az \u00d6n eszk\u00f6ze t\u00e1rol, ezzel az \u00d6n azonos\u00edthat\u00f3s\u00e1g\u00e1t is biztos\u00edtja. Az egyes cookie-k (s\u00fctik) m\u0171k\u00f6d\u00e9si id\u0151tartam\u00e1t az egyes cookie-k (s\u00fctik) vonatkoz\u00f3 le\u00edr\u00e1sa tartalmazza.<\/p>\n<p><strong>A cookie-k jogszab\u00e1lyi h\u00e1ttere \u00e9s jogalapja:<\/strong><\/p>\n<p>Alapvet\u0151en h\u00e1rom t\u00edpus\u00fa cookiet k\u00fcl\u00f6nb\u00f6ztet\u00fcnk meg, a m\u0171k\u00f6d\u00e9shez elengedhetetlen cookie-t, ami a Weboldal megfelel\u0151 m\u0171k\u00f6d\u00e9s\u00e9t szolg\u00e1lja, statisztikai c\u00e9l\u00fa \u00e9s marketing c\u00e9l\u00fa cookiekat.<\/p>\n<p>Az adatkezel\u00e9s jogalapja a Rendelet 6. cikk (1) bekezd\u00e9s a) pontja alapj\u00e1n az \u00d6n hozz\u00e1j\u00e1rul\u00e1sa a statisztikai \u00e9s a marketing c\u00e9l\u00fa cookie-k eset\u00e9ben, valamint a Rendelet 6. cikk (1) bekezd\u00e9s f) pontja szerint a Weboldal m\u0171k\u00f6d\u00e9s\u00e9nek biztos\u00edt\u00e1s\u00e1hoz sz\u00fcks\u00e9ges jogos \u00e9rdek, a m\u0171k\u00f6d\u00e9shez sz\u00fcks\u00e9ges cookiek eset\u00e9ben.<\/p>\n<h4>A honlap \u00e1ltal haszn\u00e1lt cookie-k f\u0151bb jellemz\u0151i:<\/h4>\n<h4>A m\u0171k\u00f6d\u00e9shez elengedhetetlen cookie-k:<\/h4>\n<p>Amennyiben \u00d6n nem fogadja el ezen cookie-k haszn\u00e1lat\u00e1t, akkor bizonyos funkci\u00f3k nem biztos, hogy el\u00e9rhet\u0151ek lesznek az \u00d6n sz\u00e1m\u00e1ra.<\/p>\n<p><strong><span class=\"inserted_var\">woocommerce_cart_hash<\/span><\/strong>\u00a0<span class=\"inserted_var\">Seg\u00edt a WooCommerce-nek meghat\u00e1rozni, hogy mikor v\u00e1ltozik a kos\u00e1r tartalma\/adatok. Id\u0151tartam: munkamenet lej\u00e1rt\u00e1ig.<\/span><\/p>\n<p><strong><span class=\"inserted_var\">woocommerce_items_in_cart<\/span><\/strong>\u00a0<span class=\"inserted_var\">Seg\u00edt a WooCommerce-nek meghat\u00e1rozni, hogy mikor v\u00e1ltozik a kos\u00e1r tartalma\/adatok. Id\u0151tartam: munkamenet lej\u00e1rt\u00e1ig.<\/span><\/p>\n<p><strong><span class=\"inserted_var\">wp_woocommerce_session_<\/span><\/strong>\u00a0<span class=\"inserted_var\">Egyedi k\u00f3dot tartalmaz minden v\u00e1s\u00e1rl\u00f3hoz, hogy tudja, hol tal\u00e1lja meg az adatb\u00e1zisban az egyes v\u00e1s\u00e1rl\u00f3k kos\u00e1radatait. Id\u0151tartam: 2 nap.<\/span><\/p>\n<p><strong><span class=\"inserted_var\">woocommerce_recently_viewed<\/span><\/strong>\u00a0<span class=\"inserted_var\">A Recent Viewed Products widgetet vez\u00e9rli. Id\u0151tartam: munkamenet lej\u00e1rt\u00e1ig.<\/span><\/p>\n<p><strong><span class=\"inserted_var\">store_notice[notice id]<\/span><\/strong>\u00a0<span class=\"inserted_var\">Lehet\u0151v\u00e9 teszi az \u00fcgyfelek sz\u00e1m\u00e1ra, hogy bez\u00e1rj\u00e1k a webshop \u00fczenet\u00e9t (Store Notice). Id\u0151tartam: munkamenet lej\u00e1rt\u00e1ig.<\/span><\/p>\n<p><strong><span class=\"inserted_var\">woocommerce_snooze_suggestions__[suggestion]<\/span><\/strong>\u00a0<span class=\"inserted_var\">Lehet\u0151v\u00e9 teszi az \u00fcgyfelek sz\u00e1m\u00e1ra, hogy bez\u00e1rj\u00e1k a Marketplace javaslatokat Id\u0151tartam: 2 nap.<\/span><\/p>\n<p><strong><span class=\"inserted_var\">woocommerce_dismissed_suggestions__[context]<\/span><\/strong>\u00a0<span class=\"inserted_var\">Javaslat elutas\u00edt\u00e1sok sz\u00e1ma, ha enged\u00e9lyezve van Id\u0151tartam: 1 h\u00f3nap.<\/span><\/p>\n<h4>Statisztikai c\u00e9l\u00fa cookie-k:<\/h4>\n<p><strong><span class=\"inserted_var\">tk_ai<\/span><\/strong>\u00a0<span class=\"inserted_var\">V\u00e9letlenszer\u0171en gener\u00e1lt n\u00e9vtelen azonos\u00edt\u00f3t t\u00e1rol. Ez csak az ir\u00e1ny\u00edt\u00f3pult (\/wp-admin) ter\u00fcleten van haszn\u00e1latban, \u00e9s a haszn\u00e1lat nyomon k\u00f6vet\u00e9s\u00e9re szolg\u00e1l, ha enged\u00e9lyezve van. Id\u0151tartam: munkamenet lej\u00e1rt\u00e1ig.<\/span><\/p>\n<p><strong><span class=\"inserted_var\">_fbp<\/span><\/strong>\u00a0<span class=\"inserted_var\">A Faceboook Pixel a Facebook hirdet\u00e9si hat\u00e9konys\u00e1g\u00e1t seg\u00edt\u0151 technol\u00f3gi\u00e1ja, amellyel szem\u00e9lyre szabott aj\u00e1nlatokat jelen\u00edthet\u00fcnk meg a Facebook oldalain. \u00c9rv\u00e9nyess\u00e9gi ideje: legfeljebb 3 h\u00f3nap<\/span><\/p>\n<h4>Marketing c\u00e9l\u00fa cookie-k:<\/h4>\n<p><strong><span class=\"inserted_var\">_ga<\/span><\/strong>\u00a0<span class=\"inserted_var\">A Google Analytics a weboldal l\u00e1togatotts\u00e1gi adatait, a felhaszn\u00e1l\u00f3k demogr\u00e1fiai adatait \u00e9s \u00e9rdekl\u0151d\u00e9si k\u00f6reit \u00f6sszes\u00edt\u0151 megold\u00e1s. \u00c9rv\u00e9nyess\u00e9gi ideje: legfeljebb 1 \u00e9v.<\/span><\/p>\n<p>A cookie-k t\u00f6rl\u00e9s\u00e9r\u0151l b\u0151vebb t\u00e1j\u00e9koztat\u00e1st az al\u00e1bbi linkeken tal\u00e1lhat:<\/p>\n<ul>\n<li>Internet Explorer:\u00a0\u00a0<a href=\"http:\/\/windows.microsoft.com\/en-us\/internet-explorer\/delete-manage-cookies#ie=ie-11\" target=\"_blank\" rel=\"noopener\">http:\/\/windows.microsoft.com\/en-us\/internet-explorer\/delete-manage-cookies#ie=ie-11<\/a><\/li>\n<li>Firefox:\u00a0\u00a0<a href=\"https:\/\/support.mozilla.org\/en-US\/kb\/cookies-information-websites-store-on-your-computer\" target=\"_blank\" rel=\"noopener\">https:\/\/support.mozilla.org\/en-US\/kb\/cookies-information-websites-store-on-your-computer<\/a><\/li>\n<li>Mozilla:\u00a0<a href=\"https:\/\/support.mozilla.org\/hu\/kb\/weboldalak-altal-elhelyezett-sutik-torlese-szamito\" target=\"_blank\" rel=\"noopener\">https:\/\/support.mozilla.org\/hu\/kb\/weboldalak-altal-elhelyezett-sutik-torlese-szamito<\/a><\/li>\n<li>Safari:\u00a0<a href=\"https:\/\/support.apple.com\/guide\/safari\/manage-cookies-and-website-data-sfri11471\/mac\" target=\"_blank\" rel=\"noopener\">https:\/\/support.apple.com\/guide\/safari\/manage-cookies-and-website-data-sfri11471\/mac<\/a><\/li>\n<li>Chrome:\u00a0<a href=\"https:\/\/support.google.com\/chrome\/answer\/95647\" target=\"_blank\" rel=\"noopener noreferrer\" data-saferedirecturl=\"https:\/\/www.google.com\/url?hl=hu&amp;q=https:\/\/support.google.com\/chrome\/answer\/95647&amp;source=gmail&amp;ust=1527268577345000&amp;usg=AFQjCNHKCBgJsTMzeFR7ivYzlCBn3DPc5g\">https:\/\/support.google.com\/<wbr \/>chrome\/answer\/95647<\/a><\/li>\n<li>Edge:\u00a0<a href=\"https:\/\/support.microsoft.com\/hu-hu\/help\/4027947\/microsoft-edge-delete-cookies\" target=\"_blank\" rel=\"noopener\">https:\/\/support.microsoft.com\/hu-hu\/help\/4027947\/microsoft-edge-delete-cookies<\/a><\/li>\n<\/ul>\n<h2>Google Consent Mode v2<\/h2>\n<p>Az Adatkezel\u0151 integr\u00e1lta weboldal\u00e1ba a Google Consent Mode v2 verzi\u00f3t, \u00e9s a cookie panel\u00e9n kereszt\u00fcl az \u00faj verzi\u00f3 alapj\u00e1n biztos\u00edtja a hozz\u00e1j\u00e1rul\u00e1sok, illetve elutas\u00edt\u00e1sok kezel\u00e9s\u00e9t. A Google Consent Mode v2 alapj\u00e1n a Google a kor\u00e1bbi k\u00e9t (<strong>analytics_storage<\/strong>,\u00a0<strong>ad_storage<\/strong>) flag mellett kett\u0151 tov\u00e1bbi flaget haszn\u00e1l melyek statisztikai, illetve hirdet\u00e9si c\u00e9l\u00fa s\u00fctik t\u00e1rol\u00e1sa \u00e9s kiolvas\u00e1s\u00e1ra szolg\u00e1lnak majd:<\/p>\n<ul>\n<li><strong>ad_user_data:<\/strong>\u00a0A Google sz\u00e1m\u00e1ra k\u00fcldhet\u0151 b\u00e1rmilyen felhaszn\u00e1l\u00f3i adat hirdet\u00e9si c\u00e9lra.<\/li>\n<li><strong>ad_personalization:<\/strong>\u00a0A felhaszn\u00e1l\u00f3 adata haszn\u00e1lhat\u00f3 szem\u00e9lyre szabott hirdet\u00e9si c\u00e9lra, p\u00e9ld\u00e1ul remarketing c\u00e9lra.<\/li>\n<\/ul>\n<p>E kett\u0151 kapcsol\u00f3 m\u0171k\u00f6d\u00e9se arra szolg\u00e1l, hogy a statisztikai, illetve hirdet\u00e9si c\u00e9l\u00fa s\u00fctik t\u00e1rol\u00e1sa \u00e9s kiolvas\u00e1sa enged\u00e9lyezett-e.<\/p>\n<p>[\/et_pb_text][\/et_pb_column][\/et_pb_row][\/et_pb_section]<\/p>\n","protected":false},"excerpt":{"rendered":"<p>Cookie t\u00e1j\u00e9koztat\u00f3 A cookie-k haszn\u00e1lat\u00e1val kapcsolatos t\u00e1j\u00e9koztat\u00e1s Mi az a cookie? Az Adatkezel\u0151 a honlap l\u00e1togat\u00e1sa sor\u00e1n \u00fagynevezett cookie-kat (s\u00fctiket) haszn\u00e1l. A cookie bet\u0171b\u0151l \u00e9s sz\u00e1mokb\u00f3l \u00e1ll\u00f3 inform\u00e1ci\u00f3csomag, amit honlapunk az \u00d6n b\u00f6ng\u00e9sz\u0151j\u00e9nek k\u00fcld el\u00a0 azzal a c\u00e9llal, hogy elmentse bizonyos be\u00e1ll\u00edt\u00e1sait, megk\u00f6nny\u00edtse a honlapunk haszn\u00e1lat\u00e1t \u00e9s k\u00f6zrem\u0171k\u00f6dik abban, hogy n\u00e9h\u00e1ny relev\u00e1ns, statisztikai jelleg\u0171 inform\u00e1ci\u00f3t [&hellip;]<\/p>\n","protected":false},"author":1,"featured_media":0,"parent":0,"menu_order":0,"comment_status":"closed","ping_status":"closed","template":"","meta":{"_et_pb_use_builder":"on","_et_pb_old_content":"","_et_gb_content_width":""},"_links":{"self":[{"href":"https:\/\/penispowerspray.com\/hu\/wp-json\/wp\/v2\/pages\/25797"}],"collection":[{"href":"https:\/\/penispowerspray.com\/hu\/wp-json\/wp\/v2\/pages"}],"about":[{"href":"https:\/\/penispowerspray.com\/hu\/wp-json\/wp\/v2\/types\/page"}],"author":[{"embeddable":true,"href":"https:\/\/penispowerspray.com\/hu\/wp-json\/wp\/v2\/users\/1"}],"replies":[{"embeddable":true,"href":"https:\/\/penispowerspray.com\/hu\/wp-json\/wp\/v2\/comments?post=25797"}],"version-history":[{"count":2,"href":"https:\/\/penispowerspray.com\/hu\/wp-json\/wp\/v2\/pages\/25797\/revisions"}],"predecessor-version":[{"id":25800,"href":"https:\/\/penispowerspray.com\/hu\/wp-json\/wp\/v2\/pages\/25797\/revisions\/25800"}],"wp:attachment":[{"href":"https:\/\/penispowerspray.com\/hu\/wp-json\/wp\/v2\/media?parent=25797"}],"curies":[{"name":"wp","href":"https:\/\/api.w.org\/{rel}","templated":true}]}}