{"id":18471,"date":"2022-11-14T13:23:23","date_gmt":"2022-11-14T13:23:23","guid":{"rendered":"https:\/\/penispowerspray.com\/?page_id=18471"},"modified":"2022-11-14T13:28:51","modified_gmt":"2022-11-14T13:28:51","slug":"rendeles-elfogadva","status":"publish","type":"page","link":"https:\/\/penispowerspray.com\/hu\/rendeles-elfogadva\/","title":{"rendered":"Rendel\u00e9s elfogadva"},"content":{"rendered":"<h2>K\u00f6sz\u00f6nj\u00fck a rendel\u00e9st, a term\u00e9k 2-3 nap alatt meg fog \u00e9rkezni hozz\u00e1d.<\/h2>\n","protected":false},"excerpt":{"rendered":"<p>K\u00f6sz\u00f6nj\u00fck a rendel\u00e9st, a term\u00e9k 2-3 nap alatt meg fog \u00e9rkezni hozz\u00e1d.<\/p>\n","protected":false},"author":1,"featured_media":0,"parent":0,"menu_order":0,"comment_status":"closed","ping_status":"closed","template":"","meta":{"_et_pb_use_builder":"off","_et_pb_old_content":"<h2>K\u00f6sz\u00f6nj\u00fck a rendel\u00e9st, a term\u00e9k 2-3 nap alatt meg fog \u00e9rkezni hozz\u00e1d.<\/h2>","_et_gb_content_width":""},"_links":{"self":[{"href":"https:\/\/penispowerspray.com\/hu\/wp-json\/wp\/v2\/pages\/18471"}],"collection":[{"href":"https:\/\/penispowerspray.com\/hu\/wp-json\/wp\/v2\/pages"}],"about":[{"href":"https:\/\/penispowerspray.com\/hu\/wp-json\/wp\/v2\/types\/page"}],"author":[{"embeddable":true,"href":"https:\/\/penispowerspray.com\/hu\/wp-json\/wp\/v2\/users\/1"}],"replies":[{"embeddable":true,"href":"https:\/\/penispowerspray.com\/hu\/wp-json\/wp\/v2\/comments?post=18471"}],"version-history":[{"count":4,"href":"https:\/\/penispowerspray.com\/hu\/wp-json\/wp\/v2\/pages\/18471\/revisions"}],"predecessor-version":[{"id":18481,"href":"https:\/\/penispowerspray.com\/hu\/wp-json\/wp\/v2\/pages\/18471\/revisions\/18481"}],"wp:attachment":[{"href":"https:\/\/penispowerspray.com\/hu\/wp-json\/wp\/v2\/media?parent=18471"}],"curies":[{"name":"wp","href":"https:\/\/api.w.org\/{rel}","templated":true}]}}