{"id":1205,"date":"2019-04-27T12:01:53","date_gmt":"2019-04-27T12:01:53","guid":{"rendered":"http:\/\/penispowerspray.com\/?page_id=1205"},"modified":"2019-05-12T08:52:15","modified_gmt":"2019-05-12T08:52:15","slug":"koszonjuk-megrendeleset","status":"publish","type":"page","link":"https:\/\/penispowerspray.com\/hu\/koszonjuk-megrendeleset\/","title":{"rendered":"K\u00f6sz\u00f6nj\u00fck megrendel\u00e9s\u00e9t"},"content":{"rendered":"<p>[et_pb_section fb_built=&#8221;1&#8243; disabled_on=&#8221;on|on|off&#8221; _builder_version=&#8221;3.21.4&#8243; background_image=&#8221;https:\/\/penispowerspray.com\/wp-content\/uploads\/2019\/05\/szex-orgazmus.jpg&#8221; custom_padding=&#8221;0px|0px|0px|0px|true|true&#8221;][et_pb_row custom_padding=&#8221;38px|0px|38px|0px|true|false&#8221; disabled_on=&#8221;on|off|off&#8221; _builder_version=&#8221;3.21.4&#8243; module_alignment=&#8221;center&#8221; background__hover_enabled=&#8221;on&#8221;][et_pb_column type=&#8221;1_4&#8243; _builder_version=&#8221;3.0.47&#8243;][et_pb_image src=&#8221;https:\/\/penispowerspray.com\/wp-content\/uploads\/2019\/04\/penzvissza.png&#8221; _builder_version=&#8221;3.21.4&#8243; max_width=&#8221;57%&#8221; custom_margin=&#8221;-44px|||-60px&#8221;][\/et_pb_image][\/et_pb_column][et_pb_column type=&#8221;1_4&#8243; _builder_version=&#8221;3.0.47&#8243;][et_pb_text disabled_on=&#8221;off|off|off&#8221; _builder_version=&#8221;3.21.4&#8243; text_font=&#8221;||||||||&#8221; text_text_color=&#8221;#edf000&#8243; text_font_size=&#8221;16px&#8221; header_font=&#8221;Verdana|700|||||||&#8221; header_text_align=&#8221;left&#8221; header_text_color=&#8221;#f7f600&#8243; header_font_size=&#8221;28px&#8221; header_text_shadow_style=&#8221;preset2&#8243; header_text_shadow_horizontal_length=&#8221;0.03em&#8221; header_text_shadow_vertical_length=&#8221;0.1em&#8221; custom_margin=&#8221;||0px&#8221; z_index=&#8221;0&#8243; inline_fonts=&#8221;Arial&#8221; header_text_color__hover_enabled=&#8221;on&#8221;]<\/p>\n<h1>Itt a hat\u00e9kony megold\u00e1s az erekci\u00f3s probl\u00e9m\u00e1kra!<\/h1>\n<p>[\/et_pb_text][et_pb_text _builder_version=&#8221;3.21.4&#8243; text_font=&#8221;Gabriela||||||||&#8221; text_text_color=&#8221;#ffffff&#8221; text_font_size=&#8221;25px&#8221; text_text_shadow_style=&#8221;preset5&#8243; text_text_shadow_color=&#8221;#282828&#8243; header_font=&#8221;||||||||&#8221; header_2_font=&#8221;|700|||||||&#8221; header_2_text_color=&#8221;#edf000&#8243; header_2_font_size=&#8221;32px&#8221; border_radii=&#8221;on|1px|1px|1px|1px&#8221; background_layout=&#8221;dark&#8221; custom_margin=&#8221;80px||&#8221;]<\/p>\n<p>#1 Vigye fel a term\u00e9ket<\/p>\n<p>#2 Az eredm\u00e9ny:<\/p>\n<h2>Azonnali erekci\u00f3!<\/h2>\n<p>[\/et_pb_text][\/et_pb_column][et_pb_column type=&#8221;1_4&#8243; _builder_version=&#8221;3.0.47&#8243;][et_pb_image src=&#8221;https:\/\/penispowerspray.com\/wp-content\/uploads\/2019\/05\/er\u0151s-erekci\u00f3-term\u00e9k.png&#8221; alt=&#8221;er\u0151s erekci\u00f3 term\u00e9k&#8221; _builder_version=&#8221;3.21.4&#8243; transform_scale=&#8221;146%|146%&#8221; module_alignment=&#8221;center&#8221; custom_margin=&#8221;100px||&#8221;][\/et_pb_image][\/et_pb_column][et_pb_column type=&#8221;1_4&#8243; _builder_version=&#8221;3.0.47&#8243;][et_pb_button button_url=&#8221;https:\/\/penispowerspray.com\/hu\/hogyan-mukodik\/#hogyan-mukodik&#8221; button_text=&#8221;Hogyan m\u0171k\u00f6dik?&#8221; button_alignment=&#8221;center&#8221; _builder_version=&#8221;3.21.4&#8243; box_shadow_style=&#8221;preset6&#8243; box_shadow_color=&#8221;#edf600&#8243;][\/et_pb_button][et_pb_image src=&#8221;https:\/\/penispowerspray.com\/wp-content\/uploads\/2019\/04\/megrendelem-erekci\u00f3-spray.png&#8221; url=&#8221;https:\/\/penispowerspray.com\/hu\/rendeles\/#rendeles&#8221; _builder_version=&#8221;3.21.4&#8243; transform_styles__hover_enabled=&#8221;on&#8221; transform_scale__hover_enabled=&#8221;on&#8221; transform_translate__hover_enabled=&#8221;on&#8221; transform_rotate__hover_enabled=&#8221;on&#8221; transform_skew__hover_enabled=&#8221;on&#8221; transform_origin__hover_enabled=&#8221;on&#8221; transform_scale__hover=&#8221;116%|116%&#8221;][\/et_pb_image][et_pb_button button_url=&#8221;https:\/\/penispowerspray.com\/hu\/#termekek-osszevetese&#8221; button_text=&#8221;Term\u00e9kek \u00f6sszevet\u00e9se&#8221; button_alignment=&#8221;center&#8221; _builder_version=&#8221;3.21.4&#8243; custom_button=&#8221;on&#8221; button_text_size=&#8221;18px&#8221; button_font=&#8221;Arial||||||||&#8221; button_use_icon=&#8221;off&#8221; box_shadow_style=&#8221;preset6&#8243; box_shadow_color=&#8221;#edf600&#8243;][\/et_pb_button][et_pb_button button_url=&#8221;https:\/\/penispowerspray.com\/hu\/#velemenyek&#8221; button_text=&#8221;# Tapasztalatok #&#8221; button_alignment=&#8221;center&#8221; _builder_version=&#8221;3.21.4&#8243; box_shadow_style=&#8221;preset6&#8243; box_shadow_color=&#8221;#edf600&#8243;][\/et_pb_button][et_pb_button button_url=&#8221;https:\/\/penispowerspray.com\/hu\/garancia\/#garancia&#8221; button_text=&#8221;# El\u00e9gedetts\u00e9g #&#8221; button_alignment=&#8221;center&#8221; _builder_version=&#8221;3.21.4&#8243; box_shadow_style=&#8221;preset6&#8243; box_shadow_color=&#8221;#edf600&#8243;][\/et_pb_button][\/et_pb_column][\/et_pb_row][\/et_pb_section][et_pb_section fb_built=&#8221;1&#8243; disabled_on=&#8221;on|on|off&#8221; _builder_version=&#8221;3.21.4&#8243; background_color=&#8221;#D9CAB0&#8243; custom_padding=&#8221;1px|0px|0|0px|false|false&#8221; locked=&#8221;off&#8221;][et_pb_row custom_padding=&#8221;0|0|0|0px|false|false&#8221; _builder_version=&#8221;3.21.4&#8243;][et_pb_column type=&#8221;1_4&#8243; _builder_version=&#8221;3.0.47&#8243;][et_pb_image src=&#8221;https:\/\/penispowerspray.com\/wp-content\/uploads\/2019\/05\/penis-erekci\u00f3-spray.png&#8221; alt=&#8221;p\u00e9nisz erekci\u00f3 spray&#8221; disabled_on=&#8221;on|on|off&#8221; _builder_version=&#8221;3.21.4&#8243; max_width_phone=&#8221;100%&#8221; max_width_last_edited=&#8221;on|phone&#8221; custom_margin=&#8221;-318px|||-60px&#8221;][\/et_pb_image][\/et_pb_column][et_pb_column type=&#8221;1_2&#8243; _builder_version=&#8221;3.0.47&#8243;][et_pb_text _builder_version=&#8221;3.21.4&#8243; text_font=&#8221;|600|||||||&#8221; text_text_color=&#8221;#0c71c3&#8243; text_font_size=&#8221;28px&#8221; text_text_shadow_style=&#8221;preset4&#8243; header_font=&#8221;||||||||&#8221; text_orientation=&#8221;center&#8221; custom_margin=&#8221;8px|0px|8px|0px|true|true&#8221; custom_padding=&#8221;1px|8px|1px|0px|true|false&#8221;]<\/p>\n<p>K\u00c9SEDELEM N\u00c9LK\u00dcL! \u00d3r\u00e1kig tart!<\/p>\n<p>[\/et_pb_text][\/et_pb_column][et_pb_column type=&#8221;1_4&#8243; _builder_version=&#8221;3.0.47&#8243;][\/et_pb_column][\/et_pb_row][\/et_pb_section][et_pb_section fb_built=&#8221;1&#8243; disabled_on=&#8221;off|off|on&#8221; _builder_version=&#8221;3.21.4&#8243; background_image=&#8221;https:\/\/penispowerspray.com\/wp-content\/uploads\/2019\/05\/szex-aktus-orgia-szerelem.jpg&#8221; custom_margin=&#8221;-2px||-2px||true&#8221; custom_padding=&#8221;0px|0|0px||true|false&#8221; locked=&#8221;off&#8221;][et_pb_row use_custom_width=&#8221;on&#8221; width_unit=&#8221;off&#8221; custom_width_percent=&#8221;100%&#8221; custom_padding=&#8221;30px||0|0|false|false&#8221; disabled_on=&#8221;off|on|on&#8221; _builder_version=&#8221;3.21.4&#8243;][et_pb_column type=&#8221;1_4&#8243; _builder_version=&#8221;3.0.47&#8243;][et_pb_text _builder_version=&#8221;3.21.4&#8243; header_font=&#8221;|700|||||||&#8221; header_text_align=&#8221;center&#8221; header_text_color=&#8221;#efdf00&#8243; custom_margin=&#8221;-14px||-14px||true&#8221; inline_fonts=&#8221;Arial&#8221; header_text_color__hover_enabled=&#8221;on&#8221;]<\/p>\n<h1>Itt a hat\u00e9kony megold\u00e1s az erekci\u00f3s probl\u00e9m\u00e1kra!<\/h1>\n<p>[\/et_pb_text][\/et_pb_column][et_pb_column type=&#8221;1_4&#8243; _builder_version=&#8221;3.0.47&#8243;][et_pb_text _builder_version=&#8221;3.21.4&#8243; text_font=&#8221;Gabriela||||||||&#8221; text_text_color=&#8221;#ffffff&#8221; text_font_size=&#8221;25px&#8221; text_text_shadow_style=&#8221;preset5&#8243; text_text_shadow_color=&#8221;#282828&#8243; header_font=&#8221;||||||||&#8221; header_2_font=&#8221;|700|||||||&#8221; header_2_text_color=&#8221;#edf000&#8243; header_2_font_size=&#8221;32px&#8221; border_radii=&#8221;on|1px|1px|1px|1px&#8221; text_orientation=&#8221;center&#8221; background_layout=&#8221;dark&#8221;]<\/p>\n<p>#1 Vigye fel a term\u00e9ket<\/p>\n<p>#2 Az eredm\u00e9ny::<\/p>\n<h2>Azonnali erekci\u00f3!<\/h2>\n<p>[\/et_pb_text][et_pb_image src=&#8221;https:\/\/penispowerspray.com\/wp-content\/uploads\/2019\/04\/dobozos-term\u00e9k-spray2-1-1.png&#8221; show_bottom_space=&#8221;off&#8221; align=&#8221;center&#8221; always_center_on_mobile=&#8221;off&#8221; _builder_version=&#8221;3.21.4&#8243; transform_translate=&#8221;101px|-19px&#8221; max_width=&#8221;57%&#8221; module_alignment=&#8221;center&#8221;][\/et_pb_image][et_pb_image src=&#8221;https:\/\/penispowerspray.com\/wp-content\/uploads\/2019\/05\/erekci\u00f3.png&#8221; alt=&#8221;erekci\u00f3&#8221; align=&#8221;center&#8221; force_fullwidth=&#8221;on&#8221; _builder_version=&#8221;3.21.4&#8243; custom_padding=&#8221;||2px&#8221; locked=&#8221;off&#8221;][\/et_pb_image][et_pb_button button_url=&#8221;https:\/\/penispowerspray.com\/hu\/hogyan-mukodik\/#hogyan-mukodik&#8221; button_text=&#8221;Hogyan m\u0171k\u00f6dik?&#8221; button_alignment=&#8221;center&#8221; _builder_version=&#8221;3.21.4&#8243;][\/et_pb_button][et_pb_image src=&#8221;https:\/\/penispowerspray.com\/wp-content\/uploads\/2019\/04\/megrendelem-erekci\u00f3-spray.png&#8221; url=&#8221;https:\/\/penispowerspray.com\/hu\/rendeles\/#rendeles&#8221; _builder_version=&#8221;3.21.4&#8243; max_width=&#8221;54%&#8221;][\/et_pb_image][et_pb_button button_url=&#8221;https:\/\/penispowerspray.com\/hu\/#velemenyek&#8221; button_text=&#8221; # Tapasztalatok #&#8221; button_alignment=&#8221;center&#8221; _builder_version=&#8221;3.21.4&#8243;][\/et_pb_button][\/et_pb_column][et_pb_column type=&#8221;1_4&#8243; _builder_version=&#8221;3.0.47&#8243;][et_pb_button button_url=&#8221;https:\/\/penispowerspray.com\/hu\/garancia\/#garancia&#8221; button_text=&#8221;# El\u00e9gedetts\u00e9g #&#8221; button_alignment=&#8221;center&#8221; _builder_version=&#8221;3.21.4&#8243; custom_button=&#8221;on&#8221; button_text_size=&#8221;20px&#8221; button_font=&#8221;||||||||&#8221;][\/et_pb_button][\/et_pb_column][et_pb_column type=&#8221;1_4&#8243; _builder_version=&#8221;3.0.47&#8243;][\/et_pb_column][\/et_pb_row][\/et_pb_section][et_pb_section fb_built=&#8221;1&#8243; disabled_on=&#8221;off|off|on&#8221; _builder_version=&#8221;3.21.4&#8243; background_color=&#8221;#D9CAB0&#8243; custom_padding=&#8221;1px|0px|0|0px|false|false&#8221; locked=&#8221;off&#8221;][et_pb_row custom_padding=&#8221;0|0|0|0px|false|false&#8221; _builder_version=&#8221;3.21.4&#8243;][et_pb_column type=&#8221;1_4&#8243; _builder_version=&#8221;3.0.47&#8243;][\/et_pb_column][et_pb_column type=&#8221;1_2&#8243; _builder_version=&#8221;3.0.47&#8243;][et_pb_text _builder_version=&#8221;3.21.4&#8243; text_font=&#8221;|600|||||||&#8221; text_text_color=&#8221;#0c71c3&#8243; text_font_size=&#8221;28px&#8221; text_text_shadow_style=&#8221;preset4&#8243; header_font=&#8221;||||||||&#8221; text_orientation=&#8221;center&#8221; custom_margin=&#8221;8px|0px|8px|0px|true|true&#8221; custom_padding=&#8221;1px|8px|1px|0px|true|false&#8221;]<\/p>\n<p>K\u00c9SEDELEM N\u00c9LK\u00dcL! \u00d3r\u00e1kig tart!<\/p>\n<p>[\/et_pb_text][\/et_pb_column][et_pb_column type=&#8221;1_4&#8243; _builder_version=&#8221;3.0.47&#8243;][\/et_pb_column][\/et_pb_row][\/et_pb_section][et_pb_section fb_built=&#8221;1&#8243; _builder_version=&#8221;3.21.4&#8243; background_color=&#8221;#f7eaaf&#8221; background_size=&#8221;initial&#8221; custom_padding=&#8221;0|0px|0|0|false|false&#8221;][et_pb_row custom_padding=&#8221;40px|0px|40px|0px|true|false&#8221; custom_padding_last_edited=&#8221;on|desktop&#8221; _builder_version=&#8221;3.21.4&#8243;][et_pb_column type=&#8221;4_4&#8243; _builder_version=&#8221;3.0.47&#8243;][et_pb_text _builder_version=&#8221;3.21.4&#8243; text_font=&#8221;Arial||||||||&#8221; text_font_size=&#8221;16px&#8221; header_font=&#8221;||||||||&#8221;]<\/p>\n<h4 style=\"text-align: center;\"><strong>K\u00f6sz\u00f6nj\u00fck megrendel\u00e9s\u00e9t, a k\u00fcldem\u00e9ny 2-3 napon bel\u00fcl oda\u00e9r!<\/strong><\/h4>\n<p>[\/et_pb_text][\/et_pb_column][\/et_pb_row][\/et_pb_section]<\/p>\n","protected":false},"excerpt":{"rendered":"<p>Itt a hat\u00e9kony megold\u00e1s az erekci\u00f3s probl\u00e9m\u00e1kra! #1 Vigye fel a term\u00e9ket #2 Az eredm\u00e9ny: Azonnali erekci\u00f3! K\u00c9SEDELEM N\u00c9LK\u00dcL! \u00d3r\u00e1kig tart! Itt a hat\u00e9kony megold\u00e1s az erekci\u00f3s probl\u00e9m\u00e1kra! #1 Vigye fel a term\u00e9ket #2 Az eredm\u00e9ny:: Azonnali erekci\u00f3! K\u00c9SEDELEM N\u00c9LK\u00dcL! \u00d3r\u00e1kig tart! K\u00f6sz\u00f6nj\u00fck megrendel\u00e9s\u00e9t, a k\u00fcldem\u00e9ny 2-3 napon bel\u00fcl oda\u00e9r!<\/p>\n","protected":false},"author":1,"featured_media":0,"parent":0,"menu_order":0,"comment_status":"closed","ping_status":"closed","template":"","meta":{"_et_pb_use_builder":"on","_et_pb_old_content":"","_et_gb_content_width":""},"_links":{"self":[{"href":"https:\/\/penispowerspray.com\/hu\/wp-json\/wp\/v2\/pages\/1205"}],"collection":[{"href":"https:\/\/penispowerspray.com\/hu\/wp-json\/wp\/v2\/pages"}],"about":[{"href":"https:\/\/penispowerspray.com\/hu\/wp-json\/wp\/v2\/types\/page"}],"author":[{"embeddable":true,"href":"https:\/\/penispowerspray.com\/hu\/wp-json\/wp\/v2\/users\/1"}],"replies":[{"embeddable":true,"href":"https:\/\/penispowerspray.com\/hu\/wp-json\/wp\/v2\/comments?post=1205"}],"version-history":[{"count":3,"href":"https:\/\/penispowerspray.com\/hu\/wp-json\/wp\/v2\/pages\/1205\/revisions"}],"predecessor-version":[{"id":2289,"href":"https:\/\/penispowerspray.com\/hu\/wp-json\/wp\/v2\/pages\/1205\/revisions\/2289"}],"wp:attachment":[{"href":"https:\/\/penispowerspray.com\/hu\/wp-json\/wp\/v2\/media?parent=1205"}],"curies":[{"name":"wp","href":"https:\/\/api.w.org\/{rel}","templated":true}]}}