{"id":1063,"date":"2019-04-25T12:26:08","date_gmt":"2019-04-25T12:26:08","guid":{"rendered":"http:\/\/penispowerspray.com\/?page_id=1063"},"modified":"2023-05-24T12:26:11","modified_gmt":"2023-05-24T12:26:11","slug":"garantie","status":"publish","type":"page","link":"https:\/\/penispowerspray.com\/de\/garantie\/","title":{"rendered":"Garantie"},"content":{"rendered":"<p>[et_pb_section fb_built=&#8220;1&#8243; disabled_on=&#8220;on|on|off&#8220; _builder_version=&#8220;4.16&#8243; background_image=&#8220;https:\/\/penispowerspray.com\/wp-content\/uploads\/2019\/06\/erektion-man.jpg&#8220; custom_padding=&#8220;0px|0px|0px|0px|true|true&#8220; saved_tabs=&#8220;all&#8220; locked=&#8220;off&#8220; global_colors_info=&#8220;{}&#8220;][et_pb_row column_structure=&#8220;1_4,1_4,1_4,1_4&#8243; disabled_on=&#8220;on|off|off&#8220; _builder_version=&#8220;4.16&#8243; module_alignment=&#8220;center&#8220; custom_padding=&#8220;35px|0px|35px|0px|true|false&#8220; global_colors_info=&#8220;{}&#8220; background__hover_enabled=&#8220;on&#8220;][et_pb_column type=&#8220;1_4&#8243; _builder_version=&#8220;4.16&#8243; custom_padding=&#8220;|||&#8220; global_colors_info=&#8220;{}&#8220; custom_padding__hover=&#8220;|||&#8220;][et_pb_image src=&#8220;https:\/\/penispowerspray.com\/wp-content\/uploads\/2019\/04\/Moneyback.png&#8220; align_tablet=&#8220;center&#8220; align_phone=&#8220;&#8220; align_last_edited=&#8220;on|desktop&#8220; _builder_version=&#8220;4.16&#8243; max_width=&#8220;73%&#8220; custom_margin=&#8220;-44px|||-60px&#8220; global_colors_info=&#8220;{}&#8220;][\/et_pb_image][\/et_pb_column][et_pb_column type=&#8220;1_4&#8243; _builder_version=&#8220;4.16&#8243; custom_padding=&#8220;|||&#8220; global_colors_info=&#8220;{}&#8220; custom_padding__hover=&#8220;|||&#8220;][et_pb_text disabled_on=&#8220;off|off|off&#8220; _builder_version=&#8220;4.16&#8243; text_font=&#8220;||||||||&#8220; text_font_size=&#8220;16px&#8220; link_font=&#8220;||||||||&#8220; header_font=&#8220;Verdana|700|||||||&#8220; header_text_align=&#8220;left&#8220; header_text_color=&#8220;#f7f600&#8243; header_2_font=&#8220;|700|||||||&#8220; header_2_text_color=&#8220;#f7f600&#8243; header_2_font_size=&#8220;21px&#8220; z_index=&#8220;0&#8243; custom_margin=&#8220;|0px|0px|0px||true&#8220; custom_padding=&#8220;0px||0px||true&#8220; header_text_shadow_style=&#8220;preset2&#8243; header_text_shadow_horizontal_length=&#8220;0em&#8220; header_text_shadow_vertical_length=&#8220;0.1em&#8220; header_2_text_shadow_style=&#8220;preset3&#8243; header_2_text_shadow_color=&#8220;#000000&#8243; inline_fonts=&#8220;Arial&#8220; global_colors_info=&#8220;{}&#8220; header_text_color__hover_enabled=&#8220;on&#8220; header_text_color__hover=&#8220;#f7f600&#8243;]<\/p>\n<h1>Hier ist eine effektive L\u00f6sung f\u00fcr<br \/> <span style=\"font-size: 20px;\">Erektionsprobleme!<\/span><\/h1>\n<p>[\/et_pb_text][et_pb_text _builder_version=&#8220;4.16&#8243; text_font=&#8220;Gabriela||||||||&#8220; text_text_color=&#8220;#ffffff&#8220; text_font_size=&#8220;25px&#8220; header_font=&#8220;||||||||&#8220; header_2_font=&#8220;|700|||||||&#8220; header_2_text_color=&#8220;#edf000&#8243; header_2_font_size=&#8220;32px&#8220; background_layout=&#8220;dark&#8220; custom_margin=&#8220;80px||&#8220; text_text_shadow_style=&#8220;preset5&#8243; text_text_shadow_color=&#8220;#282828&#8243; border_radii=&#8220;on|1px|1px|1px|1px&#8220; global_colors_info=&#8220;{}&#8220;]<\/p>\n<p>#1 Tragen Sie das Produkt<\/p>\n<p>#2 Das Ergebnis:<\/p>\n<h2>Sofortige Erektion!<\/h2>\n<p>[\/et_pb_text][\/et_pb_column][et_pb_column type=&#8220;1_4&#8243; _builder_version=&#8220;4.16&#8243; custom_padding=&#8220;|||&#8220; global_colors_info=&#8220;{}&#8220; custom_padding__hover=&#8220;|||&#8220;][et_pb_image src=&#8220;https:\/\/penispowerspray.com\/wp-content\/uploads\/2023\/05\/erektion-spray.webp&#8220; alt=&#8220;erektion spray&#8220; align_tablet=&#8220;center&#8220; align_phone=&#8220;&#8220; align_last_edited=&#8220;on|desktop&#8220; _builder_version=&#8220;4.21.0&#8243; transform_scale=&#8220;146%|146%&#8220; module_alignment=&#8220;center&#8220; custom_margin=&#8220;100px||&#8220; hover_enabled=&#8220;0&#8243; global_colors_info=&#8220;{}&#8220; title_text=&#8220;erektion spray f\u00fcr m\u00e4nner&#8220; sticky_enabled=&#8220;0&#8243;][\/et_pb_image][\/et_pb_column][et_pb_column type=&#8220;1_4&#8243; _builder_version=&#8220;4.16&#8243; custom_padding=&#8220;|||&#8220; global_colors_info=&#8220;{}&#8220; custom_padding__hover=&#8220;|||&#8220;][et_pb_image src=&#8220;https:\/\/penispowerspray.com\/wp-content\/uploads\/2021\/10\/jetztbestellen-with-CC-and-Paypal_new.png&#8220; title_text=&#8220;jetztbestellen-with-CC-and-Paypal_new&#8220; url=&#8220;https:\/\/penispowerspray.com\/de\/jetzt-bestellen\/&#8220; align_tablet=&#8220;center&#8220; align_phone=&#8220;&#8220; align_last_edited=&#8220;on|desktop&#8220; _builder_version=&#8220;4.16&#8243; locked=&#8220;off&#8220; global_colors_info=&#8220;{}&#8220; transform_styles__hover_enabled=&#8220;on&#8220; transform_scale__hover_enabled=&#8220;on&#8220; transform_translate__hover_enabled=&#8220;on&#8220; transform_rotate__hover_enabled=&#8220;on&#8220; transform_skew__hover_enabled=&#8220;on&#8220; transform_origin__hover_enabled=&#8220;on&#8220; transform_scale__hover=&#8220;116%|116%&#8220;][\/et_pb_image][et_pb_text _builder_version=&#8220;4.16&#8243; text_font=&#8220;||||||||&#8220; text_text_color=&#8220;#ffffff&#8220; text_font_size=&#8220;16px&#8220; global_colors_info=&#8220;{}&#8220;]<\/p>\n<p><span><b>-Geringe Gr\u00f6\u00dfe<\/b><\/span><\/p>\n<p><span><b>-Sofortiges Ergebnis, bereits nach dem ersten Einsatz!<\/b><\/span><\/p>\n<p><span><b>-Ein einfaches und benutzerfreundliches produkt.<\/b><\/span><\/p>\n<p>[\/et_pb_text][\/et_pb_column][\/et_pb_row][\/et_pb_section][et_pb_section fb_built=&#8220;1&#8243; disabled_on=&#8220;on|on|off&#8220; _builder_version=&#8220;4.16&#8243; background_color=&#8220;#D9CAB0&#8243; custom_padding=&#8220;1px|0px|0|0px|false|false&#8220; locked=&#8220;off&#8220; global_colors_info=&#8220;{}&#8220;][et_pb_row column_structure=&#8220;1_4,1_2,1_4&#8243; _builder_version=&#8220;4.16&#8243; custom_padding=&#8220;0|0px|0|0px|false|false&#8220; global_colors_info=&#8220;{}&#8220;][et_pb_column type=&#8220;1_4&#8243; _builder_version=&#8220;4.16&#8243; custom_padding=&#8220;|||&#8220; global_colors_info=&#8220;{}&#8220; custom_padding__hover=&#8220;|||&#8220;][et_pb_image src=&#8220;https:\/\/penispowerspray.com\/wp-content\/uploads\/2023\/05\/penis-erektion-spray.webp&#8220; alt=&#8220;penis erektion spray&#8220; align_tablet=&#8220;center&#8220; align_phone=&#8220;&#8220; align_last_edited=&#8220;on|desktop&#8220; disabled_on=&#8220;on|on|off&#8220; _builder_version=&#8220;4.21.0&#8243; max_width_tablet=&#8220;&#8220; max_width_phone=&#8220;100%&#8220; max_width_last_edited=&#8220;on|phone&#8220; custom_margin=&#8220;-318px|||-60px&#8220; hover_enabled=&#8220;0&#8243; global_colors_info=&#8220;{}&#8220; title_text=&#8220;penis erektion spray f\u00fcr m\u00e4nner&#8220; sticky_enabled=&#8220;0&#8243;][\/et_pb_image][\/et_pb_column][et_pb_column type=&#8220;1_2&#8243; _builder_version=&#8220;4.16&#8243; custom_padding=&#8220;|||&#8220; global_colors_info=&#8220;{}&#8220; custom_padding__hover=&#8220;|||&#8220;][et_pb_text _builder_version=&#8220;4.16&#8243; text_font=&#8220;|600|||||||&#8220; text_text_color=&#8220;#0c71c3&#8243; text_font_size=&#8220;28px&#8220; header_font=&#8220;||||||||&#8220; text_orientation=&#8220;center&#8220; custom_margin=&#8220;8px|0px|8px|0px|true|true&#8220; custom_padding=&#8220;1px|8px|1px|0px|true|false&#8220; text_text_shadow_style=&#8220;preset4&#8243; global_colors_info=&#8220;{}&#8220;]<\/p>\n<p>Harte Erektion! Ohne Verz\u00f6gerung!<\/p>\n<p>[\/et_pb_text][\/et_pb_column][et_pb_column type=&#8220;1_4&#8243; _builder_version=&#8220;4.16&#8243; custom_padding=&#8220;|||&#8220; global_colors_info=&#8220;{}&#8220; custom_padding__hover=&#8220;|||&#8220;][\/et_pb_column][\/et_pb_row][\/et_pb_section][et_pb_section fb_built=&#8220;1&#8243; disabled_on=&#8220;off|off|on&#8220; _builder_version=&#8220;4.16&#8243; background_image=&#8220;https:\/\/penispowerspray.com\/wp-content\/uploads\/2019\/05\/harter-Sex-orgie.jpg&#8220; custom_margin=&#8220;-2px||-2px||true&#8220; custom_padding=&#8220;0px|0|0px||true|false&#8220; locked=&#8220;off&#8220; global_colors_info=&#8220;{}&#8220;][et_pb_row column_structure=&#8220;1_4,1_4,1_4,1_4&#8243; disabled_on=&#8220;off|on|on&#8220; _builder_version=&#8220;4.16&#8243; width=&#8220;100%&#8220; max_width=&#8220;100%&#8220; custom_padding=&#8220;30px||0|0|false|false&#8220; use_custom_width=&#8220;on&#8220; width_unit=&#8220;off&#8220; custom_width_percent=&#8220;100%&#8220; global_colors_info=&#8220;{}&#8220;][et_pb_column type=&#8220;1_4&#8243; _builder_version=&#8220;4.16&#8243; custom_padding=&#8220;|||&#8220; global_colors_info=&#8220;{}&#8220; custom_padding__hover=&#8220;|||&#8220;][et_pb_text _builder_version=&#8220;4.16&#8243; header_font=&#8220;|700|||||||&#8220; header_text_align=&#8220;center&#8220; header_text_color=&#8220;#efdf00&#8243; custom_margin=&#8220;-14px||-14px||true&#8220; inline_fonts=&#8220;Arial&#8220; global_colors_info=&#8220;{}&#8220; header_text_color__hover_enabled=&#8220;on&#8220; header_text_color__hover=&#8220;#efdf00&#8243;]<\/p>\n<h1>Hier ist eine effektive L\u00f6sung f\u00fcr Erektionsprobleme!<\/h1>\n<p>[\/et_pb_text][\/et_pb_column][et_pb_column type=&#8220;1_4&#8243; _builder_version=&#8220;4.16&#8243; custom_padding=&#8220;|||&#8220; global_colors_info=&#8220;{}&#8220; custom_padding__hover=&#8220;|||&#8220;][et_pb_text _builder_version=&#8220;4.16&#8243; text_font=&#8220;Gabriela||||||||&#8220; text_text_color=&#8220;#ffffff&#8220; text_font_size=&#8220;25px&#8220; header_font=&#8220;||||||||&#8220; header_2_font=&#8220;|700|||||||&#8220; header_2_text_color=&#8220;#edf000&#8243; header_2_font_size=&#8220;32px&#8220; text_orientation=&#8220;center&#8220; background_layout=&#8220;dark&#8220; text_text_shadow_style=&#8220;preset5&#8243; text_text_shadow_color=&#8220;#282828&#8243; border_radii=&#8220;on|1px|1px|1px|1px&#8220; global_colors_info=&#8220;{}&#8220;]<\/p>\n<p>#1 Tragen Sie das Produkt<\/p>\n<p>#2 Das Ergebnis:<\/p>\n<h2>Sofortige  Erektion!<\/h2>\n<p>[\/et_pb_text][et_pb_image src=&#8220;https:\/\/penispowerspray.com\/wp-content\/uploads\/2023\/05\/erektion-spray.webp&#8220; show_bottom_space=&#8220;off&#8220; align=&#8220;center&#8220; _builder_version=&#8220;4.21.0&#8243; transform_translate=&#8220;101px|-19px&#8220; max_width=&#8220;57%&#8220; module_alignment=&#8220;center&#8220; hover_enabled=&#8220;0&#8243; always_center_on_mobile=&#8220;off&#8220; global_colors_info=&#8220;{}&#8220; alt=&#8220;erektion spray&#8220; title_text=&#8220;erektion spray f\u00fcr m\u00e4nner&#8220; sticky_enabled=&#8220;0&#8243;][\/et_pb_image][et_pb_text _builder_version=&#8220;4.16&#8243; text_font=&#8220;||||||||&#8220; text_text_color=&#8220;#ffffff&#8220; text_font_size=&#8220;16px&#8220; text_orientation=&#8220;center&#8220; global_colors_info=&#8220;{}&#8220;]<\/p>\n<p><span><b>-Geringe Gr\u00f6\u00dfe<\/b><\/span><\/p>\n<p><span><b>-Sofortiges Ergebnis, bereits nach dem ersten Einsatz!<\/b><\/span><\/p>\n<p><span><b>-Ein einfaches und benutzerfreundliches produkt.<\/b><\/span><\/p>\n<p>[\/et_pb_text][\/et_pb_column][et_pb_column type=&#8220;1_4&#8243; _builder_version=&#8220;4.16&#8243; custom_padding=&#8220;|||&#8220; global_colors_info=&#8220;{}&#8220; custom_padding__hover=&#8220;|||&#8220;][et_pb_image src=&#8220;https:\/\/penispowerspray.com\/wp-content\/uploads\/2021\/10\/jetztbestellen-with-CC-and-Paypal_new.png&#8220; title_text=&#8220;jetztbestellen-with-CC-and-Paypal_new&#8220; url=&#8220;https:\/\/penispowerspray.com\/de\/jetzt-bestellen\/&#8220; align_tablet=&#8220;center&#8220; align_phone=&#8220;&#8220; align_last_edited=&#8220;on|desktop&#8220; _builder_version=&#8220;4.16&#8243; max_width=&#8220;54%&#8220; global_colors_info=&#8220;{}&#8220;][\/et_pb_image][\/et_pb_column][et_pb_column type=&#8220;1_4&#8243; _builder_version=&#8220;4.16&#8243; custom_padding=&#8220;|||&#8220; global_colors_info=&#8220;{}&#8220; custom_padding__hover=&#8220;|||&#8220;][\/et_pb_column][\/et_pb_row][\/et_pb_section][et_pb_section fb_built=&#8220;1&#8243; disabled_on=&#8220;off|off|on&#8220; _builder_version=&#8220;4.16&#8243; background_color=&#8220;#D9CAB0&#8243; custom_padding=&#8220;1px|0px|0|0px|false|false&#8220; locked=&#8220;off&#8220; global_colors_info=&#8220;{}&#8220;][et_pb_row column_structure=&#8220;1_4,1_2,1_4&#8243; _builder_version=&#8220;4.16&#8243; custom_padding=&#8220;0|0|0|0px|false|false&#8220; global_colors_info=&#8220;{}&#8220;][et_pb_column type=&#8220;1_4&#8243; _builder_version=&#8220;4.16&#8243; custom_padding=&#8220;|||&#8220; global_colors_info=&#8220;{}&#8220; custom_padding__hover=&#8220;|||&#8220;][\/et_pb_column][et_pb_column type=&#8220;1_2&#8243; _builder_version=&#8220;4.16&#8243; custom_padding=&#8220;|||&#8220; global_colors_info=&#8220;{}&#8220; custom_padding__hover=&#8220;|||&#8220;][et_pb_text _builder_version=&#8220;4.16&#8243; text_font=&#8220;|600|||||||&#8220; text_text_color=&#8220;#0c71c3&#8243; text_font_size=&#8220;28px&#8220; header_font=&#8220;||||||||&#8220; text_orientation=&#8220;center&#8220; custom_margin=&#8220;8px|0px|8px|0px|true|true&#8220; custom_padding=&#8220;1px|8px|1px|0px|true|false&#8220; text_text_shadow_style=&#8220;preset4&#8243; global_colors_info=&#8220;{}&#8220;]<\/p>\n<p>Harte Erektion! Ohne Verz\u00f6gerung!<\/p>\n<p>[\/et_pb_text][\/et_pb_column][et_pb_column type=&#8220;1_4&#8243; _builder_version=&#8220;4.16&#8243; custom_padding=&#8220;|||&#8220; global_colors_info=&#8220;{}&#8220; custom_padding__hover=&#8220;|||&#8220;][\/et_pb_column][\/et_pb_row][\/et_pb_section][et_pb_section fb_built=&#8220;1&#8243; module_id=&#8220;garantie&#8220; _builder_version=&#8220;4.16&#8243; background_color=&#8220;#f7eaaf&#8220; custom_padding=&#8220;0|0px|0|0px|false|false&#8220; locked=&#8220;off&#8220; global_colors_info=&#8220;{}&#8220;][et_pb_row module_id=&#8220;satisfaction&#8220; _builder_version=&#8220;4.16&#8243; background_color=&#8220;#f7eaaf&#8220; custom_padding=&#8220;15px|0px|15px|0px|false|false&#8220; global_colors_info=&#8220;{}&#8220;][et_pb_column type=&#8220;4_4&#8243; _builder_version=&#8220;4.16&#8243; custom_padding=&#8220;|||&#8220; global_colors_info=&#8220;{}&#8220; custom_padding__hover=&#8220;|||&#8220;][et_pb_text _builder_version=&#8220;4.16&#8243; text_font=&#8220;||||||||&#8220; text_font_size=&#8220;16px&#8220; header_font=&#8220;||||||||&#8220; header_text_color=&#8220;#000000&#8243; global_colors_info=&#8220;{}&#8220;]<\/p>\n<h2><strong><span style=\"color: #000000;\">Zufriedenheitsgarantie<\/span><\/strong><br \/><strong><span style=\"color: #000000;\">100% Geld-zur\u00fcck-Garantie f\u00fcr<\/span>\u00a0<span style=\"color: #ff0000;\">Penis Power Spray<\/span>\u00a0<span style=\"color: #000000;\">Produkt!<\/span><\/strong><\/h2>\n<p><span style=\"color: #000000;\">Weltweit Zahl der Nutzer des Produktes ist so beliebt und effektiv, dass wir garantieren 100% zu Ihrer Zufriedenheit.<\/span><\/p>\n<p><span style=\"color: #000000;\">So sehr wir\u00a0Penis Power Spray\u00a0die Qualit\u00e4t, die wir bieten Ihnen eine 30 Tage Geld-zur\u00fcck-Garantie. Wenn aus irgendeinem Grund Sie nicht mit Ihrem Produkt zufrieden sind, schicken Sie es einfach innerhalb von 30 Tagen nach dem Kauf, und wir erstatten Ihnen den vollen Kaufpreis des Produktes!<\/span><\/p>\n<p>[\/et_pb_text][\/et_pb_column][\/et_pb_row][et_pb_row _builder_version=&#8220;4.16&#8243; custom_padding=&#8220;4px|0px|8px|0px|false|false&#8220; global_colors_info=&#8220;{}&#8220;][et_pb_column type=&#8220;4_4&#8243; _builder_version=&#8220;4.16&#8243; custom_padding=&#8220;|||&#8220; global_colors_info=&#8220;{}&#8220; custom_padding__hover=&#8220;|||&#8220;][et_pb_text _builder_version=&#8220;4.16&#8243; text_font=&#8220;||||||||&#8220; global_colors_info=&#8220;{}&#8220;]<\/p>\n<h2><span style=\"color: #000000;\">Einige spontane anerkennende Briefe von Nutzern des Produkts.<\/span><\/h2>\n<p class=\"velemeny\">[\/et_pb_text][\/et_pb_column][\/et_pb_row][et_pb_row column_structure=&#8220;1_4,1_4,1_4,1_4&#8243; _builder_version=&#8220;4.16&#8243; custom_padding=&#8220;8px|0px|21px|0px|false|false&#8220; locked=&#8220;off&#8220; global_colors_info=&#8220;{}&#8220;][et_pb_column type=&#8220;1_4&#8243; _builder_version=&#8220;4.16&#8243; custom_padding=&#8220;|||&#8220; global_colors_info=&#8220;{}&#8220; custom_padding__hover=&#8220;|||&#8220;][et_pb_testimonial author=&#8220;Meine Potenz wurde stark!&#8220; portrait_url=&#8220;https:\/\/penispowerspray.com\/wp-content\/uploads\/2019\/04\/big-penis-man.jpg&#8220; _builder_version=&#8220;4.16&#8243; body_font=&#8220;Gabriela||||||||&#8220; body_text_color=&#8220;#000000&#8243; custom_margin=&#8220;|-12px||-12px||true&#8220; global_colors_info=&#8220;{}&#8220;]<\/p>\n<p><span>Ich bin 63 Jahre alt und mache t\u00e4glich 3 mal Liebe! Um die Wahrheit \u00fcber Ihr Spray-Spezialprodukt zu erfahren &#8230; ergibt sich eine gro\u00dfe Erektion, wenn ich es nur wunderbar haben m\u00f6chte, abgesehen von seiner Verwendung als \u00e4u\u00dferst diskret! Ich kann es \u00fcber 63 Jahre erz\u00e4hlen, dass t\u00e4glich 3 Mal Liebe besteht! Meine Frau bemerkt, dass ich nach allen Gelegenheiten besser bin als ein junger Mensch in Ru\u00df!<\/span><\/p>\n<p>[\/et_pb_testimonial][\/et_pb_column][et_pb_column type=&#8220;1_4&#8243; _builder_version=&#8220;4.16&#8243; custom_padding=&#8220;|||&#8220; global_colors_info=&#8220;{}&#8220; custom_padding__hover=&#8220;|||&#8220;][et_pb_testimonial author=&#8220;Ich habe das Erektionsproblem vergessen.&#8220; portrait_url=&#8220;https:\/\/penispowerspray.com\/wp-content\/uploads\/2019\/04\/potency-pills-man-feedback.jpg&#8220; _builder_version=&#8220;4.16&#8243; _dynamic_attributes=&#8220;job_title&#8220; body_font=&#8220;Gabriela||||||||&#8220; body_text_color=&#8220;#000000&#8243; custom_margin=&#8220;|-12px||-12px||true&#8220; global_colors_info=&#8220;{}&#8220;]<\/p>\n<p>Ich fordere es sicher: Mein Penis ist ein gr\u00f6\u00dferer Lette. Ich k\u00e4mpfe mit Errichtungsproblemen seit langem. Ich habe viele Produkte bereits und entschlossen dieses beste versucht! Kann sicher sein, dass der Tag oder die Nacht in irgendwelchen Perioden von seinem in ihm aufgestellt werden (entschuldigen Sie mich f\u00fcr den Ausdruck). Ich bin \u00fcberzeugt, dass mein Penis ein l\u00e4ngerer Lette mit ziemlich vielen Zentimeter in ihm au\u00dferdem ist!<\/p>\n<p>[\/et_pb_testimonial][\/et_pb_column][et_pb_column type=&#8220;1_4&#8243; _builder_version=&#8220;4.16&#8243; custom_padding=&#8220;|||&#8220; global_colors_info=&#8220;{}&#8220; custom_padding__hover=&#8220;|||&#8220;][et_pb_testimonial author=&#8220;Ich vergesse erektile Dysfunktionen und eine fr\u00fche Ejakulation.&#8220; portrait_url=&#8220;https:\/\/penispowerspray.com\/wp-content\/uploads\/2019\/04\/bog-penis-testimonial.jpg&#8220; _builder_version=&#8220;4.16&#8243; body_font=&#8220;Gabriela||||||||&#8220; body_text_color=&#8220;#000000&#8243; custom_margin=&#8220;|-12px||-12px||true&#8220; global_colors_info=&#8220;{}&#8220;]<\/p>\n<p><span>Wir benutzen es zusammen mit meiner Frau Penis Power Sprayt! Ich habe in meinem ganzen Leben Erektionsst\u00f6rungen und eine fr\u00fche Ejakulation bek\u00e4mpft. Aber heute schon das der Vergangenheit! Meine Frau beide benutzen wir Sprayt und toll! Ich kann bis Uhr auch schon jetzt Liebe machen, obwohl er sich unter diesen Umst\u00e4nden oft geniessen kann. Wir probieren auch Neues aus! Ich kann es jedem w\u00e4rmstens empfehlen!<\/span><\/p>\n<p>[\/et_pb_testimonial][\/et_pb_column][et_pb_column type=&#8220;1_4&#8243; _builder_version=&#8220;4.16&#8243; custom_padding=&#8220;|||&#8220; global_colors_info=&#8220;{}&#8220; custom_padding__hover=&#8220;|||&#8220;][et_pb_testimonial author=&#8220;Tolle Erektion jeden Tag ..-)&#8220; portrait_url=&#8220;https:\/\/penispowerspray.com\/wp-content\/uploads\/2019\/04\/Great-Potency-man-1.jpg&#8220; _builder_version=&#8220;4.16&#8243; body_font=&#8220;Gabriela||||||||&#8220; body_text_align=&#8220;left&#8220; body_text_color=&#8220;#000000&#8243; custom_margin=&#8220;|-12px||-12px||true&#8220; global_colors_info=&#8220;{}&#8220;]<\/p>\n<p><span>Die gr\u00f6\u00dfte Errichtung meines Lebens! Ich muss es verbinden, ich bin unter seiner Wirkung sogar jetzt, (genauso gut, als meine Frau! )&#8230; Ich hatte erektile Funktionsst\u00f6rungen immer, ich habe es wegen dessen auf solche Art und Weise entschieden, dass ich dieses neue Produkt versuche (obwohl ich gro\u00dfe Hoffnungen zu ihm nicht hinzugef\u00fcgt habe). Und wie gut ich es gemacht habe! F\u00fcr die \u00d6n Produktdankbarkeit kann ich die gr\u00f6\u00dfte und wunderbarste Errichtung meines Lebens erfahren haben!<\/span>.<\/p>\n<p>[\/et_pb_testimonial][\/et_pb_column][\/et_pb_row][et_pb_row _builder_version=&#8220;4.16&#8243; custom_padding=&#8220;0|0px|2px|0px|false|false&#8220; locked=&#8220;off&#8220; global_colors_info=&#8220;{}&#8220;][et_pb_column type=&#8220;4_4&#8243; _builder_version=&#8220;4.16&#8243; custom_padding=&#8220;|||&#8220; global_colors_info=&#8220;{}&#8220; custom_padding__hover=&#8220;|||&#8220;][et_pb_text _builder_version=&#8220;4.16&#8243; text_font=&#8220;Arial|600|||||||&#8220; text_text_color=&#8220;#000000&#8243; text_font_size=&#8220;19px&#8220; header_font=&#8220;||||||||&#8220; global_colors_info=&#8220;{}&#8220;]<\/p>\n<p>Ein v\u00f6llig neues Produkt, das eine starke und riesige Errichtung m\u00f6glich mit allen Gelegenheiten macht, wenn er es nur&#8230; Ohne Verz\u00f6gerung !<\/p>\n<p>[\/et_pb_text][\/et_pb_column][\/et_pb_row][et_pb_row column_structure=&#8220;1_2,1_2&#8243; _builder_version=&#8220;4.16&#8243; locked=&#8220;off&#8220; global_colors_info=&#8220;{}&#8220;][et_pb_column type=&#8220;1_2&#8243; _builder_version=&#8220;4.16&#8243; custom_padding=&#8220;|||&#8220; global_colors_info=&#8220;{}&#8220; custom_padding__hover=&#8220;|||&#8220;][et_pb_text _builder_version=&#8220;4.16&#8243; text_font=&#8220;Arial||||||||&#8220; text_text_color=&#8220;#000000&#8243; text_font_size=&#8220;18px&#8220; text_orientation=&#8220;justified&#8220; global_colors_info=&#8220;{}&#8220;]<\/p>\n<p>Starke und andauernde Errichtungen!<br \/>Zwei Regenerationsmale zwischen einer Orgasmus-K\u00fcrzung<br \/>Die Erh\u00f6hung der sexuellen Energie<br \/>Es ist eine betr\u00e4chtliche Verbesserung in Ihrem Selbstbewusstsein und Ihrer Selbsteinsch\u00e4tzung!<\/p>\n<p>[\/et_pb_text][\/et_pb_column][et_pb_column type=&#8220;1_2&#8243; _builder_version=&#8220;4.16&#8243; custom_padding=&#8220;|||&#8220; global_colors_info=&#8220;{}&#8220; custom_padding__hover=&#8220;|||&#8220;][et_pb_image src=&#8220;https:\/\/penispowerspray.com\/wp-content\/uploads\/2021\/10\/jetztbestellen-with-CC-and-Paypal_new.png&#8220; title_text=&#8220;jetztbestellen-with-CC-and-Paypal_new&#8220; url=&#8220;https:\/\/penispowerspray.com\/de\/jetzt-bestellen\/&#8220; align_tablet=&#8220;center&#8220; align_phone=&#8220;&#8220; align_last_edited=&#8220;on|desktop&#8220; _builder_version=&#8220;4.16&#8243; max_width=&#8220;60%&#8220; module_alignment=&#8220;center&#8220; custom_margin=&#8220;-20px|60px|-20px|60px|true|true&#8220; locked=&#8220;off&#8220; global_colors_info=&#8220;{}&#8220; transform_styles__hover_enabled=&#8220;on&#8220; transform_scale__hover_enabled=&#8220;on&#8220; transform_translate__hover_enabled=&#8220;on&#8220; transform_rotate__hover_enabled=&#8220;on&#8220; transform_skew__hover_enabled=&#8220;on&#8220; transform_origin__hover_enabled=&#8220;on&#8220; transform_scale__hover=&#8220;116%|116%&#8220;][\/et_pb_image][\/et_pb_column][\/et_pb_row][\/et_pb_section]<\/p>\n","protected":false},"excerpt":{"rendered":"<p>Hier ist eine effektive L\u00f6sung f\u00fcr Erektionsprobleme!#1 Tragen Sie das Produkt #2 Das Ergebnis: Sofortige Erektion! -Geringe Gr\u00f6\u00dfe -Sofortiges Ergebnis, bereits nach dem ersten Einsatz! -Ein einfaches und benutzerfreundliches produkt.Harte Erektion! Ohne Verz\u00f6gerung!Hier ist eine effektive L\u00f6sung f\u00fcr Erektionsprobleme! #1 Tragen Sie das Produkt #2 Das Ergebnis: Sofortige Erektion! -Geringe Gr\u00f6\u00dfe -Sofortiges Ergebnis, bereits nach [&hellip;]<\/p>\n","protected":false},"author":1,"featured_media":0,"parent":0,"menu_order":0,"comment_status":"closed","ping_status":"closed","template":"","meta":{"_et_pb_use_builder":"on","_et_pb_old_content":"","_et_gb_content_width":""},"_links":{"self":[{"href":"https:\/\/penispowerspray.com\/de\/wp-json\/wp\/v2\/pages\/1063"}],"collection":[{"href":"https:\/\/penispowerspray.com\/de\/wp-json\/wp\/v2\/pages"}],"about":[{"href":"https:\/\/penispowerspray.com\/de\/wp-json\/wp\/v2\/types\/page"}],"author":[{"embeddable":true,"href":"https:\/\/penispowerspray.com\/de\/wp-json\/wp\/v2\/users\/1"}],"replies":[{"embeddable":true,"href":"https:\/\/penispowerspray.com\/de\/wp-json\/wp\/v2\/comments?post=1063"}],"version-history":[{"count":30,"href":"https:\/\/penispowerspray.com\/de\/wp-json\/wp\/v2\/pages\/1063\/revisions"}],"predecessor-version":[{"id":20767,"href":"https:\/\/penispowerspray.com\/de\/wp-json\/wp\/v2\/pages\/1063\/revisions\/20767"}],"wp:attachment":[{"href":"https:\/\/penispowerspray.com\/de\/wp-json\/wp\/v2\/media?parent=1063"}],"curies":[{"name":"wp","href":"https:\/\/api.w.org\/{rel}","templated":true}]}}