{"id":1059,"date":"2019-04-25T12:24:59","date_gmt":"2019-04-25T12:24:59","guid":{"rendered":"http:\/\/penispowerspray.com\/?page_id=1059"},"modified":"2023-05-30T12:18:32","modified_gmt":"2023-05-30T12:18:32","slug":"potenz-blog","status":"publish","type":"page","link":"https:\/\/penispowerspray.com\/de\/potenz-blog\/","title":{"rendered":"Potenz &#8211; Blog"},"content":{"rendered":"<p>[et_pb_section fb_built=&#8220;1&#8243; disabled_on=&#8220;on|on|off&#8220; _builder_version=&#8220;4.16&#8243; background_image=&#8220;https:\/\/penispowerspray.com\/wp-content\/uploads\/2019\/06\/erektion-man.jpg&#8220; custom_padding=&#8220;0px|0px|0px|0px|true|true&#8220; saved_tabs=&#8220;all&#8220; locked=&#8220;off&#8220; global_colors_info=&#8220;{}&#8220;][et_pb_row disabled_on=&#8220;on|off|off&#8220; _builder_version=&#8220;4.16&#8243; module_alignment=&#8220;center&#8220; custom_padding=&#8220;35px|0px|35px|0px|true|false&#8220; global_colors_info=&#8220;{}&#8220; background__hover_enabled=&#8220;on&#8220; column_structure=&#8220;1_4,1_4,1_4,1_4&#8243;][et_pb_column type=&#8220;1_4&#8243; _builder_version=&#8220;4.16&#8243; custom_padding=&#8220;|||&#8220; global_colors_info=&#8220;{}&#8220; custom_padding__hover=&#8220;|||&#8220;][et_pb_image src=&#8220;https:\/\/penispowerspray.com\/wp-content\/uploads\/2019\/04\/Moneyback.png&#8220; align_tablet=&#8220;center&#8220; align_last_edited=&#8220;on|desktop&#8220; _builder_version=&#8220;4.16&#8243; max_width=&#8220;73%&#8220; custom_margin=&#8220;-44px|||-60px&#8220; global_colors_info=&#8220;{}&#8220; align_phone=&#8220;center&#8220;][\/et_pb_image][\/et_pb_column][et_pb_column type=&#8220;1_4&#8243; _builder_version=&#8220;4.16&#8243; custom_padding=&#8220;|||&#8220; global_colors_info=&#8220;{}&#8220; custom_padding__hover=&#8220;|||&#8220;][et_pb_text disabled_on=&#8220;off|off|off&#8220; _builder_version=&#8220;4.16&#8243; text_font=&#8220;||||||||&#8220; text_font_size=&#8220;16px&#8220; link_font=&#8220;||||||||&#8220; header_font=&#8220;Verdana|700|||||||&#8220; header_text_align=&#8220;left&#8220; header_text_color=&#8220;#f7f600&#8243; header_2_font=&#8220;|700|||||||&#8220; header_2_text_color=&#8220;#f7f600&#8243; header_2_font_size=&#8220;21px&#8220; z_index=&#8220;0&#8243; custom_margin=&#8220;|0px|0px|0px||true&#8220; custom_padding=&#8220;0px||0px||true&#8220; header_text_shadow_style=&#8220;preset2&#8243; header_text_shadow_horizontal_length=&#8220;0em&#8220; header_text_shadow_vertical_length=&#8220;0.1em&#8220; header_2_text_shadow_style=&#8220;preset3&#8243; header_2_text_shadow_color=&#8220;#000000&#8243; inline_fonts=&#8220;Arial&#8220; global_colors_info=&#8220;{}&#8220; header_text_color__hover_enabled=&#8220;on&#8220; header_text_color__hover=&#8220;#f7f600&#8243;]<\/p>\n<h1>Hier ist eine effektive L\u00f6sung f\u00fcr<br \/> <span style=\"font-size: 20px;\">Erektionsprobleme!<\/span><\/h1>\n<p>[\/et_pb_text][et_pb_text _builder_version=&#8220;4.16&#8243; text_font=&#8220;Gabriela||||||||&#8220; text_text_color=&#8220;#ffffff&#8220; text_font_size=&#8220;25px&#8220; header_font=&#8220;||||||||&#8220; header_2_font=&#8220;|700|||||||&#8220; header_2_text_color=&#8220;#edf000&#8243; header_2_font_size=&#8220;32px&#8220; background_layout=&#8220;dark&#8220; custom_margin=&#8220;80px||&#8220; text_text_shadow_style=&#8220;preset5&#8243; text_text_shadow_color=&#8220;#282828&#8243; border_radii=&#8220;on|1px|1px|1px|1px&#8220; global_colors_info=&#8220;{}&#8220;]<\/p>\n<p>#1 Tragen Sie das Produkt<\/p>\n<p>#2 Das Ergebnis:<\/p>\n<h2>Sofortige Erektion!<\/h2>\n<p>[\/et_pb_text][\/et_pb_column][et_pb_column type=&#8220;1_4&#8243; _builder_version=&#8220;4.16&#8243; custom_padding=&#8220;|||&#8220; global_colors_info=&#8220;{}&#8220; custom_padding__hover=&#8220;|||&#8220;][et_pb_image src=&#8220;https:\/\/penispowerspray.com\/wp-content\/uploads\/2023\/05\/erektion-spray.webp&#8220; alt=&#8220;erektionspray&#8220; align_tablet=&#8220;center&#8220; align_last_edited=&#8220;on|desktop&#8220; _builder_version=&#8220;4.21.0&#8243; transform_scale=&#8220;146%|146%&#8220; module_alignment=&#8220;center&#8220; custom_margin=&#8220;100px||&#8220; hover_enabled=&#8220;0&#8243; global_colors_info=&#8220;{}&#8220; title_text=&#8220;erektionspray&#8220; sticky_enabled=&#8220;0&#8243; align_phone=&#8220;center&#8220;][\/et_pb_image][\/et_pb_column][et_pb_column type=&#8220;1_4&#8243; _builder_version=&#8220;4.16&#8243; custom_padding=&#8220;|||&#8220; global_colors_info=&#8220;{}&#8220; custom_padding__hover=&#8220;|||&#8220;][et_pb_image src=&#8220;https:\/\/penispowerspray.com\/wp-content\/uploads\/2019\/04\/jetztbestellen-with-CC-and-Paypal_.png&#8220; url=&#8220;https:\/\/penispowerspray.com\/de\/jetzt-bestellen\/&#8220; align_tablet=&#8220;center&#8220; align_last_edited=&#8220;on|desktop&#8220; _builder_version=&#8220;4.16&#8243; global_colors_info=&#8220;{}&#8220; transform_styles__hover_enabled=&#8220;on&#8220; transform_scale__hover_enabled=&#8220;on&#8220; transform_translate__hover_enabled=&#8220;on&#8220; transform_rotate__hover_enabled=&#8220;on&#8220; transform_skew__hover_enabled=&#8220;on&#8220; transform_origin__hover_enabled=&#8220;on&#8220; transform_scale__hover=&#8220;116%|116%&#8220; align_phone=&#8220;center&#8220;][\/et_pb_image][et_pb_text _builder_version=&#8220;4.16&#8243; text_font=&#8220;||||||||&#8220; text_text_color=&#8220;#ffffff&#8220; text_font_size=&#8220;16px&#8220; global_colors_info=&#8220;{}&#8220;]<\/p>\n<p><span><b>-Geringe Gr\u00f6\u00dfe<\/b><\/span><\/p>\n<p><span><b>-Sofortiges Ergebnis, bereits nach dem ersten Einsatz!<\/b><\/span><\/p>\n<p><span><b>-Ein einfaches und benutzerfreundliches produkt.<\/b><\/span><\/p>\n<p>[\/et_pb_text][\/et_pb_column][\/et_pb_row][\/et_pb_section][et_pb_section fb_built=&#8220;1&#8243; disabled_on=&#8220;on|on|off&#8220; _builder_version=&#8220;4.16&#8243; background_color=&#8220;#D9CAB0&#8243; custom_padding=&#8220;1px|0px|0|0px|false|false&#8220; locked=&#8220;off&#8220; global_colors_info=&#8220;{}&#8220;][et_pb_row _builder_version=&#8220;4.16&#8243; custom_padding=&#8220;0|0|0|0px|false|false&#8220; global_colors_info=&#8220;{}&#8220; column_structure=&#8220;1_4,1_2,1_4&#8243;][et_pb_column type=&#8220;1_4&#8243; _builder_version=&#8220;4.16&#8243; custom_padding=&#8220;|||&#8220; global_colors_info=&#8220;{}&#8220; custom_padding__hover=&#8220;|||&#8220;][et_pb_image src=&#8220;https:\/\/penispowerspray.com\/wp-content\/uploads\/2023\/05\/penis-erektion-spray.webp&#8220; alt=&#8220;penis erekion spray&#8220; align_tablet=&#8220;center&#8220; align_last_edited=&#8220;on|desktop&#8220; disabled_on=&#8220;on|on|off&#8220; _builder_version=&#8220;4.21.0&#8243; max_width_tablet=&#8220;&#8220; max_width_phone=&#8220;100%&#8220; max_width_last_edited=&#8220;on|phone&#8220; custom_margin=&#8220;-318px|||-60px&#8220; hover_enabled=&#8220;0&#8243; global_colors_info=&#8220;{}&#8220; title_text=&#8220;penis erektion spray for man&#8220; sticky_enabled=&#8220;0&#8243; align_phone=&#8220;center&#8220;][\/et_pb_image][\/et_pb_column][et_pb_column type=&#8220;1_2&#8243; _builder_version=&#8220;4.16&#8243; custom_padding=&#8220;|||&#8220; global_colors_info=&#8220;{}&#8220; custom_padding__hover=&#8220;|||&#8220;][et_pb_text _builder_version=&#8220;4.16&#8243; text_font=&#8220;|600|||||||&#8220; text_text_color=&#8220;#0c71c3&#8243; text_font_size=&#8220;28px&#8220; header_font=&#8220;||||||||&#8220; text_orientation=&#8220;center&#8220; custom_margin=&#8220;8px|0px|8px|0px|true|true&#8220; custom_padding=&#8220;1px|8px|1px|0px|true|false&#8220; text_text_shadow_style=&#8220;preset4&#8243; global_colors_info=&#8220;{}&#8220;]<\/p>\n<p>Extra Erektion! Ohne Verz\u00f6gerung!<\/p>\n<p>[\/et_pb_text][\/et_pb_column][et_pb_column type=&#8220;1_4&#8243; _builder_version=&#8220;4.16&#8243; custom_padding=&#8220;|||&#8220; global_colors_info=&#8220;{}&#8220; custom_padding__hover=&#8220;|||&#8220;][\/et_pb_column][\/et_pb_row][\/et_pb_section][et_pb_section fb_built=&#8220;1&#8243; disabled_on=&#8220;off|off|on&#8220; _builder_version=&#8220;4.16&#8243; background_image=&#8220;https:\/\/penispowerspray.com\/wp-content\/uploads\/2019\/05\/harter-Sex-orgie.jpg&#8220; custom_margin=&#8220;-2px||-2px||true&#8220; custom_padding=&#8220;0px|0|0px||true|false&#8220; locked=&#8220;off&#8220; global_colors_info=&#8220;{}&#8220;][et_pb_row disabled_on=&#8220;off|on|on&#8220; _builder_version=&#8220;4.16&#8243; width=&#8220;100%&#8220; max_width=&#8220;100%&#8220; custom_padding=&#8220;30px||0|0|false|false&#8220; use_custom_width=&#8220;on&#8220; width_unit=&#8220;off&#8220; custom_width_percent=&#8220;100%&#8220; global_colors_info=&#8220;{}&#8220; column_structure=&#8220;1_4,1_4,1_4,1_4&#8243;][et_pb_column type=&#8220;1_4&#8243; _builder_version=&#8220;4.16&#8243; custom_padding=&#8220;|||&#8220; global_colors_info=&#8220;{}&#8220; custom_padding__hover=&#8220;|||&#8220;][et_pb_text _builder_version=&#8220;4.16&#8243; header_font=&#8220;|700|||||||&#8220; header_text_align=&#8220;center&#8220; header_text_color=&#8220;#efdf00&#8243; custom_margin=&#8220;-14px||-14px||true&#8220; inline_fonts=&#8220;Arial&#8220; global_colors_info=&#8220;{}&#8220; header_text_color__hover_enabled=&#8220;on&#8220; header_text_color__hover=&#8220;#efdf00&#8243;]<\/p>\n<h1>Hier ist eine effektive L\u00f6sung f\u00fcr Erektionsprobleme!<\/h1>\n<p>[\/et_pb_text][\/et_pb_column][et_pb_column type=&#8220;1_4&#8243; _builder_version=&#8220;4.16&#8243; custom_padding=&#8220;|||&#8220; global_colors_info=&#8220;{}&#8220; custom_padding__hover=&#8220;|||&#8220;][et_pb_text _builder_version=&#8220;4.16&#8243; text_font=&#8220;Gabriela||||||||&#8220; text_text_color=&#8220;#ffffff&#8220; text_font_size=&#8220;25px&#8220; header_font=&#8220;||||||||&#8220; header_2_font=&#8220;|700|||||||&#8220; header_2_text_color=&#8220;#edf000&#8243; header_2_font_size=&#8220;32px&#8220; text_orientation=&#8220;center&#8220; background_layout=&#8220;dark&#8220; text_text_shadow_style=&#8220;preset5&#8243; text_text_shadow_color=&#8220;#282828&#8243; border_radii=&#8220;on|1px|1px|1px|1px&#8220; global_colors_info=&#8220;{}&#8220;]<\/p>\n<p>#1 Tragen Sie das Produkt<\/p>\n<p>#2 Das Ergebnis:<\/p>\n<h2>Sofortige  Erektion!<\/h2>\n<p>[\/et_pb_text][et_pb_image src=&#8220;https:\/\/penispowerspray.com\/wp-content\/uploads\/2023\/05\/erektion-spray.webp&#8220; show_bottom_space=&#8220;off&#8220; align=&#8220;center&#8220; _builder_version=&#8220;4.21.0&#8243; transform_translate=&#8220;101px|-19px&#8220; max_width=&#8220;57%&#8220; module_alignment=&#8220;center&#8220; hover_enabled=&#8220;0&#8243; always_center_on_mobile=&#8220;off&#8220; global_colors_info=&#8220;{}&#8220; alt=&#8220;erektionspray&#8220; title_text=&#8220;erektionspray&#8220; sticky_enabled=&#8220;0&#8243;][\/et_pb_image][et_pb_text _builder_version=&#8220;4.16&#8243; text_font=&#8220;||||||||&#8220; text_text_color=&#8220;#ffffff&#8220; text_font_size=&#8220;16px&#8220; text_orientation=&#8220;center&#8220; global_colors_info=&#8220;{}&#8220;]<\/p>\n<p><span><b>-Geringe Gr\u00f6\u00dfe<\/b><\/span><\/p>\n<p><span><b>-Sofortiges Ergebnis, bereits nach dem ersten Einsatz!<\/b><\/span><\/p>\n<p><span><b>-Ein einfaches und benutzerfreundliches produkt.<\/b><\/span><\/p>\n<p>[\/et_pb_text][\/et_pb_column][et_pb_column type=&#8220;1_4&#8243; _builder_version=&#8220;4.16&#8243; custom_padding=&#8220;|||&#8220; global_colors_info=&#8220;{}&#8220; custom_padding__hover=&#8220;|||&#8220;][et_pb_image src=&#8220;https:\/\/penispowerspray.com\/wp-content\/uploads\/2019\/04\/jetztbestellen-with-CC-and-Paypal_.png&#8220; url=&#8220;https:\/\/penispowerspray.com\/de\/jetzt-bestellen\/&#8220; align_tablet=&#8220;center&#8220; align_last_edited=&#8220;on|desktop&#8220; _builder_version=&#8220;4.16&#8243; max_width=&#8220;54%&#8220; global_colors_info=&#8220;{}&#8220; align_phone=&#8220;center&#8220;][\/et_pb_image][\/et_pb_column][et_pb_column type=&#8220;1_4&#8243; _builder_version=&#8220;4.16&#8243; custom_padding=&#8220;|||&#8220; global_colors_info=&#8220;{}&#8220; custom_padding__hover=&#8220;|||&#8220;][\/et_pb_column][\/et_pb_row][\/et_pb_section][et_pb_section fb_built=&#8220;1&#8243; disabled_on=&#8220;off|off|on&#8220; _builder_version=&#8220;4.16&#8243; background_color=&#8220;#D9CAB0&#8243; custom_padding=&#8220;1px|0px|0|0px|false|false&#8220; locked=&#8220;off&#8220; global_colors_info=&#8220;{}&#8220;][et_pb_row _builder_version=&#8220;4.16&#8243; custom_padding=&#8220;0|0|0|0px|false|false&#8220; global_colors_info=&#8220;{}&#8220; column_structure=&#8220;1_4,1_2,1_4&#8243;][et_pb_column type=&#8220;1_4&#8243; _builder_version=&#8220;4.16&#8243; custom_padding=&#8220;|||&#8220; global_colors_info=&#8220;{}&#8220; custom_padding__hover=&#8220;|||&#8220;][\/et_pb_column][et_pb_column type=&#8220;1_2&#8243; _builder_version=&#8220;4.16&#8243; custom_padding=&#8220;|||&#8220; global_colors_info=&#8220;{}&#8220; custom_padding__hover=&#8220;|||&#8220;][et_pb_text _builder_version=&#8220;4.16&#8243; text_font=&#8220;|600|||||||&#8220; text_text_color=&#8220;#0c71c3&#8243; text_font_size=&#8220;28px&#8220; header_font=&#8220;||||||||&#8220; text_orientation=&#8220;center&#8220; custom_margin=&#8220;8px|0px|8px|0px|true|true&#8220; custom_padding=&#8220;1px|8px|1px|0px|true|false&#8220; text_text_shadow_style=&#8220;preset4&#8243; global_colors_info=&#8220;{}&#8220;]<\/p>\n<p>Extra Erektion! Ohne Verz\u00f6gerung!<\/p>\n<p>[\/et_pb_text][\/et_pb_column][et_pb_column type=&#8220;1_4&#8243; _builder_version=&#8220;4.16&#8243; custom_padding=&#8220;|||&#8220; global_colors_info=&#8220;{}&#8220; custom_padding__hover=&#8220;|||&#8220;][\/et_pb_column][\/et_pb_row][\/et_pb_section][et_pb_section fb_built=&#8220;1&#8243; _builder_version=&#8220;4.16&#8243; global_colors_info=&#8220;{}&#8220;][et_pb_row _builder_version=&#8220;4.16&#8243; global_colors_info=&#8220;{}&#8220; column_structure=&#8220;3_4,1_4&#8243;][et_pb_column type=&#8220;3_4&#8243; _builder_version=&#8220;4.16&#8243; custom_padding=&#8220;|||&#8220; global_colors_info=&#8220;{}&#8220; custom_padding__hover=&#8220;|||&#8220;][et_pb_blog fullwidth=&#8220;off&#8220; _builder_version=&#8220;4.16&#8243; global_colors_info=&#8220;{}&#8220;][\/et_pb_blog][\/et_pb_column][et_pb_column type=&#8220;1_4&#8243; _builder_version=&#8220;4.16&#8243; custom_padding=&#8220;|||&#8220; global_colors_info=&#8220;{}&#8220; custom_padding__hover=&#8220;|||&#8220;][et_pb_sidebar _builder_version=&#8220;4.16&#8243; link_option_url=&#8220;https:\/\/penispowerspray.com\/de\/jetzt-bestellen\/&#8220; global_colors_info=&#8220;{}&#8220;][\/et_pb_sidebar][\/et_pb_column][\/et_pb_row][\/et_pb_section]<\/p>\n","protected":false},"excerpt":{"rendered":"<p>Hier ist eine effektive L\u00f6sung f\u00fcr Erektionsprobleme! #1 Tragen Sie das Produkt #2 Das Ergebnis: Sofortige Erektion! -Geringe Gr\u00f6\u00dfe -Sofortiges Ergebnis, bereits nach dem ersten Einsatz! -Ein einfaches und benutzerfreundliches produkt. Extra Erektion! Ohne Verz\u00f6gerung! Hier ist eine effektive L\u00f6sung f\u00fcr Erektionsprobleme! #1 Tragen Sie das Produkt #2 Das Ergebnis: Sofortige Erektion! -Geringe Gr\u00f6\u00dfe -Sofortiges [&hellip;]<\/p>\n","protected":false},"author":1,"featured_media":0,"parent":0,"menu_order":0,"comment_status":"closed","ping_status":"closed","template":"","meta":{"_et_pb_use_builder":"on","_et_pb_old_content":"","_et_gb_content_width":""},"_links":{"self":[{"href":"https:\/\/penispowerspray.com\/de\/wp-json\/wp\/v2\/pages\/1059"}],"collection":[{"href":"https:\/\/penispowerspray.com\/de\/wp-json\/wp\/v2\/pages"}],"about":[{"href":"https:\/\/penispowerspray.com\/de\/wp-json\/wp\/v2\/types\/page"}],"author":[{"embeddable":true,"href":"https:\/\/penispowerspray.com\/de\/wp-json\/wp\/v2\/users\/1"}],"replies":[{"embeddable":true,"href":"https:\/\/penispowerspray.com\/de\/wp-json\/wp\/v2\/comments?post=1059"}],"version-history":[{"count":9,"href":"https:\/\/penispowerspray.com\/de\/wp-json\/wp\/v2\/pages\/1059\/revisions"}],"predecessor-version":[{"id":20857,"href":"https:\/\/penispowerspray.com\/de\/wp-json\/wp\/v2\/pages\/1059\/revisions\/20857"}],"wp:attachment":[{"href":"https:\/\/penispowerspray.com\/de\/wp-json\/wp\/v2\/media?parent=1059"}],"curies":[{"name":"wp","href":"https:\/\/api.w.org\/{rel}","templated":true}]}}